{"id":11793,"date":"2025-04-09T06:47:30","date_gmt":"2025-04-09T06:47:30","guid":{"rendered":"https:\/\/toprisesafety.com\/?post_type=product&#038;p=11793"},"modified":"2025-04-10T07:30:43","modified_gmt":"2025-04-10T07:30:43","slug":"mens-work-belt","status":"publish","type":"product","link":"https:\/\/toprisesafety.com\/pt\/produto\/mens-work-belt\/","title":{"rendered":"Cinto de trabalho masculino"},"content":{"rendered":"<h2>Cinto de trabalho masculino<\/h2>\n<table>\n<tbody>\n<tr>\n<td width=\"284\">ART NO.<\/td>\n<td width=\"284\">BS08<\/td>\n<\/tr>\n<tr>\n<td width=\"284\">Material<\/td>\n<td width=\"284\">poli\u00e9ster, fio de l\u00e1tex, gancho e argola<\/td>\n<\/tr>\n<tr>\n<td width=\"284\">Cor<\/td>\n<td width=\"284\">Preto ou personalizado<\/td>\n<\/tr>\n<tr>\n<td width=\"284\">Tamanho<\/td>\n<td width=\"284\">S:28-32\";M:32-38\";L:38-46\";XL:46-56\"; XXL:56-62\";XXXL:62-68\" ou personalizado.<\/td>\n<\/tr>\n<tr>\n<td width=\"284\">Logotipo do cliente<\/td>\n<td width=\"284\">Dispon\u00edvel<\/td>\n<\/tr>\n<tr>\n<td width=\"284\">Embalagem<\/td>\n<td width=\"284\">Caixa colorida, embalagem blister, cart\u00e3o de identifica\u00e7\u00e3o etc.<\/td>\n<\/tr>\n<\/tbody>\n<\/table>\n<ul>\n<li>Suporte \u00e0 personaliza\u00e7\u00e3o do LOGOTIPO e da embalagem para atender \u00e0s necessidades de personaliza\u00e7\u00e3o da marca e aumentar o reconhecimento do mercado.<\/li>\n<li>Suporte lombar aprimorado: Fornece suporte est\u00e1vel para a cintura e reduz o estresse causado por longas horas de trabalho.<\/li>\n<li>Design respir\u00e1vel: O uso de tecido de malha respir\u00e1vel mant\u00e9m voc\u00ea seco e \u00e9 adequado para uso durante todo o dia.<\/li>\n<li>Ajuste confort\u00e1vel: O design ajust\u00e1vel garante um ajuste justo entre a cintura e o c\u00f3s para um conforto ideal.<\/li>\n<\/ul>","protected":false},"excerpt":{"rendered":"<p>Art No.: BS08<\/p>\n<p>Material: poli\u00e9ster, fio de l\u00e1tex, gancho e argola<\/p>\n<p>Cor: &amp;nbspPreto ou personalizado<\/p>\n<p>Tira de suporte: Barra de PP ou barra de a\u00e7o ou barra de mola para escolha<\/p>\n<p>Tamanhos: S-XXXL ou personalizado<\/p>\n<p>MOQ: 1008PCS<\/p>","protected":false},"featured_media":11797,"template":"","meta":{"_acf_changed":false},"product_brand":[],"product_cat":[328,320],"product_tag":[],"class_list":{"0":"post-11793","1":"product","2":"type-product","3":"status-publish","4":"has-post-thumbnail","6":"product_cat-back-support-belt","7":"product_cat-personal-protective-equipment","9":"first","10":"instock","11":"shipping-taxable","12":"product-type-simple"},"acf":[],"_links":{"self":[{"href":"https:\/\/toprisesafety.com\/pt\/wp-json\/wp\/v2\/product\/11793","targetHints":{"allow":["GET"]}}],"collection":[{"href":"https:\/\/toprisesafety.com\/pt\/wp-json\/wp\/v2\/product"}],"about":[{"href":"https:\/\/toprisesafety.com\/pt\/wp-json\/wp\/v2\/types\/product"}],"wp:featuredmedia":[{"embeddable":true,"href":"https:\/\/toprisesafety.com\/pt\/wp-json\/wp\/v2\/media\/11797"}],"wp:attachment":[{"href":"https:\/\/toprisesafety.com\/pt\/wp-json\/wp\/v2\/media?parent=11793"}],"wp:term":[{"taxonomy":"product_brand","embeddable":true,"href":"https:\/\/toprisesafety.com\/pt\/wp-json\/wp\/v2\/product_brand?post=11793"},{"taxonomy":"product_cat","embeddable":true,"href":"https:\/\/toprisesafety.com\/pt\/wp-json\/wp\/v2\/product_cat?post=11793"},{"taxonomy":"product_tag","embeddable":true,"href":"https:\/\/toprisesafety.com\/pt\/wp-json\/wp\/v2\/product_tag?post=11793"}],"curies":[{"name":"wp","href":"https:\/\/api.w.org\/{rel}","templated":true}]}}