{"id":11783,"date":"2025-04-09T06:31:39","date_gmt":"2025-04-09T06:31:39","guid":{"rendered":"https:\/\/toprisesafety.com\/?post_type=product&#038;p=11783"},"modified":"2025-04-14T06:33:33","modified_gmt":"2025-04-14T06:33:33","slug":"reflective-waist-support-belt","status":"publish","type":"product","link":"https:\/\/toprisesafety.com\/pt\/produto\/reflective-waist-support-belt\/","title":{"rendered":"Cinto refletivo de apoio para a cintura"},"content":{"rendered":"<h2>Cinto refletivo de apoio para a cintura<\/h2>\n<table style=\"height: 447px;\" width=\"655\">\n<tbody>\n<tr>\n<td width=\"284\">ART NO.<\/td>\n<td width=\"284\">BS10<\/td>\n<\/tr>\n<tr>\n<td width=\"284\">Material<\/td>\n<td width=\"284\">poli\u00e9ster, fio de l\u00e1tex, gancho e argola<\/td>\n<\/tr>\n<tr>\n<td width=\"284\">Cor<\/td>\n<td width=\"284\">Preto ou personalizado<\/td>\n<\/tr>\n<tr>\n<td width=\"284\">Recurso<\/td>\n<td width=\"284\">Adicione um cinto refletivo na parte traseira<\/td>\n<\/tr>\n<tr>\n<td width=\"284\">Tamanho<\/td>\n<td width=\"284\">S:28-32\";M:32-38\";L:38-46\";XL:46-56\"; XXL:56-62\";XXXL:62-68\" ou personalizado.<\/td>\n<\/tr>\n<tr>\n<td width=\"284\">Logotipo do cliente<\/td>\n<td width=\"284\">Dispon\u00edvel<\/td>\n<\/tr>\n<tr>\n<td width=\"284\">Embalagem<\/td>\n<td width=\"284\">Caixa colorida, embalagem blister, cart\u00e3o de identifica\u00e7\u00e3o etc.<\/td>\n<\/tr>\n<\/tbody>\n<\/table>\n<ul>\n<li>Seguran\u00e7a aprimorada: As faixas refletivas s\u00e3o projetadas para melhorar a visibilidade \u00e0 noite ou em ambientes com pouca luz, garantindo a seguran\u00e7a do usu\u00e1rio.<\/li>\n<li>Suporte confort\u00e1vel: Ergonomicamente projetado para proporcionar estabilidade lombar e reduzir o estresse de longas horas de trabalho.<\/li>\n<li>Design ajust\u00e1vel: A largura e o aperto do cinto podem ser ajustados para se adequar a diferentes tipos de corpo e proporcionar uma experi\u00eancia personalizada.<\/li>\n<li>\u00c1reas de aplica\u00e7\u00e3o: adequado para f\u00e1bricas, constru\u00e7\u00e3o e outros campos para atender \u00e0s diferentes necessidades dos clientes.<\/li>\n<li>Suporte \u00e0 customiza\u00e7\u00e3o personalizada: Voc\u00ea pode adicionar um LOGOTIPO especificado pelo cliente para aumentar a exposi\u00e7\u00e3o da marca.<\/li>\n<li>Dur\u00e1vel e f\u00e1cil de limpar: material dur\u00e1vel, f\u00e1cil de limpar e manter, adequado para uso prolongado.<\/li>\n<li>Op\u00e7\u00f5es de embalagens profissionais: Suporte a embalagens personalizadas para aumentar o reconhecimento da marca.<\/li>\n<\/ul>\n<p>O TOPRISE oferece suporte a v\u00e1rios estilos de personaliza\u00e7\u00e3o do cinto de suporte para as costas no trabalho; clique para <a href=\"https:\/\/toprisesafety.com\/pt\/categoria-produto\/personal-protective-equipment\/back-support-belt\/\">veja mais estilos de cintos de apoio para as costas.<\/a><\/p>\n<p>Se voc\u00ea n\u00e3o encontrar o cinto de suporte para as costas necess\u00e1rio para o trabalho, <a href=\"https:\/\/toprisesafety.com\/pt\/contact-us\/\">Entre em contato conosco<\/a>Oferecemos suporte \u00e0 personaliza\u00e7\u00e3o especial.<\/p>","protected":false},"excerpt":{"rendered":"<p>N\u00ba do art.: BS10<\/p>\n<p>Material: poli\u00e9ster, fio de l\u00e1tex, gancho e argola<\/p>\n<p>Recurso: adicionar fita refletiva<\/p>\n<p>Cor: &amp;nbspPreto ou personalizado<\/p>\n<p>Tira de suporte: Barra de PP ou barra de a\u00e7o ou barra de mola para escolha<\/p>\n<p>Tamanhos: S-XXXL ou personalizado<\/p>\n<p>MOQ: 1008PCS<\/p>","protected":false},"featured_media":11785,"template":"","meta":{"_acf_changed":false},"product_brand":[],"product_cat":[328,320],"product_tag":[],"class_list":{"0":"post-11783","1":"product","2":"type-product","3":"status-publish","4":"has-post-thumbnail","6":"product_cat-back-support-belt","7":"product_cat-personal-protective-equipment","9":"first","10":"instock","11":"shipping-taxable","12":"product-type-simple"},"acf":[],"_links":{"self":[{"href":"https:\/\/toprisesafety.com\/pt\/wp-json\/wp\/v2\/product\/11783"}],"collection":[{"href":"https:\/\/toprisesafety.com\/pt\/wp-json\/wp\/v2\/product"}],"about":[{"href":"https:\/\/toprisesafety.com\/pt\/wp-json\/wp\/v2\/types\/product"}],"wp:featuredmedia":[{"embeddable":true,"href":"https:\/\/toprisesafety.com\/pt\/wp-json\/wp\/v2\/media\/11785"}],"wp:attachment":[{"href":"https:\/\/toprisesafety.com\/pt\/wp-json\/wp\/v2\/media?parent=11783"}],"wp:term":[{"taxonomy":"product_brand","embeddable":true,"href":"https:\/\/toprisesafety.com\/pt\/wp-json\/wp\/v2\/product_brand?post=11783"},{"taxonomy":"product_cat","embeddable":true,"href":"https:\/\/toprisesafety.com\/pt\/wp-json\/wp\/v2\/product_cat?post=11783"},{"taxonomy":"product_tag","embeddable":true,"href":"https:\/\/toprisesafety.com\/pt\/wp-json\/wp\/v2\/product_tag?post=11783"}],"curies":[{"name":"wp","href":"https:\/\/api.w.org\/{rel}","templated":true}]}}