{"id":11771,"date":"2025-04-09T06:17:52","date_gmt":"2025-04-09T06:17:52","guid":{"rendered":"https:\/\/toprisesafety.com\/?post_type=product&#038;p=11771"},"modified":"2025-04-14T06:34:18","modified_gmt":"2025-04-14T06:34:18","slug":"reflective-belts-for-back-support","status":"publish","type":"product","link":"https:\/\/toprisesafety.com\/pt\/produto\/reflective-belts-for-back-support\/","title":{"rendered":"Cintos refletivos para apoio das costas"},"content":{"rendered":"<h2>Cintos refletivos para apoio das costas<\/h2>\n<table>\n<tbody>\n<tr>\n<td width=\"284\">ART NO.<\/td>\n<td width=\"284\">BS07<\/td>\n<\/tr>\n<tr>\n<td width=\"284\">Material<\/td>\n<td width=\"284\">poli\u00e9ster, fio de l\u00e1tex, gancho e argola<\/td>\n<\/tr>\n<tr>\n<td width=\"284\">Cor<\/td>\n<td width=\"284\">Preto ou personalizado<\/td>\n<\/tr>\n<tr>\n<td width=\"284\">Recurso<\/td>\n<td width=\"284\">Adicione um cinto refletivo na parte traseira<\/td>\n<\/tr>\n<tr>\n<td width=\"284\">Tamanho<\/td>\n<td width=\"284\">S:28-32\";M:32-38\";L:38-46\";XL:46-56\"; XXL:56-62\";XXXL:62-68\" ou personalizado.<\/td>\n<\/tr>\n<tr>\n<td width=\"284\">Logotipo do cliente<\/td>\n<td width=\"284\">Dispon\u00edvel<\/td>\n<\/tr>\n<tr>\n<td width=\"284\">Embalagem<\/td>\n<td width=\"284\">Caixa colorida, embalagem blister, cart\u00e3o de identifica\u00e7\u00e3o etc.<\/td>\n<\/tr>\n<\/tbody>\n<\/table>\n<ul>\n<li>Design com faixa refletiva traseira: Maior visibilidade e seguran\u00e7a em ambientes com pouca luz.<\/li>\n<li>Suporte \u00e0 personaliza\u00e7\u00e3o do LOGOTIPO e da embalagem: Personalize a marca de acordo com as necessidades do cliente para aumentar o reconhecimento do mercado.<\/li>\n<li>Melhora o suporte lombar: reduz efetivamente a press\u00e3o lombar e previne e alivia a dor lombar.<\/li>\n<li>Design ajust\u00e1vel e confort\u00e1vel: O cinto \u00e9 ajust\u00e1vel para garantir um encaixe perfeito para um conforto ideal.<\/li>\n<li>Ampla gama de aplica\u00e7\u00f5es: adequado para trabalhadores, pessoal de log\u00edstica e outras ocupa\u00e7\u00f5es para garantir conforto e seguran\u00e7a no uso a longo prazo.<\/li>\n<\/ul>\n<p>O TOPRISE oferece suporte a v\u00e1rios estilos de personaliza\u00e7\u00e3o do cinto de suporte para as costas no trabalho; clique para <a href=\"https:\/\/toprisesafety.com\/pt\/categoria-produto\/personal-protective-equipment\/back-support-belt\/\">veja mais estilos de cintos de apoio para as costas.<\/a><\/p>\n<p>Se voc\u00ea n\u00e3o encontrar o cinto de suporte para as costas necess\u00e1rio para o trabalho, <a href=\"https:\/\/toprisesafety.com\/pt\/contact-us\/\">Entre em contato conosco<\/a>Oferecemos suporte \u00e0 personaliza\u00e7\u00e3o especial.<\/p>","protected":false},"excerpt":{"rendered":"<p>N\u00ba do art.: BS09<\/p>\n<p>Material: poli\u00e9ster, fio de l\u00e1tex, gancho e argola<\/p>\n<p>Caracter\u00edstica: Adicionar cinto refletivo<\/p>\n<p>Cor: &amp;nbspPreto ou personalizado<\/p>\n<p>Tira de suporte: Barra de PP ou barra de a\u00e7o ou barra de mola para escolha<\/p>\n<p>Tamanhos: S-XXXL ou personalizado<\/p>\n<p>MOQ: 1008PCS<\/p>","protected":false},"featured_media":11774,"template":"","meta":{"_acf_changed":false},"product_brand":[],"product_cat":[328,320],"product_tag":[],"class_list":{"0":"post-11771","1":"product","2":"type-product","3":"status-publish","4":"has-post-thumbnail","6":"product_cat-back-support-belt","7":"product_cat-personal-protective-equipment","9":"first","10":"instock","11":"shipping-taxable","12":"product-type-simple"},"acf":[],"_links":{"self":[{"href":"https:\/\/toprisesafety.com\/pt\/wp-json\/wp\/v2\/product\/11771"}],"collection":[{"href":"https:\/\/toprisesafety.com\/pt\/wp-json\/wp\/v2\/product"}],"about":[{"href":"https:\/\/toprisesafety.com\/pt\/wp-json\/wp\/v2\/types\/product"}],"wp:featuredmedia":[{"embeddable":true,"href":"https:\/\/toprisesafety.com\/pt\/wp-json\/wp\/v2\/media\/11774"}],"wp:attachment":[{"href":"https:\/\/toprisesafety.com\/pt\/wp-json\/wp\/v2\/media?parent=11771"}],"wp:term":[{"taxonomy":"product_brand","embeddable":true,"href":"https:\/\/toprisesafety.com\/pt\/wp-json\/wp\/v2\/product_brand?post=11771"},{"taxonomy":"product_cat","embeddable":true,"href":"https:\/\/toprisesafety.com\/pt\/wp-json\/wp\/v2\/product_cat?post=11771"},{"taxonomy":"product_tag","embeddable":true,"href":"https:\/\/toprisesafety.com\/pt\/wp-json\/wp\/v2\/product_tag?post=11771"}],"curies":[{"name":"wp","href":"https:\/\/api.w.org\/{rel}","templated":true}]}}