{"id":11767,"date":"2025-04-08T02:52:17","date_gmt":"2025-04-08T02:52:17","guid":{"rendered":"https:\/\/toprisesafety.com\/?post_type=product&#038;p=11767"},"modified":"2025-04-14T05:13:58","modified_gmt":"2025-04-14T05:13:58","slug":"pvc-coated-gloves-with-chips","status":"publish","type":"product","link":"https:\/\/toprisesafety.com\/pt\/produto\/pvc-coated-gloves-with-chips\/","title":{"rendered":"LUVAS REVESTIDAS DE PVC COM CHIPS"},"content":{"rendered":"<h2>LUVAS REVESTIDAS DE PVC COM CHIPS<\/h2>\n<table>\n<tbody>\n<tr>\n<td width=\"284\">ART NO.<\/td>\n<td width=\"335\">PVC05<\/td>\n<\/tr>\n<tr>\n<td width=\"284\">Material<\/td>\n<td width=\"335\">Luvas de 27 cm revestidas de PVC com chips.<\/td>\n<\/tr>\n<tr>\n<td width=\"284\">Acabamento<\/td>\n<td width=\"335\">PVC revestido com chips<\/td>\n<\/tr>\n<tr>\n<td width=\"284\">Peso<\/td>\n<td width=\"335\">Mais de 155g\/par<\/td>\n<\/tr>\n<tr>\n<td width=\"284\">Tamanho<\/td>\n<td width=\"335\">27CM ou tamanho personalizado.<\/td>\n<\/tr>\n<tr>\n<td width=\"284\">Padr\u00e3o de qualidade<\/td>\n<td width=\"335\">CE EN388<\/td>\n<\/tr>\n<tr>\n<td width=\"284\">Logotipo<\/td>\n<td width=\"335\">Impress\u00e3o em tela de seda ou por transfer\u00eancia t\u00e9rmica.<\/td>\n<\/tr>\n<tr>\n<td width=\"284\">Cor<\/td>\n<td width=\"335\">Suporte personalizado<\/td>\n<\/tr>\n<tr>\n<td width=\"284\">MOQ<\/td>\n<td width=\"335\">500 DOZ (6000 PARES)<\/td>\n<\/tr>\n<tr>\n<td width=\"284\">Embalagem<\/td>\n<td width=\"335\">12 pares por saco pl\u00e1stico, 120 pares por caixa ou personalizado<\/td>\n<\/tr>\n<tr>\n<td width=\"284\">Aplicativo<\/td>\n<td width=\"335\">Montagem mec\u00e2nica, opera\u00e7\u00f5es externas, silvicultura, minera\u00e7\u00e3o, canteiros de obras, manuseio de armaz\u00e9ns, manuten\u00e7\u00e3o de carga e descarga, etc.<\/td>\n<\/tr>\n<\/tbody>\n<\/table>\n<ul>\n<li>Design de part\u00edculas na superf\u00edcie da palma da m\u00e3o, com forte desempenho antiderrapante;<\/li>\n<li>Revestimento de PVC resistente a \u00f3leo e produtos qu\u00edmicos, adequado para muitos setores;<\/li>\n<li>Forro interlock, mais confort\u00e1vel para absorver o suor e se manter aquecido;<\/li>\n<li>Design de manga longa, grande \u00e1rea de prote\u00e7\u00e3o;<\/li>\n<li>Suporte \u00e0 personaliza\u00e7\u00e3o do LOGOTIPO e da embalagem, destacando a imagem profissional.<\/li>\n<\/ul>\n<p>A TOPRISE oferece suporte a v\u00e1rios estilos de personaliza\u00e7\u00e3o de luvas mergulhadas em PVC; clique para <a href=\"https:\/\/toprisesafety.com\/pt\/categoria-produto\/personal-protective-equipment\/hand-protection\/pvc-gloves\/\">veja mais estilos de luvas revestidas de PVC.<\/a><\/p>\n<p>Se voc\u00ea n\u00e3o encontrar as luvas revestidas de PVC necess\u00e1rias, <a href=\"https:\/\/toprisesafety.com\/pt\/contact-us\/\">Entre em contato conosco<\/a>Oferecemos suporte \u00e0 personaliza\u00e7\u00e3o especial.<\/p>","protected":false},"excerpt":{"rendered":"<p>N\u00ba do art.: PVC05<\/p>\n<p>Material: luvas de 27 cm revestidas de PVC com chips.<\/p>\n<p>Peso: mais de 155g\/par<\/p>\n<p>Tamanho: 27 cm ou tamanho personalizado.<\/p>\n<p>Padr\u00e3o de qualidade: CE EN388<\/p>\n<p>MOQ: 500 DOZ (6000 PARES)<\/p>","protected":false},"featured_media":11768,"template":"","meta":{"_acf_changed":false},"product_brand":[],"product_cat":[350,345],"product_tag":[],"class_list":{"0":"post-11767","1":"product","2":"type-product","3":"status-publish","4":"has-post-thumbnail","6":"product_cat-pvc-gloves","7":"product_cat-hand-protection","9":"first","10":"instock","11":"shipping-taxable","12":"product-type-simple"},"acf":[],"_links":{"self":[{"href":"https:\/\/toprisesafety.com\/pt\/wp-json\/wp\/v2\/product\/11767"}],"collection":[{"href":"https:\/\/toprisesafety.com\/pt\/wp-json\/wp\/v2\/product"}],"about":[{"href":"https:\/\/toprisesafety.com\/pt\/wp-json\/wp\/v2\/types\/product"}],"wp:featuredmedia":[{"embeddable":true,"href":"https:\/\/toprisesafety.com\/pt\/wp-json\/wp\/v2\/media\/11768"}],"wp:attachment":[{"href":"https:\/\/toprisesafety.com\/pt\/wp-json\/wp\/v2\/media?parent=11767"}],"wp:term":[{"taxonomy":"product_brand","embeddable":true,"href":"https:\/\/toprisesafety.com\/pt\/wp-json\/wp\/v2\/product_brand?post=11767"},{"taxonomy":"product_cat","embeddable":true,"href":"https:\/\/toprisesafety.com\/pt\/wp-json\/wp\/v2\/product_cat?post=11767"},{"taxonomy":"product_tag","embeddable":true,"href":"https:\/\/toprisesafety.com\/pt\/wp-json\/wp\/v2\/product_tag?post=11767"}],"curies":[{"name":"wp","href":"https:\/\/api.w.org\/{rel}","templated":true}]}}