{"id":11764,"date":"2025-04-08T02:43:05","date_gmt":"2025-04-08T02:43:05","guid":{"rendered":"https:\/\/toprisesafety.com\/?post_type=product&#038;p=11764"},"modified":"2025-04-14T05:14:19","modified_gmt":"2025-04-14T05:14:19","slug":"orange-pvc-coated-work-gloves","status":"publish","type":"product","link":"https:\/\/toprisesafety.com\/pt\/produto\/orange-pvc-coated-work-gloves\/","title":{"rendered":"Luvas de trabalho revestidas de PVC laranja"},"content":{"rendered":"<h2>Luvas de trabalho revestidas de PVC laranja<\/h2>\n<ul>\n<li>Altamente resistente ao desgaste, adequado para opera\u00e7\u00f5es de alta resist\u00eancia, como montagem mec\u00e2nica e canteiros de obras;<\/li>\n<li>\u00c0 prova d'\u00e1gua, resistente a \u00f3leo e protege as m\u00e3os contra contamina\u00e7\u00e3o por produtos qu\u00edmicos ou l\u00edquidos;<\/li>\n<li>O design respir\u00e1vel proporciona conforto e \u00e9 adequado para uso prolongado.<\/li>\n<li>A alta durabilidade aumenta a vida \u00fatil e reduz a frequ\u00eancia de substitui\u00e7\u00e3o.<\/li>\n<li>Suporte \u00e0 personaliza\u00e7\u00e3o: os clientes podem adicionar um LOGOTIPO espec\u00edfico para atender \u00e0s necessidades da marca.<\/li>\n<\/ul>\n<table>\n<tbody>\n<tr>\n<td width=\"284\">ART NO.<\/td>\n<td width=\"335\">PVC03<\/td>\n<\/tr>\n<tr>\n<td width=\"284\">Material<\/td>\n<td width=\"335\">Malha de poli\u00e9ster de calibre 13 com revestimento de PVC<\/p>\n<p>&nbsp;<\/td>\n<\/tr>\n<tr>\n<td width=\"284\">Acabamento<\/td>\n<td width=\"335\">Revestido de PVC<\/td>\n<\/tr>\n<tr>\n<td width=\"284\">Peso<\/td>\n<td width=\"335\">mais de 90 g\/par<\/td>\n<\/tr>\n<tr>\n<td width=\"284\">Tamanho<\/td>\n<td width=\"335\">24CM ou tamanho personalizado.<\/td>\n<\/tr>\n<tr>\n<td width=\"284\">Padr\u00e3o de qualidade<\/td>\n<td width=\"335\">CE EN388<\/td>\n<\/tr>\n<tr>\n<td width=\"284\">Logotipo<\/td>\n<td width=\"335\">Impress\u00e3o em tela de seda ou por transfer\u00eancia t\u00e9rmica.<\/td>\n<\/tr>\n<tr>\n<td width=\"284\">Cor<\/td>\n<td width=\"335\">Suporte personalizado<\/td>\n<\/tr>\n<tr>\n<td width=\"284\">MOQ<\/td>\n<td width=\"335\">500 DOZ (6000 PARES)<\/td>\n<\/tr>\n<tr>\n<td width=\"284\">Embalagem<\/td>\n<td width=\"335\">12 pares por saco pl\u00e1stico, 120 pares por caixa ou personalizado<\/td>\n<\/tr>\n<tr>\n<td width=\"284\">Aplicativo<\/td>\n<td width=\"335\">Montagem mec\u00e2nica, opera\u00e7\u00f5es externas, silvicultura, minera\u00e7\u00e3o, canteiros de obras, manuseio de armaz\u00e9ns, manuten\u00e7\u00e3o de carga e descarga, etc.<\/td>\n<\/tr>\n<\/tbody>\n<\/table>\n<p>A TOPRISE oferece suporte a v\u00e1rios estilos de personaliza\u00e7\u00e3o de luvas mergulhadas em PVC; clique para <a href=\"https:\/\/toprisesafety.com\/pt\/categoria-produto\/personal-protective-equipment\/hand-protection\/pvc-gloves\/\">veja mais estilos de luvas revestidas de PVC.<\/a><\/p>\n<p>Se voc\u00ea n\u00e3o encontrar as luvas revestidas de PVC necess\u00e1rias, <a href=\"https:\/\/toprisesafety.com\/pt\/contact-us\/\">Entre em contato conosco<\/a>Oferecemos suporte \u00e0 personaliza\u00e7\u00e3o especial.<\/p>","protected":false},"excerpt":{"rendered":"<p>N\u00ba do art.: PVC03<\/p>\n<p>Material: Malha de poli\u00e9ster 13 Guage com revestimento de PVC<\/p>\n<p>Peso: mais de 90g\/par<\/p>\n<p>Tamanho: 24 cm ou tamanho personalizado.<\/p>\n<p>Padr\u00e3o de qualidade: CE EN388<\/p>\n<p>MOQ: 500 DOZ (6000 PARES)<\/p>","protected":false},"featured_media":11765,"template":"","meta":{"_acf_changed":false},"product_brand":[],"product_cat":[350,345],"product_tag":[],"class_list":{"0":"post-11764","1":"product","2":"type-product","3":"status-publish","4":"has-post-thumbnail","6":"product_cat-pvc-gloves","7":"product_cat-hand-protection","9":"first","10":"instock","11":"shipping-taxable","12":"product-type-simple"},"acf":[],"_links":{"self":[{"href":"https:\/\/toprisesafety.com\/pt\/wp-json\/wp\/v2\/product\/11764","targetHints":{"allow":["GET"]}}],"collection":[{"href":"https:\/\/toprisesafety.com\/pt\/wp-json\/wp\/v2\/product"}],"about":[{"href":"https:\/\/toprisesafety.com\/pt\/wp-json\/wp\/v2\/types\/product"}],"wp:featuredmedia":[{"embeddable":true,"href":"https:\/\/toprisesafety.com\/pt\/wp-json\/wp\/v2\/media\/11765"}],"wp:attachment":[{"href":"https:\/\/toprisesafety.com\/pt\/wp-json\/wp\/v2\/media?parent=11764"}],"wp:term":[{"taxonomy":"product_brand","embeddable":true,"href":"https:\/\/toprisesafety.com\/pt\/wp-json\/wp\/v2\/product_brand?post=11764"},{"taxonomy":"product_cat","embeddable":true,"href":"https:\/\/toprisesafety.com\/pt\/wp-json\/wp\/v2\/product_cat?post=11764"},{"taxonomy":"product_tag","embeddable":true,"href":"https:\/\/toprisesafety.com\/pt\/wp-json\/wp\/v2\/product_tag?post=11764"}],"curies":[{"name":"wp","href":"https:\/\/api.w.org\/{rel}","templated":true}]}}