{"id":11759,"date":"2025-04-08T02:28:53","date_gmt":"2025-04-08T02:28:53","guid":{"rendered":"https:\/\/toprisesafety.com\/?post_type=product&#038;p=11759"},"modified":"2025-04-14T04:18:45","modified_gmt":"2025-04-14T04:18:45","slug":"mechanical-gloves","status":"publish","type":"product","link":"https:\/\/toprisesafety.com\/pt\/produto\/mechanical-gloves\/","title":{"rendered":"Luvas mec\u00e2nicas"},"content":{"rendered":"<h2>Luvas mec\u00e2nicas<\/h2>\n<ul>\n<li data-pm-slice=\"1 1 []\">Prote\u00e7\u00e3o robusta: um n\u00facleo de luva de poli\u00e9ster de calibre 13 combinado com um revestimento de TPE oferece excelente resist\u00eancia a impactos e prote\u00e7\u00e3o para trabalhos de alta intensidade.<\/li>\n<li>Forte resist\u00eancia ao desgaste: O TPE fortalece o design, melhora efetivamente a resist\u00eancia ao desgaste e prolonga a vida \u00fatil das luvas.<\/li>\n<li>Confort\u00e1vel e respir\u00e1vel: A respirabilidade do material de poli\u00e9ster \u00e9 boa, confort\u00e1vel de usar e o uso prolongado n\u00e3o \u00e9 abafado.<\/li>\n<li>Excelente ader\u00eancia: O revestimento de TPE na palma da m\u00e3o proporciona um excelente efeito antiderrapante e garante uma ader\u00eancia est\u00e1vel.<\/li>\n<li>Personaliza\u00e7\u00e3o de logotipos e embalagens: Suporte \u00e0 personaliza\u00e7\u00e3o de logotipos e embalagens para aumentar a exposi\u00e7\u00e3o da marca e atender \u00e0s necessidades individuais.<\/li>\n<\/ul>\n<table>\n<tbody>\n<tr>\n<td width=\"284\">ART NO.<\/td>\n<td width=\"335\">MG01<\/td>\n<\/tr>\n<tr>\n<td width=\"284\">Material<\/td>\n<td width=\"335\">Malha de poli\u00e9ster de calibre 13 com revestimento de TPE<\/td>\n<\/tr>\n<tr>\n<td width=\"284\">Acabamento<\/td>\n<td width=\"335\">Revestido de TPE<\/td>\n<\/tr>\n<tr>\n<td width=\"284\">Peso<\/td>\n<td width=\"335\">mais de 120 g\/par<\/td>\n<\/tr>\n<tr>\n<td width=\"284\">Tamanho<\/td>\n<td width=\"335\">24CM ou tamanho personalizado.<\/td>\n<\/tr>\n<tr>\n<td width=\"284\">Logotipo<\/td>\n<td width=\"335\">Impress\u00e3o em tela de seda ou por transfer\u00eancia t\u00e9rmica.<\/td>\n<\/tr>\n<tr>\n<td width=\"284\">Cor<\/td>\n<td width=\"335\">Suporte personalizado<\/td>\n<\/tr>\n<tr>\n<td width=\"284\">MOQ<\/td>\n<td width=\"335\">1000 DOZ (12000 PARES)<\/td>\n<\/tr>\n<tr>\n<td width=\"284\">Embalagem<\/td>\n<td width=\"335\">12 pares por saco pl\u00e1stico, 120 pares por caixa ou personalizado<\/td>\n<\/tr>\n<tr>\n<td width=\"284\">Aplicativo<\/td>\n<td width=\"335\">Montagem mec\u00e2nica, opera\u00e7\u00f5es externas, silvicultura, minera\u00e7\u00e3o, canteiros de obras, manuseio de armaz\u00e9ns, manuten\u00e7\u00e3o de carga e descarga, etc.<\/td>\n<\/tr>\n<\/tbody>\n<\/table>\n<p>A TOPRISE oferece suporte a v\u00e1rios estilos de personaliza\u00e7\u00e3o de luvas de l\u00e1tex; clique para <a href=\"https:\/\/toprisesafety.com\/pt\/categoria-produto\/personal-protective-equipment\/hand-protection\/latex-gloves\/\">veja mais estilos de luvas de l\u00e1tex.<\/a><\/p>\n<p>Se voc\u00ea n\u00e3o encontrar as luvas de l\u00e1tex necess\u00e1rias, <a href=\"https:\/\/toprisesafety.com\/pt\/contact-us\/\">Entre em contato conosco<\/a>Oferecemos suporte \u00e0 personaliza\u00e7\u00e3o especial.<\/p>","protected":false},"excerpt":{"rendered":"<p>Material: Malha de poli\u00e9ster de 13 guarni\u00e7\u00f5es com revestimento de TPE<\/p>\n<p>Peso: mais de 120g\/par<\/p>\n<p>Tamanho: 24 cm ou tamanho personalizado.<\/p>\n<p>MOQ: 1000 DOZ (12000 PARES)<\/p>","protected":false},"featured_media":11760,"template":"","meta":{"_acf_changed":false},"product_brand":[],"product_cat":[348,345],"product_tag":[],"class_list":{"0":"post-11759","1":"product","2":"type-product","3":"status-publish","4":"has-post-thumbnail","6":"product_cat-latex-gloves","7":"product_cat-hand-protection","9":"first","10":"instock","11":"shipping-taxable","12":"product-type-simple"},"acf":[],"_links":{"self":[{"href":"https:\/\/toprisesafety.com\/pt\/wp-json\/wp\/v2\/product\/11759","targetHints":{"allow":["GET"]}}],"collection":[{"href":"https:\/\/toprisesafety.com\/pt\/wp-json\/wp\/v2\/product"}],"about":[{"href":"https:\/\/toprisesafety.com\/pt\/wp-json\/wp\/v2\/types\/product"}],"wp:featuredmedia":[{"embeddable":true,"href":"https:\/\/toprisesafety.com\/pt\/wp-json\/wp\/v2\/media\/11760"}],"wp:attachment":[{"href":"https:\/\/toprisesafety.com\/pt\/wp-json\/wp\/v2\/media?parent=11759"}],"wp:term":[{"taxonomy":"product_brand","embeddable":true,"href":"https:\/\/toprisesafety.com\/pt\/wp-json\/wp\/v2\/product_brand?post=11759"},{"taxonomy":"product_cat","embeddable":true,"href":"https:\/\/toprisesafety.com\/pt\/wp-json\/wp\/v2\/product_cat?post=11759"},{"taxonomy":"product_tag","embeddable":true,"href":"https:\/\/toprisesafety.com\/pt\/wp-json\/wp\/v2\/product_tag?post=11759"}],"curies":[{"name":"wp","href":"https:\/\/api.w.org\/{rel}","templated":true}]}}