{"id":11749,"date":"2025-04-08T02:10:07","date_gmt":"2025-04-08T02:10:07","guid":{"rendered":"https:\/\/toprisesafety.com\/?post_type=product&#038;p=11749"},"modified":"2025-04-14T04:20:05","modified_gmt":"2025-04-14T04:20:05","slug":"rubber-latex-gloves","status":"publish","type":"product","link":"https:\/\/toprisesafety.com\/pt\/produto\/rubber-latex-gloves\/","title":{"rendered":"Luvas de borracha e l\u00e1tex"},"content":{"rendered":"<h2>LUVAS DE L\u00c1TEX DE BORRACHA<\/h2>\n<ul>\n<li>A superf\u00edcie de borracha \u00e9 antiderrapante e resistente ao desgaste, melhorando a ader\u00eancia;<\/li>\n<li>Tecido respir\u00e1vel e de longa dura\u00e7\u00e3o, n\u00e3o deixa as m\u00e3os abafadas;<\/li>\n<li>Boa elasticidade, ajuste ao formato da m\u00e3o, opera\u00e7\u00e3o flex\u00edvel;<\/li>\n<li>Adequado para uma variedade de ambientes de trabalho e com boa rela\u00e7\u00e3o custo-benef\u00edcio;<\/li>\n<li>Suporte \u00e0 personaliza\u00e7\u00e3o do LOGOTIPO e embalagem exclusiva para aprimorar a imagem da marca.<\/li>\n<\/ul>\n<table style=\"height: 668px;\" width=\"784\">\n<tbody>\n<tr>\n<td width=\"284\">ART NO.<\/td>\n<td width=\"335\">LXG22<\/td>\n<\/tr>\n<tr>\n<td width=\"284\">Material<\/td>\n<td width=\"335\">Fio de calibre 7 com l\u00e1tex de borracha<\/p>\n<p>&nbsp;<\/td>\n<\/tr>\n<tr>\n<td width=\"284\">Acabamento<\/td>\n<td width=\"335\">Borracha de l\u00e1tex em relevo<\/td>\n<\/tr>\n<tr>\n<td width=\"284\">Peso<\/td>\n<td width=\"335\">acima de 85 g\/par ou 120 g\/par<\/td>\n<\/tr>\n<tr>\n<td width=\"284\">Tamanho<\/td>\n<td width=\"335\">25 CM<\/td>\n<\/tr>\n<tr>\n<td width=\"284\">Logotipo<\/td>\n<td width=\"335\">Impress\u00e3o em tela de seda ou por transfer\u00eancia t\u00e9rmica.<\/td>\n<\/tr>\n<tr>\n<td width=\"284\">Cor<\/td>\n<td width=\"335\">Suporte personalizado<\/td>\n<\/tr>\n<tr>\n<td width=\"284\">MOQ<\/td>\n<td width=\"335\">1000 DOZ (12000 PARES)<\/td>\n<\/tr>\n<tr>\n<td width=\"284\">Embalagem<\/td>\n<td width=\"335\">12 pares por saco pl\u00e1stico, 120 pares por caixa ou personalizado<\/td>\n<\/tr>\n<tr>\n<td width=\"284\">Aplicativo<\/td>\n<td width=\"335\">Constru\u00e7\u00e3o, manuten\u00e7\u00e3o mec\u00e2nica, petroqu\u00edmica, engenharia de carpintaria, etc.<\/td>\n<\/tr>\n<\/tbody>\n<\/table>\n<p>A TOPRISE oferece suporte a v\u00e1rios estilos de personaliza\u00e7\u00e3o de luvas de l\u00e1tex; clique para <a href=\"https:\/\/toprisesafety.com\/pt\/categoria-produto\/personal-protective-equipment\/hand-protection\/latex-gloves\/\">veja mais estilos de luvas de l\u00e1tex.<\/a><\/p>\n<p>Se voc\u00ea n\u00e3o encontrar as luvas de l\u00e1tex necess\u00e1rias, <a href=\"https:\/\/toprisesafety.com\/pt\/contact-us\/\">Entre em contato conosco<\/a>Oferecemos suporte \u00e0 personaliza\u00e7\u00e3o especial.<\/p>","protected":false},"excerpt":{"rendered":"<p>N\u00ba do art.: LXG22<\/p>\n<p>Material: Fio de 7 fios com l\u00e1tex de borracha<\/p>\n<p>Peso: acima de 85g\/par ou 120g\/par<\/p>\n<p>Tamanho: 25CM<\/p>\n<p>MOQ: 1000 DOZ (12000 PARES)<\/p>","protected":false},"featured_media":11752,"template":"","meta":{"_acf_changed":false},"product_brand":[],"product_cat":[348,345],"product_tag":[],"class_list":{"0":"post-11749","1":"product","2":"type-product","3":"status-publish","4":"has-post-thumbnail","6":"product_cat-latex-gloves","7":"product_cat-hand-protection","9":"first","10":"instock","11":"shipping-taxable","12":"product-type-simple"},"acf":[],"_links":{"self":[{"href":"https:\/\/toprisesafety.com\/pt\/wp-json\/wp\/v2\/product\/11749"}],"collection":[{"href":"https:\/\/toprisesafety.com\/pt\/wp-json\/wp\/v2\/product"}],"about":[{"href":"https:\/\/toprisesafety.com\/pt\/wp-json\/wp\/v2\/types\/product"}],"wp:featuredmedia":[{"embeddable":true,"href":"https:\/\/toprisesafety.com\/pt\/wp-json\/wp\/v2\/media\/11752"}],"wp:attachment":[{"href":"https:\/\/toprisesafety.com\/pt\/wp-json\/wp\/v2\/media?parent=11749"}],"wp:term":[{"taxonomy":"product_brand","embeddable":true,"href":"https:\/\/toprisesafety.com\/pt\/wp-json\/wp\/v2\/product_brand?post=11749"},{"taxonomy":"product_cat","embeddable":true,"href":"https:\/\/toprisesafety.com\/pt\/wp-json\/wp\/v2\/product_cat?post=11749"},{"taxonomy":"product_tag","embeddable":true,"href":"https:\/\/toprisesafety.com\/pt\/wp-json\/wp\/v2\/product_tag?post=11749"}],"curies":[{"name":"wp","href":"https:\/\/api.w.org\/{rel}","templated":true}]}}