{"id":11727,"date":"2025-04-07T07:57:53","date_gmt":"2025-04-07T07:57:53","guid":{"rendered":"https:\/\/toprisesafety.com\/?post_type=product&#038;p=11727"},"modified":"2025-04-14T04:11:09","modified_gmt":"2025-04-14T04:11:09","slug":"nylon-knit-gloves-with-gripper-dots","status":"publish","type":"product","link":"https:\/\/toprisesafety.com\/pt\/produto\/nylon-knit-gloves-with-gripper-dots\/","title":{"rendered":"Luvas de malha de nylon com pontos de ader\u00eancia"},"content":{"rendered":"<h2>Luvas de malha de nylon com pontos de ader\u00eancia<\/h2>\n<ul>\n<li>The PVC dots design increases friction; the anti-slip effect is good.<\/li>\n<li>Nylon material is light and breathable, comfortable to wear and not stuffy hands;<\/li>\n<li>High elastic fit hand type, flexible and accurate operation;<\/li>\n<li>Wear resistance and tear resistance, suitable for a variety of working conditions;<\/li>\n<li>Support custom LOGO and packaging to enhance brand identity.<\/li>\n<\/ul>\n<table style=\"height: 678px;\" width=\"767\">\n<tbody>\n<tr>\n<td width=\"284\">ART NO.<\/td>\n<td width=\"335\">CG04<\/td>\n<\/tr>\n<tr>\n<td width=\"284\">Material<\/td>\n<td width=\"335\">Nylon de calibre 13 tricotado com pontos de PVC<\/td>\n<\/tr>\n<tr>\n<td width=\"284\">Acabamento<\/td>\n<td width=\"335\">Pontos de PVC<\/td>\n<\/tr>\n<tr>\n<td width=\"284\">Peso<\/td>\n<td width=\"335\">over 24 g\/pair<\/td>\n<\/tr>\n<tr>\n<td width=\"284\">Tamanho<\/td>\n<td width=\"335\">23CM or customized size.<\/td>\n<\/tr>\n<tr>\n<td width=\"284\">Logotipo<\/td>\n<td width=\"335\">Impress\u00e3o em tela de seda ou por transfer\u00eancia t\u00e9rmica.<\/td>\n<\/tr>\n<tr>\n<td width=\"284\">Cor<\/td>\n<td width=\"335\">Suporte personalizado<\/td>\n<\/tr>\n<tr>\n<td width=\"284\">MOQ<\/td>\n<td width=\"335\">1000 DOZ (12000 PARES)<\/td>\n<\/tr>\n<tr>\n<td width=\"284\">Embalagem<\/td>\n<td width=\"335\">12 pares por saco pl\u00e1stico, 120 pares por caixa ou personalizado<\/td>\n<\/tr>\n<tr>\n<td width=\"284\">Aplicativo<\/td>\n<td width=\"335\">Montagem mec\u00e2nica, opera\u00e7\u00f5es externas, silvicultura, minera\u00e7\u00e3o, canteiros de obras, manuseio de armaz\u00e9ns, manuten\u00e7\u00e3o de carga e descarga, etc.<\/td>\n<\/tr>\n<\/tbody>\n<\/table>\n<p>A TOPRISE oferece suporte a v\u00e1rios estilos de personaliza\u00e7\u00e3o de luvas de fio de algod\u00e3o; clique para <a href=\"https:\/\/toprisesafety.com\/pt\/categoria-produto\/personal-protective-equipment\/hand-protection\/cotton-gloves\/\">veja mais estilos de luvas de fio de algod\u00e3o.<\/a><\/p>\n<p>Se voc\u00ea n\u00e3o encontrar as luvas de fio de algod\u00e3o necess\u00e1rias, <a href=\"https:\/\/toprisesafety.com\/pt\/contact-us\/\">Entre em contato conosco<\/a>Oferecemos suporte \u00e0 personaliza\u00e7\u00e3o especial.<\/p>","protected":false},"excerpt":{"rendered":"<p>Art No.: NGP04<\/p>\n<p>Material: Nylon 13 guage tricotado com pontos de PVC<\/p>\n<p>Weight : over 24g\/pair<\/p>\n<p>Size: 23CM or customized size.<\/p>\n<p>MOQ: 1000 DOZ (12000 PARES)<\/p>","protected":false},"featured_media":11729,"template":"","meta":{"_acf_changed":false},"product_brand":[],"product_cat":[346,345],"product_tag":[],"class_list":{"0":"post-11727","1":"product","2":"type-product","3":"status-publish","4":"has-post-thumbnail","6":"product_cat-cotton-gloves","7":"product_cat-hand-protection","9":"first","10":"instock","11":"shipping-taxable","12":"product-type-simple"},"acf":[],"_links":{"self":[{"href":"https:\/\/toprisesafety.com\/pt\/wp-json\/wp\/v2\/product\/11727"}],"collection":[{"href":"https:\/\/toprisesafety.com\/pt\/wp-json\/wp\/v2\/product"}],"about":[{"href":"https:\/\/toprisesafety.com\/pt\/wp-json\/wp\/v2\/types\/product"}],"wp:featuredmedia":[{"embeddable":true,"href":"https:\/\/toprisesafety.com\/pt\/wp-json\/wp\/v2\/media\/11729"}],"wp:attachment":[{"href":"https:\/\/toprisesafety.com\/pt\/wp-json\/wp\/v2\/media?parent=11727"}],"wp:term":[{"taxonomy":"product_brand","embeddable":true,"href":"https:\/\/toprisesafety.com\/pt\/wp-json\/wp\/v2\/product_brand?post=11727"},{"taxonomy":"product_cat","embeddable":true,"href":"https:\/\/toprisesafety.com\/pt\/wp-json\/wp\/v2\/product_cat?post=11727"},{"taxonomy":"product_tag","embeddable":true,"href":"https:\/\/toprisesafety.com\/pt\/wp-json\/wp\/v2\/product_tag?post=11727"}],"curies":[{"name":"wp","href":"https:\/\/api.w.org\/{rel}","templated":true}]}}