{"id":11725,"date":"2025-04-07T07:39:51","date_gmt":"2025-04-07T07:39:51","guid":{"rendered":"https:\/\/toprisesafety.com\/?post_type=product&#038;p=11725"},"modified":"2025-04-14T04:24:41","modified_gmt":"2025-04-14T04:24:41","slug":"winter-latex-coated-work-gloves","status":"publish","type":"product","link":"https:\/\/toprisesafety.com\/pt\/produto\/winter-latex-coated-work-gloves\/","title":{"rendered":"Luvas de trabalho revestidas de l\u00e1tex para inverno"},"content":{"rendered":"<h2>Luvas de trabalho revestidas de l\u00e1tex para inverno<\/h2>\n<ul>\n<li>Adicione veludo para se manter aquecido, adequado para trabalhos ao ar livre no inverno;<\/li>\n<li>Superf\u00edcie da palma da m\u00e3o enrugada em l\u00e1tex, com forte ader\u00eancia antiderrapante;<\/li>\n<li>Resist\u00eancia ao desgaste, resist\u00eancia ao rasgo, vida \u00fatil prolongada;<\/li>\n<li>Costas de m\u00e3o altamente el\u00e1sticas, confort\u00e1veis de usar;<\/li>\n<li>Suporte a LOGOTIPO personalizado e embalagem exclusiva; destaque a imagem da marca.<\/li>\n<\/ul>\n<table style=\"height: 786px;\" width=\"857\">\n<tbody>\n<tr>\n<td width=\"284\">ART NO.<\/td>\n<td width=\"284\">LXG22<\/td>\n<\/tr>\n<tr>\n<td width=\"284\">Material<\/td>\n<td width=\"284\">Forro de malha de poli\u00e9ster de calibre 10 com revestimento de l\u00e1tex<\/td>\n<\/tr>\n<tr>\n<td width=\"284\">Acabamento<\/td>\n<td width=\"284\">Rugas na palma da m\u00e3o e nos dedos<\/td>\n<\/tr>\n<tr>\n<td width=\"284\">Recurso<\/td>\n<td width=\"284\">O desenho do la\u00e7o interno \u00e9 adequado para o inverno<\/td>\n<\/tr>\n<tr>\n<td width=\"284\">Peso<\/td>\n<td width=\"284\">mais de 120 g\/par<\/td>\n<\/tr>\n<tr>\n<td width=\"284\">Tamanho<\/td>\n<td width=\"284\">7\u2033, 8\u2033, 9\u2033, 10\u2033 e 11\u2033 para escolha<\/td>\n<\/tr>\n<tr>\n<td width=\"284\">Padr\u00e3o de qualidade<\/td>\n<td width=\"284\">CE EN388<\/td>\n<\/tr>\n<tr>\n<td width=\"284\">Logotipo<\/td>\n<td width=\"284\">Impress\u00e3o em tela de seda ou por transfer\u00eancia t\u00e9rmica.<\/td>\n<\/tr>\n<tr>\n<td width=\"284\">Cor<\/td>\n<td width=\"284\">Suporte personalizado<\/td>\n<\/tr>\n<tr>\n<td width=\"284\">MOQ<\/td>\n<td width=\"284\">1000 DOZ (12000 PARES)<\/td>\n<\/tr>\n<tr>\n<td width=\"284\">Embalagem<\/td>\n<td width=\"284\">12 pares por saco pl\u00e1stico, 120 pares por caixa ou personalizado<\/td>\n<\/tr>\n<tr>\n<td width=\"284\">Aplicativo<\/td>\n<td width=\"284\">Trabalho de bricolagem, jardinagem, industrial, constru\u00e7\u00e3o, uso mec\u00e2nico, etc.<\/td>\n<\/tr>\n<\/tbody>\n<\/table>\n<p>A TOPRISE oferece suporte a v\u00e1rios estilos de personaliza\u00e7\u00e3o de luvas de l\u00e1tex; clique para <a href=\"https:\/\/toprisesafety.com\/pt\/categoria-produto\/personal-protective-equipment\/hand-protection\/latex-gloves\/\">veja mais estilos de luvas de l\u00e1tex.<\/a><\/p>\n<p>Se voc\u00ea n\u00e3o encontrar as luvas de l\u00e1tex necess\u00e1rias, <a href=\"https:\/\/toprisesafety.com\/pt\/contact-us\/\">Entre em contato conosco<\/a>Oferecemos suporte \u00e0 personaliza\u00e7\u00e3o especial.<\/p>","protected":false},"excerpt":{"rendered":"<p>Material: forro tricotado de poli\u00e9ster de 10 guas com revestimento de l\u00e1tex e rugas<\/p>\n<p>Acabamento: Palma e dedos enrugados<\/p>\n<p>Caracter\u00edstica: O desenho do la\u00e7o interno \u00e9 adequado para o inverno<\/p>\n<p>Peso: mais de 120g\/par<\/p>\n<p>Tamanho: 7\u2033,8\u2033,9\u2033,10\u2033,11\u2033 para escolha<\/p>\n<p>Padr\u00e3o de qualidade: CE EN388<\/p>\n<p>MOQ: 1000 DOZ (12000 PARES)<\/p>","protected":false},"featured_media":11726,"template":"","meta":{"_acf_changed":false},"product_brand":[],"product_cat":[348,345],"product_tag":[],"class_list":{"0":"post-11725","1":"product","2":"type-product","3":"status-publish","4":"has-post-thumbnail","6":"product_cat-latex-gloves","7":"product_cat-hand-protection","9":"first","10":"instock","11":"shipping-taxable","12":"product-type-simple"},"acf":[],"_links":{"self":[{"href":"https:\/\/toprisesafety.com\/pt\/wp-json\/wp\/v2\/product\/11725"}],"collection":[{"href":"https:\/\/toprisesafety.com\/pt\/wp-json\/wp\/v2\/product"}],"about":[{"href":"https:\/\/toprisesafety.com\/pt\/wp-json\/wp\/v2\/types\/product"}],"wp:featuredmedia":[{"embeddable":true,"href":"https:\/\/toprisesafety.com\/pt\/wp-json\/wp\/v2\/media\/11726"}],"wp:attachment":[{"href":"https:\/\/toprisesafety.com\/pt\/wp-json\/wp\/v2\/media?parent=11725"}],"wp:term":[{"taxonomy":"product_brand","embeddable":true,"href":"https:\/\/toprisesafety.com\/pt\/wp-json\/wp\/v2\/product_brand?post=11725"},{"taxonomy":"product_cat","embeddable":true,"href":"https:\/\/toprisesafety.com\/pt\/wp-json\/wp\/v2\/product_cat?post=11725"},{"taxonomy":"product_tag","embeddable":true,"href":"https:\/\/toprisesafety.com\/pt\/wp-json\/wp\/v2\/product_tag?post=11725"}],"curies":[{"name":"wp","href":"https:\/\/api.w.org\/{rel}","templated":true}]}}