{"id":11674,"date":"2025-03-26T06:49:48","date_gmt":"2025-03-26T06:49:48","guid":{"rendered":"https:\/\/toprisesafety.com\/?post_type=product&#038;p=11674"},"modified":"2025-04-09T06:45:17","modified_gmt":"2025-04-09T06:45:17","slug":"foam-dots-nitrile-sandy-coated-safety-gloves","status":"publish","type":"product","link":"https:\/\/toprisesafety.com\/pt\/produto\/foam-dots-nitrile-sandy-coated-safety-gloves\/","title":{"rendered":"Luvas de seguran\u00e7a com revestimento de nitrilo e areia com pontos de espuma"},"content":{"rendered":"<h2>Luvas de seguran\u00e7a com revestimento de nitrilo e areia com pontos de espuma<\/h2>\n<ul>\n<li data-pm-slice=\"1 1 []\">O design do cord\u00e3o antiderrapante aumenta a for\u00e7a de ader\u00eancia e garante uma opera\u00e7\u00e3o est\u00e1vel.<\/li>\n<li>O revestimento de espuma de nitrilo melhora a resist\u00eancia \u00e0 \u00e1gua e ao \u00f3leo e ADAPTA-SE a ambientes \u00famidos e gordurosos.<\/li>\n<li>O nylon combinado com nitrilo melhora a resist\u00eancia ao desgaste e prolonga a vida \u00fatil.<\/li>\n<li>O design respir\u00e1vel mant\u00e9m as m\u00e3os secas e confort\u00e1veis.<\/li>\n<li>Atende aos padr\u00f5es de seguran\u00e7a EN388 para prote\u00e7\u00e3o<\/li>\n<li>Apoiar a personaliza\u00e7\u00e3o do logotipo e da embalagem para melhorar a imagem da marca e o apelo do mercado.<\/li>\n<\/ul>\n<table>\n<tbody>\n<tr>\n<td width=\"284\">ART NO.<\/td>\n<td width=\"335\">NG11<\/td>\n<\/tr>\n<tr>\n<td width=\"284\">Material<\/td>\n<td width=\"335\">Pontos de espuma de malha de n\u00e1ilon de calibre 15 revestidos com nitrilo arenoso<\/td>\n<\/tr>\n<tr>\n<td width=\"284\">Acabamento<\/td>\n<td width=\"335\">Superf\u00edcie de espuma com pontos<\/td>\n<\/tr>\n<tr>\n<td width=\"284\">Peso<\/td>\n<td width=\"335\">Mais de 60-65 g\/par<\/td>\n<\/tr>\n<tr>\n<td width=\"284\">Tamanho<\/td>\n<td width=\"335\">7\u2033, 8\u2033, 9\u2033, 10\u2033 e 11\u2033 para escolha<\/td>\n<\/tr>\n<tr>\n<td width=\"284\">Padr\u00e3o de qualidade<\/td>\n<td width=\"335\">CE EN388<\/td>\n<\/tr>\n<tr>\n<td width=\"284\">Logotipo<\/td>\n<td width=\"335\">Impress\u00e3o em tela de seda ou por transfer\u00eancia t\u00e9rmica.<\/td>\n<\/tr>\n<tr>\n<td width=\"284\">Cor<\/td>\n<td width=\"335\">Suporte personalizado<\/td>\n<\/tr>\n<tr>\n<td width=\"284\">MOQ<\/td>\n<td width=\"335\">500 DOZ (6000 PARES)<\/td>\n<\/tr>\n<tr>\n<td width=\"284\">Embalagem<\/td>\n<td width=\"335\">12 pares por saco pl\u00e1stico, 120 pares por caixa ou personalizado<\/td>\n<\/tr>\n<tr>\n<td width=\"284\">Aplicativo<\/td>\n<td width=\"335\">Trabalho geral, constru\u00e7\u00e3o, horticultura, petroqu\u00edmica, impress\u00e3o de tintas, ind\u00fastria de manuten\u00e7\u00e3o, ind\u00fastria de uso de maquin\u00e1rio, etc.<\/td>\n<\/tr>\n<\/tbody>\n<\/table>\n<p>A TOPRISE oferece suporte a v\u00e1rios estilos de personaliza\u00e7\u00e3o de luvas mergulhadas em nitrilo; clique para <a href=\"https:\/\/toprisesafety.com\/pt\/categoria-produto\/personal-protective-equipment\/hand-protection\/nitrile-gloves\/\">veja mais estilos de luvas revestidas de nitrilo.<\/a><br \/>\nSe voc\u00ea n\u00e3o encontrar as luvas de nitrilo necess\u00e1rias,<a href=\"https:\/\/toprisesafety.com\/pt\/contact-us\/\"> Entre em contato conosco;<\/a> Oferecemos suporte \u00e0 personaliza\u00e7\u00e3o especial.<\/p>","protected":false},"excerpt":{"rendered":"<p>N\u00ba do art.: NG12<\/p>\n<p>Material: Pontos de espuma de malha de n\u00e1ilon de 15 gomos revestidos com nitrilo arenoso<\/p>\n<p>Peso: mais de 60-65g\/par<\/p>\n<p>Tamanho: 7\u2033,8\u2033,9\u2033,10\u2033,11\u2033 para escolha<\/p>\n<p>Padr\u00e3o de qualidade: CE EN388<\/p>\n<p>MOQ: 1000 DOZ (12000 PARES)<\/p>","protected":false},"featured_media":11675,"template":"","meta":{"_acf_changed":false},"product_brand":[],"product_cat":[349,345],"product_tag":[],"class_list":{"0":"post-11674","1":"product","2":"type-product","3":"status-publish","4":"has-post-thumbnail","6":"product_cat-nitrile-gloves","7":"product_cat-hand-protection","9":"first","10":"instock","11":"shipping-taxable","12":"product-type-simple"},"acf":[],"_links":{"self":[{"href":"https:\/\/toprisesafety.com\/pt\/wp-json\/wp\/v2\/product\/11674","targetHints":{"allow":["GET"]}}],"collection":[{"href":"https:\/\/toprisesafety.com\/pt\/wp-json\/wp\/v2\/product"}],"about":[{"href":"https:\/\/toprisesafety.com\/pt\/wp-json\/wp\/v2\/types\/product"}],"wp:featuredmedia":[{"embeddable":true,"href":"https:\/\/toprisesafety.com\/pt\/wp-json\/wp\/v2\/media\/11675"}],"wp:attachment":[{"href":"https:\/\/toprisesafety.com\/pt\/wp-json\/wp\/v2\/media?parent=11674"}],"wp:term":[{"taxonomy":"product_brand","embeddable":true,"href":"https:\/\/toprisesafety.com\/pt\/wp-json\/wp\/v2\/product_brand?post=11674"},{"taxonomy":"product_cat","embeddable":true,"href":"https:\/\/toprisesafety.com\/pt\/wp-json\/wp\/v2\/product_cat?post=11674"},{"taxonomy":"product_tag","embeddable":true,"href":"https:\/\/toprisesafety.com\/pt\/wp-json\/wp\/v2\/product_tag?post=11674"}],"curies":[{"name":"wp","href":"https:\/\/api.w.org\/{rel}","templated":true}]}}