{"id":11667,"date":"2025-03-26T06:39:04","date_gmt":"2025-03-26T06:39:04","guid":{"rendered":"https:\/\/toprisesafety.com\/?post_type=product&#038;p=11667"},"modified":"2025-04-09T06:46:36","modified_gmt":"2025-04-09T06:46:36","slug":"5-grade-hppe-sandy-nitrile-dipped-gloves","status":"publish","type":"product","link":"https:\/\/toprisesafety.com\/pt\/produto\/5-grade-hppe-sandy-nitrile-dipped-gloves\/","title":{"rendered":"Luvas de Nitrilo com Banho de Areia de HPPE de Grau 5"},"content":{"rendered":"<h2>Luvas de Nitrilo com Banho de Areia de HPPE de Grau 5<\/h2>\n<ul>\n<li>Material HPPE de calibre 13: Oferece maior flexibilidade e conforto para uso prolongado.<\/li>\n<li>Revestimento de nitrilo: Propriedades antiderrapantes aprimoradas para uma ader\u00eancia est\u00e1vel em ambientes gordurosos ou escorregadios.<\/li>\n<li>Prote\u00e7\u00e3o anticorte de grau 5: O material HPPE tem uma capacidade anticorte extremamente alta e pode proteger as m\u00e3os de les\u00f5es com efic\u00e1cia.<\/li>\n<li>Alta durabilidade: adequado para ambientes de trabalho de alta intensidade, resist\u00eancia ao desgaste e vida \u00fatil prolongada.<\/li>\n<li>Design respir\u00e1vel: Mant\u00e9m as m\u00e3os secas e reduz o desconforto causado pelo uso prolongado.<\/li>\n<li>Apoiamos os logotipos dos clientes nas luvas e nas embalagens.<\/li>\n<li>Personaliza\u00e7\u00e3o de embalagens: Oferece suporte a op\u00e7\u00f5es de embalagens especiais para atender \u00e0s necessidades individuais e aumentar a competitividade no mercado.<\/li>\n<\/ul>\n<table>\n<tbody>\n<tr>\n<td width=\"284\">ART NO.<\/td>\n<td width=\"335\">NG10<\/td>\n<\/tr>\n<tr>\n<td width=\"284\">Material<\/td>\n<td width=\"335\">13Guage HPPE com revestimento de nitrilo arenoso<\/td>\n<\/tr>\n<tr>\n<td width=\"284\">Acabamento<\/td>\n<td width=\"335\">Superf\u00edcie arenosa<\/td>\n<\/tr>\n<tr>\n<td width=\"284\">Peso<\/td>\n<td width=\"335\">Mais de 80g\/par<\/td>\n<\/tr>\n<tr>\n<td width=\"284\">Tamanho<\/td>\n<td width=\"335\">7\u2033,8\u2033,9\u2033,10\u2033,11\u2033 para escolha<\/td>\n<\/tr>\n<tr>\n<td width=\"284\">Padr\u00e3o de qualidade<\/td>\n<td width=\"335\">CE EN388<\/td>\n<\/tr>\n<tr>\n<td width=\"284\">Logotipo<\/td>\n<td width=\"335\">Impress\u00e3o em tela de seda ou por transfer\u00eancia t\u00e9rmica.<\/td>\n<\/tr>\n<tr>\n<td width=\"284\">Cor<\/td>\n<td width=\"335\">Suporte personalizado<\/td>\n<\/tr>\n<tr>\n<td width=\"284\">MOQ<\/td>\n<td width=\"335\">500 DOZ (6000 PARES)<\/td>\n<\/tr>\n<tr>\n<td width=\"284\">Embalagem<\/td>\n<td width=\"335\">12 pares por saco pl\u00e1stico, 120 pares por caixa ou personalizado<\/td>\n<\/tr>\n<tr>\n<td width=\"284\">Aplicativo<\/td>\n<td width=\"335\">Trabalho geral, constru\u00e7\u00e3o, horticultura, petroqu\u00edmica, impress\u00e3o de tintas, ind\u00fastria de manuten\u00e7\u00e3o, ind\u00fastria de uso de maquin\u00e1rio, etc.<\/td>\n<\/tr>\n<\/tbody>\n<\/table>\n<p>A TOPRISE oferece suporte a v\u00e1rios estilos de personaliza\u00e7\u00e3o de luvas mergulhadas em nitrilo; clique para <a href=\"https:\/\/toprisesafety.com\/pt\/categoria-produto\/personal-protective-equipment\/hand-protection\/nitrile-gloves\/\">veja mais estilos de luvas revestidas de nitrilo.<\/a><br \/>\nSe voc\u00ea n\u00e3o encontrar as luvas de nitrilo necess\u00e1rias,<a href=\"https:\/\/toprisesafety.com\/pt\/contact-us\/\"> Entre em contato conosco;<\/a> Oferecemos suporte \u00e0 personaliza\u00e7\u00e3o especial.<\/p>","protected":false},"excerpt":{"rendered":"<p>N\u00ba do art.: NG10<\/p>\n<p>Material: 13Guage HPPE com revestimento de nitrilo arenoso<\/p>\n<p>Resistente a cortes: grau 5<\/p>\n<p>Peso: mais de 80g\/par<\/p>\n<p>Tamanho: 7\u2033,8\u2033,9\u2033,10\u2033,11\u2033 para escolha<\/p>\n<p>Padr\u00e3o de qualidade: CE EN388<\/p>\n<p>MOQ: 500 DOZ (6000 PARES)<\/p>","protected":false},"featured_media":11668,"template":"","meta":{"_acf_changed":false},"product_brand":[],"product_cat":[349,345],"product_tag":[],"class_list":{"0":"post-11667","1":"product","2":"type-product","3":"status-publish","4":"has-post-thumbnail","6":"product_cat-nitrile-gloves","7":"product_cat-hand-protection","9":"first","10":"instock","11":"shipping-taxable","12":"product-type-simple"},"acf":[],"_links":{"self":[{"href":"https:\/\/toprisesafety.com\/pt\/wp-json\/wp\/v2\/product\/11667"}],"collection":[{"href":"https:\/\/toprisesafety.com\/pt\/wp-json\/wp\/v2\/product"}],"about":[{"href":"https:\/\/toprisesafety.com\/pt\/wp-json\/wp\/v2\/types\/product"}],"wp:featuredmedia":[{"embeddable":true,"href":"https:\/\/toprisesafety.com\/pt\/wp-json\/wp\/v2\/media\/11668"}],"wp:attachment":[{"href":"https:\/\/toprisesafety.com\/pt\/wp-json\/wp\/v2\/media?parent=11667"}],"wp:term":[{"taxonomy":"product_brand","embeddable":true,"href":"https:\/\/toprisesafety.com\/pt\/wp-json\/wp\/v2\/product_brand?post=11667"},{"taxonomy":"product_cat","embeddable":true,"href":"https:\/\/toprisesafety.com\/pt\/wp-json\/wp\/v2\/product_cat?post=11667"},{"taxonomy":"product_tag","embeddable":true,"href":"https:\/\/toprisesafety.com\/pt\/wp-json\/wp\/v2\/product_tag?post=11667"}],"curies":[{"name":"wp","href":"https:\/\/api.w.org\/{rel}","templated":true}]}}