{"id":11663,"date":"2025-03-26T06:33:14","date_gmt":"2025-03-26T06:33:14","guid":{"rendered":"https:\/\/toprisesafety.com\/?post_type=product&#038;p=11663"},"modified":"2025-04-09T06:47:00","modified_gmt":"2025-04-09T06:47:00","slug":"anti-cut-hppe-nitrile-coated-work-gloves","status":"publish","type":"product","link":"https:\/\/toprisesafety.com\/pt\/produto\/anti-cut-hppe-nitrile-coated-work-gloves\/","title":{"rendered":"Luvas de trabalho revestidas de nitrilo HPPE anticorte"},"content":{"rendered":"<h2>Luvas de trabalho revestidas de nitrilo HPPE anticorte<\/h2>\n<ul>\n<li>O material HPPE oferece prote\u00e7\u00e3o contra cortes de 5 graus.<\/li>\n<li>Impregna\u00e7\u00e3o de nitrilo: Maior resist\u00eancia a \u00f3leo e \u00e1gua para melhor for\u00e7a de ader\u00eancia.<\/li>\n<li>Design refor\u00e7ado com TPR: Melhora a resist\u00eancia ao impacto do dorso da m\u00e3o e dos dedos para aumentar a durabilidade.<\/li>\n<li>Ajuste confort\u00e1vel: Design de material el\u00e1stico, adequado para uso prolongado.<\/li>\n<li>Design antiderrapante: O revestimento de nitrilo proporciona excelente ader\u00eancia e garante uma opera\u00e7\u00e3o segura.<\/li>\n<li>Alta durabilidade: adequado para ambientes de trabalho de alta intensidade, prolongando a vida \u00fatil.<\/li>\n<li>Suporte a LOGOTIPO personalizado: atende \u00e0s necessidades de marcas personalizadas.<\/li>\n<li>Op\u00e7\u00f5es especiais de embalagem: suporte a embalagens personalizadas.<\/li>\n<li>O punho \u00e9 ajust\u00e1vel.<\/li>\n<\/ul>\n<table>\n<tbody>\n<tr>\n<td width=\"284\">ART NO.<\/td>\n<td width=\"335\">NG09<\/td>\n<\/tr>\n<tr>\n<td width=\"284\">Material<\/td>\n<td width=\"335\">Luvas tricotadas de HPPE de 13 gomos, revestidas com nitrilo e refor\u00e7adas com TPR.<\/p>\n<p>&nbsp;<\/td>\n<\/tr>\n<tr>\n<td width=\"284\">Recursos<\/td>\n<td width=\"335\">corte, resistente a rasgos, antiderrapante, resistente ao desgaste, o manguito pode ser ajustado.<\/td>\n<\/tr>\n<tr>\n<td width=\"284\">Tamanho<\/td>\n<td width=\"335\">XS, S, M, L, XL, 2XL para escolha<\/td>\n<\/tr>\n<tr>\n<td width=\"284\">Padr\u00e3o de qualidade<\/td>\n<td width=\"335\">CE EN388<\/td>\n<\/tr>\n<tr>\n<td width=\"284\">Logotipo<\/td>\n<td width=\"335\">Impress\u00e3o em tela de seda ou por transfer\u00eancia t\u00e9rmica.<\/td>\n<\/tr>\n<tr>\n<td width=\"284\">Cor<\/td>\n<td width=\"335\">Suporte personalizado<\/td>\n<\/tr>\n<tr>\n<td width=\"284\">MOQ<\/td>\n<td width=\"335\">500 DOZ (6000 PARES)<\/td>\n<\/tr>\n<tr>\n<td width=\"284\">Embalagem<\/td>\n<td width=\"335\">12 pares por saco pl\u00e1stico, 120 pares por caixa ou personalizado<\/td>\n<\/tr>\n<tr>\n<td width=\"284\">Aplicativo<\/td>\n<td width=\"335\">Produ\u00e7\u00e3o de cortadores, corte de roupas, corte de engenharia, segmenta\u00e7\u00e3o de carne, pesca e outros setores.<\/td>\n<\/tr>\n<\/tbody>\n<\/table>\n<p>A TOPRISE oferece suporte a v\u00e1rios estilos de personaliza\u00e7\u00e3o de luvas mergulhadas em nitrilo; clique para <a href=\"https:\/\/toprisesafety.com\/pt\/categoria-produto\/personal-protective-equipment\/hand-protection\/nitrile-gloves\/\">veja mais estilos de luvas revestidas de nitrilo.<\/a><br \/>\nSe voc\u00ea n\u00e3o encontrar as luvas de nitrilo necess\u00e1rias,<a href=\"https:\/\/toprisesafety.com\/pt\/contact-us\/\"> Entre em contato conosco;<\/a> Oferecemos suporte \u00e0 personaliza\u00e7\u00e3o especial.<\/p>","protected":false},"excerpt":{"rendered":"<p>N\u00ba do art.: NG09<\/p>\n<p>Material: Luvas tricotadas de 13Guage HPPE, revestidas com nitrilo, refor\u00e7adas com TPR.<\/p>\n<p>Caracter\u00edsticas: resistente a cortes e rasgos, antiderrapante, resistente ao desgaste, o manguito pode ser ajustado.<\/p>\n<p>Tamanhos: XS, S, M, L, XL, 2XL para escolha<\/p>\n<p>Padr\u00e3o de qualidade: CE EN388<\/p>\n<p>MOQ: 500 DOZ (6000 PARES)<\/p>","protected":false},"featured_media":11664,"template":"","meta":{"_acf_changed":false},"product_brand":[],"product_cat":[349,345],"product_tag":[],"class_list":{"0":"post-11663","1":"product","2":"type-product","3":"status-publish","4":"has-post-thumbnail","6":"product_cat-nitrile-gloves","7":"product_cat-hand-protection","9":"first","10":"instock","11":"shipping-taxable","12":"product-type-simple"},"acf":[],"_links":{"self":[{"href":"https:\/\/toprisesafety.com\/pt\/wp-json\/wp\/v2\/product\/11663"}],"collection":[{"href":"https:\/\/toprisesafety.com\/pt\/wp-json\/wp\/v2\/product"}],"about":[{"href":"https:\/\/toprisesafety.com\/pt\/wp-json\/wp\/v2\/types\/product"}],"wp:featuredmedia":[{"embeddable":true,"href":"https:\/\/toprisesafety.com\/pt\/wp-json\/wp\/v2\/media\/11664"}],"wp:attachment":[{"href":"https:\/\/toprisesafety.com\/pt\/wp-json\/wp\/v2\/media?parent=11663"}],"wp:term":[{"taxonomy":"product_brand","embeddable":true,"href":"https:\/\/toprisesafety.com\/pt\/wp-json\/wp\/v2\/product_brand?post=11663"},{"taxonomy":"product_cat","embeddable":true,"href":"https:\/\/toprisesafety.com\/pt\/wp-json\/wp\/v2\/product_cat?post=11663"},{"taxonomy":"product_tag","embeddable":true,"href":"https:\/\/toprisesafety.com\/pt\/wp-json\/wp\/v2\/product_tag?post=11663"}],"curies":[{"name":"wp","href":"https:\/\/api.w.org\/{rel}","templated":true}]}}