{"id":11660,"date":"2025-03-26T06:23:46","date_gmt":"2025-03-26T06:23:46","guid":{"rendered":"https:\/\/toprisesafety.com\/?post_type=product&#038;p=11660"},"modified":"2025-04-09T06:47:25","modified_gmt":"2025-04-09T06:47:25","slug":"nitrile-coated-mechanical-gloves","status":"publish","type":"product","link":"https:\/\/toprisesafety.com\/pt\/produto\/nitrile-coated-mechanical-gloves\/","title":{"rendered":"Luvas mec\u00e2nicas revestidas de nitrilo"},"content":{"rendered":"<h2>Luvas mec\u00e2nicas revestidas de nitrilo<\/h2>\n<ul>\n<li>A tran\u00e7a HPPE de calibre 13 oferece prote\u00e7\u00e3o anticorte de alta resist\u00eancia para evitar cortes;<\/li>\n<li>O revestimento de nitrilo aumenta a resist\u00eancia a \u00f3leo e \u00e1gua para se adaptar a v\u00e1rios ambientes de trabalho;<\/li>\n<li>O TPR aprimora o design para oferecer prote\u00e7\u00e3o adicional \u00e0s m\u00e3os e reduzir o impacto;<\/li>\n<li>Alta flexibilidade, ajuste confort\u00e1vel, adequado para uso prolongado;<\/li>\n<li>Certifica\u00e7\u00e3o anticorte de grau 5, de acordo com os padr\u00f5es internacionais de seguran\u00e7a (EN388);<\/li>\n<li>Resistente ao desgaste, adequado para a produ\u00e7\u00e3o de ferramentas, corte de roupas, corte de engenharia, segmenta\u00e7\u00e3o de carne, pesca e outros setores;<\/li>\n<li>Projetado para aumentar a for\u00e7a de preens\u00e3o e melhorar a efici\u00eancia do trabalho;<\/li>\n<li>Fornecer uma variedade de fun\u00e7\u00f5es de prote\u00e7\u00e3o para atender \u00e0s necessidades de locais de trabalho complexos.<\/li>\n<\/ul>\n<table>\n<tbody>\n<tr>\n<td width=\"284\">ART NO.<\/td>\n<td width=\"335\">NG08<\/td>\n<\/tr>\n<tr>\n<td width=\"284\">Material<\/td>\n<td width=\"335\">Luvas tricotadas de HPPE de 13 gomos, revestidas com nitrilo e refor\u00e7adas com TPR.<\/p>\n<p>&nbsp;<\/td>\n<\/tr>\n<tr>\n<td width=\"284\">Recursos<\/td>\n<td width=\"335\">resistente a cortes e rasgos, antiderrapante e resistente ao desgaste<\/td>\n<\/tr>\n<tr>\n<td width=\"284\">Tamanho<\/td>\n<td width=\"335\">XS, S, M, L, XL, 2XL para escolha<\/td>\n<\/tr>\n<tr>\n<td width=\"284\">Padr\u00e3o de qualidade<\/td>\n<td width=\"335\">CE EN388<\/td>\n<\/tr>\n<tr>\n<td width=\"284\">Logotipo<\/td>\n<td width=\"335\">Impress\u00e3o em tela de seda ou por transfer\u00eancia t\u00e9rmica.<\/td>\n<\/tr>\n<tr>\n<td width=\"284\">Cor<\/td>\n<td width=\"335\">Suporte personalizado<\/td>\n<\/tr>\n<tr>\n<td width=\"284\">MOQ<\/td>\n<td width=\"335\">500 DOZ (6000 PARES)<\/td>\n<\/tr>\n<tr>\n<td width=\"284\">Embalagem<\/td>\n<td width=\"335\">12 pares por saco pl\u00e1stico, 120 pares por caixa ou personalizado<\/td>\n<\/tr>\n<tr>\n<td width=\"284\">Aplicativo<\/td>\n<td width=\"335\">Produ\u00e7\u00e3o de cortadores, corte de roupas, corte de engenharia, segmenta\u00e7\u00e3o de carne, pesca e outros setores.<\/td>\n<\/tr>\n<\/tbody>\n<\/table>\n<p>A TOPRISE oferece suporte a v\u00e1rios estilos de personaliza\u00e7\u00e3o de luvas mergulhadas em nitrilo; clique para <a href=\"https:\/\/toprisesafety.com\/pt\/categoria-produto\/personal-protective-equipment\/hand-protection\/nitrile-gloves\/\">veja mais estilos de luvas revestidas de nitrilo.<\/a><br \/>\nSe voc\u00ea n\u00e3o encontrar as luvas de nitrilo necess\u00e1rias,<a href=\"https:\/\/toprisesafety.com\/pt\/contact-us\/\"> Entre em contato conosco;<\/a> Oferecemos suporte \u00e0 personaliza\u00e7\u00e3o especial.<\/p>","protected":false},"excerpt":{"rendered":"<p>N\u00ba do art.: NG08<\/p>\n<p>Material: Luvas tricotadas de 13Guage HPPE, revestidas com nitrilo, refor\u00e7adas com TPR.<\/p>\n<p>Caracter\u00edsticas: resistente a cortes e rasgos, antiderrapante e resistente ao desgaste<\/p>\n<p>Tamanhos: XS, S, M, L, XL, 2XL para escolha<\/p>\n<p>Padr\u00e3o de qualidade: CE EN388<\/p>\n<p>MOQ: 500 DOZ (6000 PARES)<\/p>","protected":false},"featured_media":11662,"template":"","meta":{"_acf_changed":false},"product_brand":[],"product_cat":[349,345],"product_tag":[],"class_list":{"0":"post-11660","1":"product","2":"type-product","3":"status-publish","4":"has-post-thumbnail","6":"product_cat-nitrile-gloves","7":"product_cat-hand-protection","9":"first","10":"instock","11":"shipping-taxable","12":"product-type-simple"},"acf":[],"_links":{"self":[{"href":"https:\/\/toprisesafety.com\/pt\/wp-json\/wp\/v2\/product\/11660"}],"collection":[{"href":"https:\/\/toprisesafety.com\/pt\/wp-json\/wp\/v2\/product"}],"about":[{"href":"https:\/\/toprisesafety.com\/pt\/wp-json\/wp\/v2\/types\/product"}],"wp:featuredmedia":[{"embeddable":true,"href":"https:\/\/toprisesafety.com\/pt\/wp-json\/wp\/v2\/media\/11662"}],"wp:attachment":[{"href":"https:\/\/toprisesafety.com\/pt\/wp-json\/wp\/v2\/media?parent=11660"}],"wp:term":[{"taxonomy":"product_brand","embeddable":true,"href":"https:\/\/toprisesafety.com\/pt\/wp-json\/wp\/v2\/product_brand?post=11660"},{"taxonomy":"product_cat","embeddable":true,"href":"https:\/\/toprisesafety.com\/pt\/wp-json\/wp\/v2\/product_cat?post=11660"},{"taxonomy":"product_tag","embeddable":true,"href":"https:\/\/toprisesafety.com\/pt\/wp-json\/wp\/v2\/product_tag?post=11660"}],"curies":[{"name":"wp","href":"https:\/\/api.w.org\/{rel}","templated":true}]}}