{"id":11645,"date":"2025-03-26T04:28:36","date_gmt":"2025-03-26T04:28:36","guid":{"rendered":"https:\/\/toprisesafety.com\/?post_type=product&#038;p=11645"},"modified":"2025-04-09T06:49:42","modified_gmt":"2025-04-09T06:49:42","slug":"claw-garden-latex-gloves","status":"publish","type":"product","link":"https:\/\/toprisesafety.com\/pt\/produto\/claw-garden-latex-gloves\/","title":{"rendered":"Luvas de l\u00e1tex Claw Garden"},"content":{"rendered":"<h2>Luvas de l\u00e1tex Claw Garden<\/h2>\n<ul>\n<li>A superf\u00edcie enrugada de l\u00e1tex, a for\u00e7a de ader\u00eancia aprimorada e o efeito antiderrapante s\u00e3o bons.<\/li>\n<li>Tecido de poli\u00e9ster de 13 pinos, confort\u00e1vel e dur\u00e1vel;<\/li>\n<li>Com design de garra r\u00edgida em ABS para maior prote\u00e7\u00e3o e capacidade de agarrar;<\/li>\n<li>Dedicado ao trabalho em jardins, adequado para todos os tipos de trabalho ao ar livre;<\/li>\n<li>Suporte a logotipo e embalagem OEM.<\/li>\n<\/ul>\n<table>\n<tbody>\n<tr>\n<td width=\"284\">ART NO.<\/td>\n<td width=\"335\">LXG19<\/td>\n<\/tr>\n<tr>\n<td width=\"284\">Material<\/td>\n<td width=\"335\">Forro tricotado de poli\u00e9ster de 13 polegadas com revestimento de l\u00e1tex e garra de ABS<\/td>\n<\/tr>\n<tr>\n<td width=\"284\">Acabamento<\/td>\n<td width=\"335\">Palma e dedos enrugados, 3\/4 mergulhados em l\u00e1tex.<\/td>\n<\/tr>\n<tr>\n<td width=\"284\">Recurso<\/td>\n<td width=\"335\">Garra em ABS<\/td>\n<\/tr>\n<tr>\n<td width=\"284\">Peso<\/td>\n<td width=\"335\">mais de 75g\/par<\/td>\n<\/tr>\n<tr>\n<td width=\"284\">Tamanho<\/td>\n<td width=\"335\">Tamanho m\u00e9dio, acima de 13* 25 cm.<\/td>\n<\/tr>\n<tr>\n<td width=\"284\">Padr\u00e3o de qualidade<\/td>\n<td width=\"335\">CE EN388<\/td>\n<\/tr>\n<tr>\n<td width=\"284\">Logotipo<\/td>\n<td width=\"335\">Impress\u00e3o em tela de seda ou por transfer\u00eancia t\u00e9rmica.<\/td>\n<\/tr>\n<tr>\n<td width=\"284\">Cor<\/td>\n<td width=\"335\">Suporte personalizado<\/td>\n<\/tr>\n<tr>\n<td width=\"284\">MOQ<\/td>\n<td width=\"335\">1000 DOZ (12000 PARES)<\/td>\n<\/tr>\n<tr>\n<td width=\"284\">Embalagem<\/td>\n<td width=\"335\">12 pares por saco pl\u00e1stico, 120 pares por caixa ou personalizado<\/td>\n<\/tr>\n<tr>\n<td width=\"284\">Aplicativo<\/td>\n<td width=\"335\">Jardinagem, industrial, constru\u00e7\u00e3o, etc.<\/td>\n<\/tr>\n<\/tbody>\n<\/table>\n<p>A TOPRISE oferece suporte a v\u00e1rios estilos de personaliza\u00e7\u00e3o de luvas de l\u00e1tex; clique para <a href=\"https:\/\/toprisesafety.com\/pt\/categoria-produto\/personal-protective-equipment\/hand-protection\/latex-gloves\/\">veja mais estilos de luvas de l\u00e1tex.<\/a><\/p>\n<p>Se voc\u00ea n\u00e3o encontrar as luvas de l\u00e1tex necess\u00e1rias, <a href=\"https:\/\/toprisesafety.com\/pt\/contact-us\/\">Entre em contato conosco;<\/a> Oferecemos suporte \u00e0 personaliza\u00e7\u00e3o especial.<\/p>","protected":false},"excerpt":{"rendered":"<p>N\u00ba do art.: LXG19<\/p>\n<p>Material: Revestimento de malha de poli\u00e9ster de 13 polegadas com revestimento de l\u00e1tex e garra de ABS<\/p>\n<p>Acabamento: Palma e dedos enrugados, 3\/4 mergulhados em l\u00e1tex.<\/p>\n<p>Peso: mais de 79g\/par<\/p>\n<p>Tamanho: tamanho m\u00e9dio, acima de 13* 25CM<\/p>\n<p>Padr\u00e3o de qualidade: CE EN388<\/p>\n<p>MOQ: 1000 DOZ (12000 PARES)<\/p>","protected":false},"featured_media":11646,"template":"","meta":{"_acf_changed":false},"product_brand":[],"product_cat":[348,345],"product_tag":[],"class_list":{"0":"post-11645","1":"product","2":"type-product","3":"status-publish","4":"has-post-thumbnail","6":"product_cat-latex-gloves","7":"product_cat-hand-protection","9":"first","10":"instock","11":"shipping-taxable","12":"product-type-simple"},"acf":[],"_links":{"self":[{"href":"https:\/\/toprisesafety.com\/pt\/wp-json\/wp\/v2\/product\/11645"}],"collection":[{"href":"https:\/\/toprisesafety.com\/pt\/wp-json\/wp\/v2\/product"}],"about":[{"href":"https:\/\/toprisesafety.com\/pt\/wp-json\/wp\/v2\/types\/product"}],"wp:featuredmedia":[{"embeddable":true,"href":"https:\/\/toprisesafety.com\/pt\/wp-json\/wp\/v2\/media\/11646"}],"wp:attachment":[{"href":"https:\/\/toprisesafety.com\/pt\/wp-json\/wp\/v2\/media?parent=11645"}],"wp:term":[{"taxonomy":"product_brand","embeddable":true,"href":"https:\/\/toprisesafety.com\/pt\/wp-json\/wp\/v2\/product_brand?post=11645"},{"taxonomy":"product_cat","embeddable":true,"href":"https:\/\/toprisesafety.com\/pt\/wp-json\/wp\/v2\/product_cat?post=11645"},{"taxonomy":"product_tag","embeddable":true,"href":"https:\/\/toprisesafety.com\/pt\/wp-json\/wp\/v2\/product_tag?post=11645"}],"curies":[{"name":"wp","href":"https:\/\/api.w.org\/{rel}","templated":true}]}}