{"id":11643,"date":"2025-03-26T04:22:44","date_gmt":"2025-03-26T04:22:44","guid":{"rendered":"https:\/\/toprisesafety.com\/?post_type=product&#038;p=11643"},"modified":"2025-04-09T06:49:54","modified_gmt":"2025-04-09T06:49:54","slug":"anti-cut-latex-coated-wrinkle-foam-finish-work-gloves","status":"publish","type":"product","link":"https:\/\/toprisesafety.com\/pt\/produto\/anti-cut-latex-coated-wrinkle-foam-finish-work-gloves\/","title":{"rendered":"Luvas de trabalho com acabamento em espuma rugosa revestida de l\u00e1tex anticorte"},"content":{"rendered":"<h2>Luvas de trabalho com acabamento em espuma rugosa revestida de l\u00e1tex anticorte<\/h2>\n<ul>\n<li>O material HPPE de grau 5 oferece prote\u00e7\u00e3o extremamente alta contra cortes;<\/li>\n<\/ul>\n<p>&nbsp;<\/p>\n<ul>\n<li>O design enrugado da espuma de l\u00e1tex aumenta a for\u00e7a de ader\u00eancia;<\/li>\n<\/ul>\n<p>&nbsp;<\/p>\n<ul>\n<li>Dur\u00e1vel e confort\u00e1vel, adequado para uso prolongado;<\/li>\n<\/ul>\n<p>&nbsp;<\/p>\n<ul>\n<li>Excelente resist\u00eancia ao desgaste, vida \u00fatil prolongada;<\/li>\n<\/ul>\n<p>&nbsp;<\/p>\n<ul>\n<li>Certifica\u00e7\u00e3o EN388 para garantir a seguran\u00e7a;<\/li>\n<\/ul>\n<p>&nbsp;<\/p>\n<ul>\n<li>Aplic\u00e1vel a uma variedade de cen\u00e1rios de trabalho de alto risco.<\/li>\n<\/ul>\n<table>\n<tbody>\n<tr>\n<td width=\"284\">ART NO.<\/td>\n<td width=\"335\">LXG16<\/td>\n<\/tr>\n<tr>\n<td width=\"284\">Material<\/td>\n<td width=\"335\">HPPE de grau 5 com revestimento de l\u00e1tex de espuma enrugada<\/p>\n<p>&nbsp;<\/td>\n<\/tr>\n<tr>\n<td width=\"284\">Acabamento<\/td>\n<td width=\"335\">Espuma mergulhada em l\u00e1tex<\/td>\n<\/tr>\n<tr>\n<td width=\"284\">Peso<\/td>\n<td width=\"335\">mais de 70g\/par<\/td>\n<\/tr>\n<tr>\n<td width=\"284\">Tamanho<\/td>\n<td width=\"335\">7\u2033,8\u2033,9\u2033,10\u2033,11\u2033 para escolha<\/td>\n<\/tr>\n<tr>\n<td width=\"284\">Padr\u00e3o de qualidade<\/td>\n<td width=\"335\">CE EN388<\/td>\n<\/tr>\n<tr>\n<td width=\"284\">Logotipo<\/td>\n<td width=\"335\">Impress\u00e3o em tela de seda ou por transfer\u00eancia t\u00e9rmica.<\/td>\n<\/tr>\n<tr>\n<td width=\"284\">Cor<\/td>\n<td width=\"335\">Suporte personalizado<\/td>\n<\/tr>\n<tr>\n<td width=\"284\">MOQ<\/td>\n<td width=\"335\">1000 DOZ (12000 PARES)<\/td>\n<\/tr>\n<tr>\n<td width=\"284\">Embalagem<\/td>\n<td width=\"335\">12 pares por saco pl\u00e1stico, 120 pares por caixa ou personalizado<\/td>\n<\/tr>\n<tr>\n<td width=\"284\">Aplicativo<\/td>\n<td width=\"335\">Constru\u00e7\u00e3o, manuten\u00e7\u00e3o mec\u00e2nica, petroqu\u00edmica, engenharia de carpintaria, etc.<\/td>\n<\/tr>\n<\/tbody>\n<\/table>\n<p>A TOPRISE oferece suporte a v\u00e1rios estilos de personaliza\u00e7\u00e3o de luvas de l\u00e1tex; clique para <a href=\"https:\/\/toprisesafety.com\/pt\/categoria-produto\/personal-protective-equipment\/hand-protection\/latex-gloves\/\">veja mais estilos de luvas de l\u00e1tex.<\/a><\/p>\n<p>Se voc\u00ea n\u00e3o encontrar as luvas de l\u00e1tex necess\u00e1rias, <a href=\"https:\/\/toprisesafety.com\/pt\/contact-us\/\">Entre em contato conosco;<\/a> Oferecemos suporte \u00e0 personaliza\u00e7\u00e3o especial.<\/p>","protected":false},"excerpt":{"rendered":"<p>N\u00ba do art.: LXG18<\/p>\n<p>Material: HPPE de 5 graus com revestimento de l\u00e1tex de espuma enrugada<\/p>\n<p>Peso: mais de 70g\/par<\/p>\n<p>Tamanho: 7\u2033,8\u2033,9\u2033,10\u2033,11\u2033 para escolha<\/p>\n<p>Padr\u00e3o de qualidade: CE EN388<\/p>\n<p>MOQ: 1000 DOZ (12000 PARES)<\/p>","protected":false},"featured_media":11644,"template":"","meta":{"_acf_changed":false},"product_brand":[],"product_cat":[348,345],"product_tag":[],"class_list":{"0":"post-11643","1":"product","2":"type-product","3":"status-publish","4":"has-post-thumbnail","6":"product_cat-latex-gloves","7":"product_cat-hand-protection","9":"first","10":"instock","11":"shipping-taxable","12":"product-type-simple"},"acf":[],"_links":{"self":[{"href":"https:\/\/toprisesafety.com\/pt\/wp-json\/wp\/v2\/product\/11643"}],"collection":[{"href":"https:\/\/toprisesafety.com\/pt\/wp-json\/wp\/v2\/product"}],"about":[{"href":"https:\/\/toprisesafety.com\/pt\/wp-json\/wp\/v2\/types\/product"}],"wp:featuredmedia":[{"embeddable":true,"href":"https:\/\/toprisesafety.com\/pt\/wp-json\/wp\/v2\/media\/11644"}],"wp:attachment":[{"href":"https:\/\/toprisesafety.com\/pt\/wp-json\/wp\/v2\/media?parent=11643"}],"wp:term":[{"taxonomy":"product_brand","embeddable":true,"href":"https:\/\/toprisesafety.com\/pt\/wp-json\/wp\/v2\/product_brand?post=11643"},{"taxonomy":"product_cat","embeddable":true,"href":"https:\/\/toprisesafety.com\/pt\/wp-json\/wp\/v2\/product_cat?post=11643"},{"taxonomy":"product_tag","embeddable":true,"href":"https:\/\/toprisesafety.com\/pt\/wp-json\/wp\/v2\/product_tag?post=11643"}],"curies":[{"name":"wp","href":"https:\/\/api.w.org\/{rel}","templated":true}]}}