{"id":11636,"date":"2025-03-26T03:59:30","date_gmt":"2025-03-26T03:59:30","guid":{"rendered":"https:\/\/toprisesafety.com\/?post_type=product&#038;p=11636"},"modified":"2025-04-09T06:50:27","modified_gmt":"2025-04-09T06:50:27","slug":"waterproof-sandy-double-latex-full-coated-work-gloves","status":"publish","type":"product","link":"https:\/\/toprisesafety.com\/pt\/produto\/waterproof-sandy-double-latex-full-coated-work-gloves\/","title":{"rendered":"Luvas de trabalho \u00e0 prova d'\u00e1gua com revestimento total de l\u00e1tex duplo Sandy"},"content":{"rendered":"<h2>Luvas de trabalho \u00e0 prova d'\u00e1gua com revestimento total de l\u00e1tex duplo Sandy<\/h2>\n<p>Material de poli\u00e9ster de 15 gaiolas: proporciona um uso confort\u00e1vel e boa respirabilidade.<\/p>\n<p>\u00c0 prova d'\u00e1gua de l\u00e1tex: impede efetivamente a penetra\u00e7\u00e3o de \u00e1gua; adequado para ambientes \u00famidos.<\/p>\n<p>Design de dupla imers\u00e3o: Aumenta a durabilidade e a prote\u00e7\u00e3o das luvas e prolonga a vida \u00fatil.<\/p>\n<p>Superf\u00edcie fosca de l\u00e1tex: proporciona boa ader\u00eancia e garante estabilidade em v\u00e1rias opera\u00e7\u00f5es.<\/p>\n<p>Adequado para uma variedade de ambientes de trabalho: adequado para horticultura, maquin\u00e1rio, bricolagem e outras ocasi\u00f5es de trabalho.<\/p>\n<p>Suporte a LOGOTIPO personalizado: para atender \u00e0s necessidades de marca personalizada e aprimorar a imagem corporativa.<\/p>\n<p>Op\u00e7\u00f5es especiais de embalagem: Fornecer embalagens personalizadas de acordo com as necessidades do cliente para aumentar o apelo do mercado.<\/p>\n<table>\n<tbody>\n<tr>\n<td width=\"284\">ART NO.<\/td>\n<td width=\"335\">LXG16<\/td>\n<\/tr>\n<tr>\n<td width=\"284\">Material<\/td>\n<td width=\"335\">Forro de malha de poli\u00e9ster de 13 polegadas com revestimento de l\u00e1tex duplo de areia<\/p>\n<p>&nbsp;<\/td>\n<\/tr>\n<tr>\n<td width=\"284\">Acabamento<\/td>\n<td width=\"335\">Camada dupla, com imers\u00e3o total em l\u00e1tex, \u00e0 prova d'\u00e1gua<\/td>\n<\/tr>\n<tr>\n<td width=\"284\">Peso<\/td>\n<td width=\"335\">mais de 60-70g\/par<\/td>\n<\/tr>\n<tr>\n<td width=\"284\">Tamanho<\/td>\n<td width=\"335\">7\u2033,8\u2033,9\u2033,10\u2033,11\u2033 para escolha<\/td>\n<\/tr>\n<tr>\n<td width=\"284\">Padr\u00e3o de qualidade<\/td>\n<td width=\"335\">CE EN388<\/td>\n<\/tr>\n<tr>\n<td width=\"284\">Logotipo<\/td>\n<td width=\"335\">Impress\u00e3o em tela de seda ou por transfer\u00eancia t\u00e9rmica.<\/td>\n<\/tr>\n<tr>\n<td width=\"284\">Cor<\/td>\n<td width=\"335\">Suporte personalizado<\/td>\n<\/tr>\n<tr>\n<td width=\"284\">MOQ<\/td>\n<td width=\"335\">1000 DOZ (12000 PARES)<\/td>\n<\/tr>\n<tr>\n<td width=\"284\">Embalagem<\/td>\n<td width=\"335\">12 pares por saco pl\u00e1stico, 120 pares por caixa ou personalizado<\/td>\n<\/tr>\n<tr>\n<td width=\"284\">Aplicativo<\/td>\n<td width=\"335\">Constru\u00e7\u00e3o, manuten\u00e7\u00e3o mec\u00e2nica, petroqu\u00edmica, engenharia de carpintaria, etc.<\/td>\n<\/tr>\n<\/tbody>\n<\/table>\n<p>A TOPRISE oferece suporte a v\u00e1rios estilos de personaliza\u00e7\u00e3o de luvas de l\u00e1tex; clique para <a href=\"https:\/\/toprisesafety.com\/pt\/categoria-produto\/personal-protective-equipment\/hand-protection\/latex-gloves\/\">veja mais estilos de luvas de l\u00e1tex.<\/a><\/p>\n<p>Se voc\u00ea n\u00e3o encontrar as luvas de l\u00e1tex necess\u00e1rias, <a href=\"https:\/\/toprisesafety.com\/pt\/contact-us\/\">Entre em contato conosco;<\/a> Oferecemos suporte \u00e0 personaliza\u00e7\u00e3o especial.<\/p>","protected":false},"excerpt":{"rendered":"<p>Art No.: LXG16<\/p>\n<p>Material:\u00a013 guage polyester\u00a0knitted liner with sandy double latex\u00a0coated<\/p>\n<p>Finish: Double layer, full andy latex dipped,waterproof.<\/p>\n<p>Weight : over 60-70g\/pair<\/p>\n<p>Tamanho: 7\u2033,8\u2033,9\u2033,10\u2033,11\u2033 para escolha<\/p>\n<p>Padr\u00e3o de qualidade: CE EN388<\/p>\n<p>MOQ: 1000 DOZ (12000 PARES)<\/p>","protected":false},"featured_media":11637,"template":"","meta":{"_acf_changed":false},"product_brand":[],"product_cat":[348,345],"product_tag":[],"class_list":{"0":"post-11636","1":"product","2":"type-product","3":"status-publish","4":"has-post-thumbnail","6":"product_cat-latex-gloves","7":"product_cat-hand-protection","9":"first","10":"instock","11":"shipping-taxable","12":"product-type-simple"},"acf":[],"_links":{"self":[{"href":"https:\/\/toprisesafety.com\/pt\/wp-json\/wp\/v2\/product\/11636"}],"collection":[{"href":"https:\/\/toprisesafety.com\/pt\/wp-json\/wp\/v2\/product"}],"about":[{"href":"https:\/\/toprisesafety.com\/pt\/wp-json\/wp\/v2\/types\/product"}],"wp:featuredmedia":[{"embeddable":true,"href":"https:\/\/toprisesafety.com\/pt\/wp-json\/wp\/v2\/media\/11637"}],"wp:attachment":[{"href":"https:\/\/toprisesafety.com\/pt\/wp-json\/wp\/v2\/media?parent=11636"}],"wp:term":[{"taxonomy":"product_brand","embeddable":true,"href":"https:\/\/toprisesafety.com\/pt\/wp-json\/wp\/v2\/product_brand?post=11636"},{"taxonomy":"product_cat","embeddable":true,"href":"https:\/\/toprisesafety.com\/pt\/wp-json\/wp\/v2\/product_cat?post=11636"},{"taxonomy":"product_tag","embeddable":true,"href":"https:\/\/toprisesafety.com\/pt\/wp-json\/wp\/v2\/product_tag?post=11636"}],"curies":[{"name":"wp","href":"https:\/\/api.w.org\/{rel}","templated":true}]}}