{"id":11634,"date":"2025-03-26T03:50:10","date_gmt":"2025-03-26T03:50:10","guid":{"rendered":"https:\/\/toprisesafety.com\/?post_type=product&#038;p=11634"},"modified":"2025-04-09T06:50:55","modified_gmt":"2025-04-09T06:50:55","slug":"wrinkle-latex-coated-hand-gloves","status":"publish","type":"product","link":"https:\/\/toprisesafety.com\/pt\/produto\/wrinkle-latex-coated-hand-gloves\/","title":{"rendered":"Luvas de m\u00e3o revestidas de l\u00e1tex para rugas"},"content":{"rendered":"<h2>Luvas de m\u00e3o revestidas de l\u00e1tex para rugas<\/h2>\n<ul>\n<li>Design com rugas de l\u00e1tex, que melhora o desempenho antiderrapante;<\/li>\n<\/ul>\n<p>&nbsp;<\/p>\n<ul>\n<li>Pulso de malha de l\u00e3 de algod\u00e3o, proporcionando um ajuste confort\u00e1vel;<\/li>\n<\/ul>\n<p>&nbsp;<\/p>\n<ul>\n<li>Processo de imers\u00e3o de 3\/4 para aumentar a durabilidade;<\/li>\n<\/ul>\n<p>&nbsp;<\/p>\n<ul>\n<li>O design da al\u00e7a de tric\u00f4 impede efetivamente a entrada de corpos estranhos;<\/li>\n<\/ul>\n<p>&nbsp;<\/p>\n<ul>\n<li>Suporte \u00e0 personaliza\u00e7\u00e3o do LOGO para atender \u00e0s necessidades individuais;<\/li>\n<\/ul>\n<p>&nbsp;<\/p>\n<ul>\n<li>As embalagens especiais podem ser personalizadas para atender a diferentes necessidades;<\/li>\n<\/ul>\n<p>&nbsp;<\/p>\n<ul>\n<li>Certifica\u00e7\u00e3o EN388 para seguran\u00e7a das m\u00e3os.<\/li>\n<\/ul>\n<table>\n<tbody>\n<tr>\n<td width=\"284\">ART NO.<\/td>\n<td width=\"386\">LXG15<\/td>\n<\/tr>\n<tr>\n<td width=\"284\">Material<\/td>\n<td width=\"386\">Revestido de l\u00e1tex amarelo enrugado, costas abertas, pulso de malha, forro de intertravamento.<\/td>\n<\/tr>\n<tr>\n<td width=\"284\">Acabamento<\/td>\n<td width=\"386\">l\u00e1tex rugoso, 3\/4 de l\u00e1tex mergulhado.<\/p>\n<p>&nbsp;<\/td>\n<\/tr>\n<tr>\n<td width=\"284\">Peso<\/td>\n<td width=\"386\">Mais de 65g\/par<\/td>\n<\/tr>\n<tr>\n<td width=\"284\">Tamanho<\/td>\n<td width=\"386\">7\u2033,8\u2033,9\u2033,10\u2033,11\u2033 para escolha<\/td>\n<\/tr>\n<tr>\n<td width=\"284\">Padr\u00e3o de qualidade<\/td>\n<td width=\"386\">CE EN388<\/td>\n<\/tr>\n<tr>\n<td width=\"284\">Logotipo<\/td>\n<td width=\"386\">Impress\u00e3o em tela de seda ou por transfer\u00eancia t\u00e9rmica.<\/td>\n<\/tr>\n<tr>\n<td width=\"284\">Cor<\/td>\n<td width=\"386\">Suporte personalizado<\/td>\n<\/tr>\n<tr>\n<td width=\"284\">MOQ<\/td>\n<td width=\"386\">500 DOZ (6000 PARES)<\/td>\n<\/tr>\n<tr>\n<td width=\"284\">Embalagem<\/td>\n<td width=\"386\">12 pares por saco pl\u00e1stico, 120 pares por caixa ou personalizado<\/td>\n<\/tr>\n<tr>\n<td width=\"284\">Aplicativo<\/td>\n<td width=\"386\">Constru\u00e7\u00e3o, manuten\u00e7\u00e3o mec\u00e2nica, petroqu\u00edmica, engenharia de carpintaria, etc.<\/td>\n<\/tr>\n<\/tbody>\n<\/table>\n<p>A TOPRISE oferece suporte a v\u00e1rios estilos de personaliza\u00e7\u00e3o de luvas de l\u00e1tex; clique para <a href=\"https:\/\/toprisesafety.com\/pt\/categoria-produto\/personal-protective-equipment\/hand-protection\/latex-gloves\/\">veja mais estilos de luvas de l\u00e1tex.<\/a><\/p>\n<p>Se voc\u00ea n\u00e3o encontrar as luvas de l\u00e1tex necess\u00e1rias, <a href=\"https:\/\/toprisesafety.com\/pt\/contact-us\/\">Entre em contato conosco;<\/a> Oferecemos suporte \u00e0 personaliza\u00e7\u00e3o especial.<\/p>","protected":false},"excerpt":{"rendered":"<p>N\u00ba do art.: LXG15<\/p>\n<p>Material: Revestido de l\u00e1tex amarelo enrugado, costas abertas, pulso de malha, forro de intertravamento.<\/p>\n<p>Acabamento: l\u00e1tex enrugado, 3\/4 de l\u00e1tex mergulhado.<\/p>\n<p>Peso: mais de 65g\/par<\/p>\n<p>Tamanho: 7\u2033,8\u2033,9\u2033,10\u2033,11\u2033 para escolha<\/p>\n<p>Padr\u00e3o de qualidade: CE EN388<\/p>\n<p>MOQ: 500 DOZ (6000 PARES)<\/p>","protected":false},"featured_media":11635,"template":"","meta":{"_acf_changed":false},"product_brand":[],"product_cat":[348,345],"product_tag":[],"class_list":{"0":"post-11634","1":"product","2":"type-product","3":"status-publish","4":"has-post-thumbnail","6":"product_cat-latex-gloves","7":"product_cat-hand-protection","9":"first","10":"instock","11":"shipping-taxable","12":"product-type-simple"},"acf":[],"_links":{"self":[{"href":"https:\/\/toprisesafety.com\/pt\/wp-json\/wp\/v2\/product\/11634"}],"collection":[{"href":"https:\/\/toprisesafety.com\/pt\/wp-json\/wp\/v2\/product"}],"about":[{"href":"https:\/\/toprisesafety.com\/pt\/wp-json\/wp\/v2\/types\/product"}],"wp:featuredmedia":[{"embeddable":true,"href":"https:\/\/toprisesafety.com\/pt\/wp-json\/wp\/v2\/media\/11635"}],"wp:attachment":[{"href":"https:\/\/toprisesafety.com\/pt\/wp-json\/wp\/v2\/media?parent=11634"}],"wp:term":[{"taxonomy":"product_brand","embeddable":true,"href":"https:\/\/toprisesafety.com\/pt\/wp-json\/wp\/v2\/product_brand?post=11634"},{"taxonomy":"product_cat","embeddable":true,"href":"https:\/\/toprisesafety.com\/pt\/wp-json\/wp\/v2\/product_cat?post=11634"},{"taxonomy":"product_tag","embeddable":true,"href":"https:\/\/toprisesafety.com\/pt\/wp-json\/wp\/v2\/product_tag?post=11634"}],"curies":[{"name":"wp","href":"https:\/\/api.w.org\/{rel}","templated":true}]}}