{"id":11632,"date":"2025-03-26T03:45:18","date_gmt":"2025-03-26T03:45:18","guid":{"rendered":"https:\/\/toprisesafety.com\/?post_type=product&#038;p=11632"},"modified":"2025-04-09T06:51:10","modified_gmt":"2025-04-09T06:51:10","slug":"sandy-latex-coated-work-gloves","status":"publish","type":"product","link":"https:\/\/toprisesafety.com\/pt\/produto\/sandy-latex-coated-work-gloves\/","title":{"rendered":"Luvas de trabalho revestidas de l\u00e1tex Sandy"},"content":{"rendered":"<h2>Luvas de trabalho revestidas de l\u00e1tex Sandy<\/h2>\n<ul>\n<li>Excelente conforto: Design de malha de n\u00e1ilon de calibre 13, toque macio, confort\u00e1vel de usar.<\/li>\n<li>Bom efeito antiderrapante: o design da superf\u00edcie de l\u00e1tex espumado proporciona excelente for\u00e7a de ader\u00eancia e \u00e9 adequado para ambientes \u00famidos.<\/li>\n<li>Design impregnado com 3\/4: oferece prote\u00e7\u00e3o sem comprometer a flexibilidade para o manuseio fino.<\/li>\n<li>Forte permeabilidade ao ar: o material de n\u00e1ilon aumenta a permeabilidade ao ar, o desgaste a longo prazo n\u00e3o \u00e9 quente.<\/li>\n<li>Servi\u00e7os personalizados: Suporte \u00e0 personaliza\u00e7\u00e3o do LOGOTIPO e embalagem personalizada para atender \u00e0s necessidades das empresas.<\/li>\n<li>Aplica\u00e7\u00e3o multifuncional: adequado para constru\u00e7\u00e3o, manuten\u00e7\u00e3o de maquin\u00e1rio<\/li>\n<\/ul>\n<ul>\n<li>O design fosco de l\u00e1tex aumenta o desempenho antiderrapante.<\/li>\n<li>Processo de dupla imers\u00e3o para aumentar a durabilidade;<\/li>\n<li>Proporcionam uma sensa\u00e7\u00e3o de conforto e ajuste;<\/li>\n<li>Suporte \u00e0 personaliza\u00e7\u00e3o do LOGOTIPO de acordo com as necessidades individuais.<\/li>\n<li>As embalagens especiais podem ser personalizadas de acordo com a demanda;<\/li>\n<li>A ader\u00eancia forte melhora a efici\u00eancia do trabalho.<\/li>\n<li>Certifica\u00e7\u00e3o da norma EN388 para garantir a seguran\u00e7a.<\/li>\n<\/ul>\n<table>\n<tbody>\n<tr>\n<td width=\"284\">ART NO.<\/td>\n<td width=\"335\">LXG14<\/td>\n<\/tr>\n<tr>\n<td width=\"284\">Material<\/td>\n<td width=\"335\">Forro de malha de poli\u00e9ster de 15 polegadas com revestimento de l\u00e1tex arenoso<\/td>\n<\/tr>\n<tr>\n<td width=\"284\">Acabamento<\/td>\n<td width=\"335\">Camada dupla, dedos enrugados, 3\/4 mergulhados em l\u00e1tex.<\/td>\n<\/tr>\n<tr>\n<td width=\"284\">Peso<\/td>\n<td width=\"335\">mais de 90g\/par<\/td>\n<\/tr>\n<tr>\n<td width=\"284\">Tamanho<\/td>\n<td width=\"335\">7\u2033,8\u2033,9\u2033,10\u2033,11\u2033 para escolha<\/td>\n<\/tr>\n<tr>\n<td width=\"284\">Padr\u00e3o de qualidade<\/td>\n<td width=\"335\">CE EN388<\/td>\n<\/tr>\n<tr>\n<td width=\"284\">Logotipo<\/td>\n<td width=\"335\">Impress\u00e3o em tela de seda ou por transfer\u00eancia t\u00e9rmica.<\/td>\n<\/tr>\n<tr>\n<td width=\"284\">Cor<\/td>\n<td width=\"335\">Suporte personalizado<\/td>\n<\/tr>\n<tr>\n<td width=\"284\">MOQ<\/td>\n<td width=\"335\">1000 DOZ (12000 PARES)<\/td>\n<\/tr>\n<tr>\n<td width=\"284\">Embalagem<\/td>\n<td width=\"335\">12 pares por saco pl\u00e1stico, 120 pares por caixa ou personalizado<\/td>\n<\/tr>\n<tr>\n<td width=\"284\">Aplicativo<\/td>\n<td width=\"335\">Constru\u00e7\u00e3o, manuten\u00e7\u00e3o mec\u00e2nica, petroqu\u00edmica, engenharia de carpintaria, etc.<\/td>\n<\/tr>\n<\/tbody>\n<\/table>\n<p>A TOPRISE oferece suporte a v\u00e1rios estilos de personaliza\u00e7\u00e3o de luvas de l\u00e1tex; clique para <a href=\"https:\/\/toprisesafety.com\/pt\/categoria-produto\/personal-protective-equipment\/hand-protection\/latex-gloves\/\">veja mais estilos de luvas de l\u00e1tex.<\/a><\/p>\n<p>Se voc\u00ea n\u00e3o encontrar as luvas de l\u00e1tex necess\u00e1rias, <a href=\"https:\/\/toprisesafety.com\/pt\/contact-us\/\">Entre em contato conosco;<\/a> Oferecemos suporte \u00e0 personaliza\u00e7\u00e3o especial.<\/p>","protected":false},"excerpt":{"rendered":"<p>N\u00ba do art.: LXG14<\/p>\n<p>Material: Forro tricotado de poli\u00e9ster de 15 polegadas com revestimento de l\u00e1tex arenoso<\/p>\n<p>Acabamento: Camada dupla, dedos enrugados, 3\/4 mergulhados em l\u00e1tex.<\/p>\n<p>Peso: mais de 90g\/par<\/p>\n<p>Tamanho: 7\u2033,8\u2033,9\u2033,10\u2033,11\u2033 para escolha<\/p>\n<p>Padr\u00e3o de qualidade: CE EN388<\/p>\n<p>MOQ: 1000 DOZ (12000 PARES)<\/p>","protected":false},"featured_media":11633,"template":"","meta":{"_acf_changed":false},"product_brand":[],"product_cat":[348,345],"product_tag":[],"class_list":{"0":"post-11632","1":"product","2":"type-product","3":"status-publish","4":"has-post-thumbnail","6":"product_cat-latex-gloves","7":"product_cat-hand-protection","9":"first","10":"instock","11":"shipping-taxable","12":"product-type-simple"},"acf":[],"_links":{"self":[{"href":"https:\/\/toprisesafety.com\/pt\/wp-json\/wp\/v2\/product\/11632"}],"collection":[{"href":"https:\/\/toprisesafety.com\/pt\/wp-json\/wp\/v2\/product"}],"about":[{"href":"https:\/\/toprisesafety.com\/pt\/wp-json\/wp\/v2\/types\/product"}],"wp:featuredmedia":[{"embeddable":true,"href":"https:\/\/toprisesafety.com\/pt\/wp-json\/wp\/v2\/media\/11633"}],"wp:attachment":[{"href":"https:\/\/toprisesafety.com\/pt\/wp-json\/wp\/v2\/media?parent=11632"}],"wp:term":[{"taxonomy":"product_brand","embeddable":true,"href":"https:\/\/toprisesafety.com\/pt\/wp-json\/wp\/v2\/product_brand?post=11632"},{"taxonomy":"product_cat","embeddable":true,"href":"https:\/\/toprisesafety.com\/pt\/wp-json\/wp\/v2\/product_cat?post=11632"},{"taxonomy":"product_tag","embeddable":true,"href":"https:\/\/toprisesafety.com\/pt\/wp-json\/wp\/v2\/product_tag?post=11632"}],"curies":[{"name":"wp","href":"https:\/\/api.w.org\/{rel}","templated":true}]}}