{"id":11629,"date":"2025-03-26T03:39:58","date_gmt":"2025-03-26T03:39:58","guid":{"rendered":"https:\/\/toprisesafety.com\/?post_type=product&#038;p=11629"},"modified":"2025-04-09T07:33:27","modified_gmt":"2025-04-09T07:33:27","slug":"heavy-duty-double-layer-latex-coated-gloves","status":"publish","type":"product","link":"https:\/\/toprisesafety.com\/pt\/produto\/heavy-duty-double-layer-latex-coated-gloves\/","title":{"rendered":"Luvas revestidas de l\u00e1tex de camada dupla para servi\u00e7os pesados"},"content":{"rendered":"<h2>Luvas revestidas de l\u00e1tex de camada dupla para servi\u00e7os pesados<\/h2>\n<ul>\n<li>Feito de material de poli\u00e9ster de calibre 13, \u00e9 macio e confort\u00e1vel.<\/li>\n<li>A espuma de l\u00e1tex proporciona excelentes propriedades antiderrapantes.<\/li>\n<li>A dupla imers\u00e3o aumenta a durabilidade e a resist\u00eancia a perfura\u00e7\u00f5es das luvas.<\/li>\n<li>Boa permeabilidade ao ar, reduz a sensa\u00e7\u00e3o de suor nas m\u00e3os.<\/li>\n<li>Oferece boa prote\u00e7\u00e3o, adequada para uma variedade de ambientes de trabalho.<\/li>\n<li>Design de alta flexibilidade, adaptado \u00e0 constru\u00e7\u00e3o, manuten\u00e7\u00e3o mec\u00e2nica, petroqu\u00edmica, engenharia de carpintaria, etc.<\/li>\n<\/ul>\n<table>\n<tbody>\n<tr>\n<td width=\"284\">ART NO.<\/td>\n<td width=\"335\">LXG13<\/td>\n<\/tr>\n<tr>\n<td width=\"284\">Material<\/td>\n<td width=\"335\">Forro de malha de poli\u00e9ster de 13 polegadas com revestimento de espuma de l\u00e1tex<\/td>\n<\/tr>\n<tr>\n<td width=\"284\">Acabamento<\/td>\n<td width=\"335\">Camada dupla, dedos enrugados, 3\/4 mergulhados em l\u00e1tex.<\/td>\n<\/tr>\n<tr>\n<td width=\"284\">Peso<\/td>\n<td width=\"335\">mais de 45-55g\/par<\/td>\n<\/tr>\n<tr>\n<td width=\"284\">Tamanho<\/td>\n<td width=\"335\">7\u2033,8\u2033,9\u2033,10\u2033,11\u2033 para escolha<\/td>\n<\/tr>\n<tr>\n<td width=\"284\">Padr\u00e3o de qualidade<\/td>\n<td width=\"335\">CE EN388<\/td>\n<\/tr>\n<tr>\n<td width=\"284\">Logotipo<\/td>\n<td width=\"335\">Impress\u00e3o em tela de seda ou por transfer\u00eancia t\u00e9rmica.<\/td>\n<\/tr>\n<tr>\n<td width=\"284\">Cor<\/td>\n<td width=\"335\">Suporte personalizado<\/td>\n<\/tr>\n<tr>\n<td width=\"284\">MOQ<\/td>\n<td width=\"335\">1000 DOZ (12000 PARES)<\/td>\n<\/tr>\n<tr>\n<td width=\"284\">Embalagem<\/td>\n<td width=\"335\">12 pares por saco pl\u00e1stico, 120 pares por caixa ou personalizado<\/td>\n<\/tr>\n<tr>\n<td width=\"284\">Aplicativo<\/td>\n<td width=\"335\">Constru\u00e7\u00e3o, manuten\u00e7\u00e3o mec\u00e2nica, petroqu\u00edmica, engenharia de carpintaria, etc.<\/td>\n<\/tr>\n<\/tbody>\n<\/table>\n<p>A TOPRISE oferece suporte a v\u00e1rios estilos de personaliza\u00e7\u00e3o de luvas de l\u00e1tex; clique para <a href=\"https:\/\/toprisesafety.com\/pt\/categoria-produto\/personal-protective-equipment\/hand-protection\/latex-gloves\/\">veja mais estilos de luvas de l\u00e1tex.<\/a><\/p>\n<p>Se voc\u00ea n\u00e3o encontrar as luvas de l\u00e1tex necess\u00e1rias, <a href=\"https:\/\/toprisesafety.com\/pt\/contact-us\/\">Entre em contato conosco;<\/a> Oferecemos suporte \u00e0 personaliza\u00e7\u00e3o especial.<\/p>","protected":false},"excerpt":{"rendered":"<p>N\u00ba do art.: LXG13<\/p>\n<p>Material: Forro tricotado de poli\u00e9ster de 13 polegadas com revestimento de espuma de l\u00e1tex<\/p>\n<p>Acabamento: Camada dupla, dedos enrugados, 3\/4 mergulhados em l\u00e1tex.<\/p>\n<p>Peso: mais de 45-55g\/par<\/p>\n<p>Tamanho: 7\u2033,8\u2033,9\u2033,10\u2033,11\u2033 para escolha<\/p>\n<p>Padr\u00e3o de qualidade: CE EN388<\/p>\n<p>MOQ: 1000 DOZ (12000 PARES)<\/p>","protected":false},"featured_media":11631,"template":"","meta":{"_acf_changed":false},"product_brand":[],"product_cat":[348,345],"product_tag":[],"class_list":{"0":"post-11629","1":"product","2":"type-product","3":"status-publish","4":"has-post-thumbnail","6":"product_cat-latex-gloves","7":"product_cat-hand-protection","9":"first","10":"instock","11":"shipping-taxable","12":"product-type-simple"},"acf":[],"_links":{"self":[{"href":"https:\/\/toprisesafety.com\/pt\/wp-json\/wp\/v2\/product\/11629"}],"collection":[{"href":"https:\/\/toprisesafety.com\/pt\/wp-json\/wp\/v2\/product"}],"about":[{"href":"https:\/\/toprisesafety.com\/pt\/wp-json\/wp\/v2\/types\/product"}],"wp:featuredmedia":[{"embeddable":true,"href":"https:\/\/toprisesafety.com\/pt\/wp-json\/wp\/v2\/media\/11631"}],"wp:attachment":[{"href":"https:\/\/toprisesafety.com\/pt\/wp-json\/wp\/v2\/media?parent=11629"}],"wp:term":[{"taxonomy":"product_brand","embeddable":true,"href":"https:\/\/toprisesafety.com\/pt\/wp-json\/wp\/v2\/product_brand?post=11629"},{"taxonomy":"product_cat","embeddable":true,"href":"https:\/\/toprisesafety.com\/pt\/wp-json\/wp\/v2\/product_cat?post=11629"},{"taxonomy":"product_tag","embeddable":true,"href":"https:\/\/toprisesafety.com\/pt\/wp-json\/wp\/v2\/product_tag?post=11629"}],"curies":[{"name":"wp","href":"https:\/\/api.w.org\/{rel}","templated":true}]}}