{"id":11626,"date":"2025-03-26T03:26:44","date_gmt":"2025-03-26T03:26:44","guid":{"rendered":"https:\/\/toprisesafety.com\/?post_type=product&#038;p=11626"},"modified":"2025-04-09T07:34:38","modified_gmt":"2025-04-09T07:34:38","slug":"latex-dipped-work-gloves","status":"publish","type":"product","link":"https:\/\/toprisesafety.com\/pt\/produto\/latex-dipped-work-gloves\/","title":{"rendered":"Luvas de trabalho mergulhadas em l\u00e1tex"},"content":{"rendered":"<h2>Luvas de trabalho mergulhadas em l\u00e1tex<\/h2>\n<ul>\n<li>Excelente efeito antiderrapante: O design com vinco de l\u00e1tex proporciona excelente for\u00e7a de ader\u00eancia e \u00e9 adequado para ambientes \u00famidos.<\/li>\n<\/ul>\n<p>&nbsp;<\/p>\n<ul>\n<li>Forte resist\u00eancia ao desgaste: tran\u00e7a de 10 agulhas e 5 fios, aumenta a durabilidade e \u00e9 adequada para trabalhos de longo prazo.<\/li>\n<\/ul>\n<p>&nbsp;<\/p>\n<ul>\n<li>Respir\u00e1vel e confort\u00e1vel: O design tran\u00e7ado com 5 fios aumenta a permeabilidade ao ar e reduz a sensa\u00e7\u00e3o de entupimento das m\u00e3os.<\/li>\n<\/ul>\n<p>&nbsp;<\/p>\n<ul>\n<li>Design com adesivo 3\/4: Oferece prote\u00e7\u00e3o adicional e mant\u00e9m a flexibilidade das m\u00e3os.<\/li>\n<\/ul>\n<p>&nbsp;<\/p>\n<ul>\n<li>Servi\u00e7os personalizados: Suporte \u00e0 personaliza\u00e7\u00e3o do LOGOTIPO e embalagem personalizada para aprimorar a imagem da marca.<\/li>\n<\/ul>\n<p>&nbsp;<\/p>\n<ul>\n<li>Ampla aplica\u00e7\u00e3o: Amplamente utilizado na ind\u00fastria, na constru\u00e7\u00e3o e em outros campos para melhorar a efici\u00eancia do trabalho.<\/li>\n<\/ul>\n<table>\n<tbody>\n<tr>\n<td width=\"284\">ART NO.<\/td>\n<td width=\"335\">LXG11<\/td>\n<\/tr>\n<tr>\n<td width=\"284\">Material<\/td>\n<td width=\"335\">Forro de malha de poli\u00e9ster de 10 fios e 5 fios com revestimento de l\u00e1tex<\/p>\n<p>&nbsp;<\/td>\n<\/tr>\n<tr>\n<td width=\"284\">Acabamento<\/td>\n<td width=\"335\">Rugas na palma da m\u00e3o e nos dedos<\/td>\n<\/tr>\n<tr>\n<td width=\"284\">Recurso<\/td>\n<td width=\"335\">O desenho do la\u00e7o interno \u00e9 adequado para o inverno<\/td>\n<\/tr>\n<tr>\n<td width=\"284\">Peso<\/td>\n<td width=\"335\">mais de 75g\/par<\/td>\n<\/tr>\n<tr>\n<td width=\"284\">Tamanho<\/td>\n<td width=\"335\">7\u2033,8\u2033,9\u2033,10\u2033,11\u2033 para escolha<\/td>\n<\/tr>\n<tr>\n<td width=\"284\">Padr\u00e3o de qualidade<\/td>\n<td width=\"335\">CE EN388<\/td>\n<\/tr>\n<tr>\n<td width=\"284\">Logotipo<\/td>\n<td width=\"335\">Impress\u00e3o em tela de seda ou por transfer\u00eancia t\u00e9rmica.<\/td>\n<\/tr>\n<tr>\n<td width=\"284\">Cor<\/td>\n<td width=\"335\">Suporte personalizado<\/td>\n<\/tr>\n<tr>\n<td width=\"284\">MOQ<\/td>\n<td width=\"335\">1000 DOZ (12000 PARES)<\/td>\n<\/tr>\n<tr>\n<td width=\"284\">Embalagem<\/td>\n<td width=\"335\">12 pares por saco pl\u00e1stico, 120 pares por caixa ou personalizado<\/td>\n<\/tr>\n<tr>\n<td width=\"284\">Aplicativo<\/td>\n<td width=\"335\">Jardinagem, industrial, constru\u00e7\u00e3o, etc.<\/td>\n<\/tr>\n<\/tbody>\n<\/table>\n<p>A TOPRISE oferece suporte a v\u00e1rios estilos de personaliza\u00e7\u00e3o de luvas de l\u00e1tex; clique para <a href=\"https:\/\/toprisesafety.com\/pt\/categoria-produto\/personal-protective-equipment\/hand-protection\/latex-gloves\/\">veja mais estilos de luvas de l\u00e1tex.<\/a><\/p>\n<p>Se voc\u00ea n\u00e3o encontrar as luvas de l\u00e1tex necess\u00e1rias, <a href=\"https:\/\/toprisesafety.com\/pt\/contact-us\/\">Entre em contato conosco;<\/a> Oferecemos suporte \u00e0 personaliza\u00e7\u00e3o especial.<\/p>","protected":false},"excerpt":{"rendered":"<p>N\u00ba do art.: LXG11<\/p>\n<p>Material: Forro de malha de poli\u00e9ster de 10 fios e 5 fios com revestimento de l\u00e1tex<\/p>\n<p>Acabamento: Palma e dedos enrugados, 3\/4 mergulhados em l\u00e1tex.<\/p>\n<p>Peso: mais de 75g\/par<\/p>\n<p>Tamanho: 7\u2033,8\u2033,9\u2033,10\u2033,11\u2033 para escolha<\/p>\n<p>Padr\u00e3o de qualidade: CE EN388<\/p>\n<p>MOQ: 1000 DOZ (12000 PARES)<\/p>","protected":false},"featured_media":11624,"template":"","meta":{"_acf_changed":false},"product_brand":[],"product_cat":[348,345],"product_tag":[],"class_list":{"0":"post-11626","1":"product","2":"type-product","3":"status-publish","4":"has-post-thumbnail","6":"product_cat-latex-gloves","7":"product_cat-hand-protection","9":"first","10":"instock","11":"shipping-taxable","12":"product-type-simple"},"acf":[],"_links":{"self":[{"href":"https:\/\/toprisesafety.com\/pt\/wp-json\/wp\/v2\/product\/11626"}],"collection":[{"href":"https:\/\/toprisesafety.com\/pt\/wp-json\/wp\/v2\/product"}],"about":[{"href":"https:\/\/toprisesafety.com\/pt\/wp-json\/wp\/v2\/types\/product"}],"wp:featuredmedia":[{"embeddable":true,"href":"https:\/\/toprisesafety.com\/pt\/wp-json\/wp\/v2\/media\/11624"}],"wp:attachment":[{"href":"https:\/\/toprisesafety.com\/pt\/wp-json\/wp\/v2\/media?parent=11626"}],"wp:term":[{"taxonomy":"product_brand","embeddable":true,"href":"https:\/\/toprisesafety.com\/pt\/wp-json\/wp\/v2\/product_brand?post=11626"},{"taxonomy":"product_cat","embeddable":true,"href":"https:\/\/toprisesafety.com\/pt\/wp-json\/wp\/v2\/product_cat?post=11626"},{"taxonomy":"product_tag","embeddable":true,"href":"https:\/\/toprisesafety.com\/pt\/wp-json\/wp\/v2\/product_tag?post=11626"}],"curies":[{"name":"wp","href":"https:\/\/api.w.org\/{rel}","templated":true}]}}