{"id":11619,"date":"2025-03-25T07:21:24","date_gmt":"2025-03-25T07:21:24","guid":{"rendered":"https:\/\/toprisesafety.com\/?post_type=product&#038;p=11619"},"modified":"2025-04-09T07:35:02","modified_gmt":"2025-04-09T07:35:02","slug":"winter-latex-wrinkle-gloves","status":"publish","type":"product","link":"https:\/\/toprisesafety.com\/pt\/produto\/winter-latex-wrinkle-gloves\/","title":{"rendered":"Luvas de l\u00e1tex para inverno com rugas"},"content":{"rendered":"<h2>Luvas de l\u00e1tex para inverno com rugas<\/h2>\n<ul>\n<li>Excelentes propriedades antiderrapantes: O design enrugado do l\u00e1tex garante uma ader\u00eancia est\u00e1vel em ambientes \u00famidos ou gordurosos.<\/li>\n<li>Forte resist\u00eancia ao desgaste: resist\u00eancia a perfura\u00e7\u00f5es, dur\u00e1vel, adequada para um ambiente de trabalho de alta intensidade.<\/li>\n<li>Boa permeabilidade ao ar: o design com desenho de la\u00e7o de malha de poli\u00e9ster de 7 gomos reduz o desconforto do uso por um longo per\u00edodo.<\/li>\n<li>Conforto: Material macio, confort\u00e1vel, adequado para uso prolongado.<\/li>\n<li>Servi\u00e7os personalizados: Suporte \u00e0 personaliza\u00e7\u00e3o do LOGOTIPO e embalagem personalizada para atender \u00e0s necessidades de diferentes empresas.<\/li>\n<li>Ampla aplica\u00e7\u00e3o: adequado para a ind\u00fastria, constru\u00e7\u00e3o e outros campos; melhora a efici\u00eancia do trabalho.<\/li>\n<li>Dupla imers\u00e3o em l\u00e1tex, \u00e0 prova d'\u00e1gua.<\/li>\n<\/ul>\n<table style=\"height: 986px;\" width=\"817\">\n<tbody>\n<tr>\n<td width=\"284\">ART NO.<\/td>\n<td width=\"284\">LXG10<\/td>\n<\/tr>\n<tr>\n<td width=\"284\">Material<\/td>\n<td width=\"284\">Forro tricotado de poli\u00e9ster de 7 polegadas com revestimento de l\u00e1tex<\/td>\n<\/tr>\n<tr>\n<td width=\"284\">Acabamento<\/td>\n<td width=\"284\">Rugas na palma da m\u00e3o e nos dedos<\/td>\n<\/tr>\n<tr>\n<td width=\"284\">Recurso<\/td>\n<td width=\"284\">O desenho do la\u00e7o interno \u00e9 adequado para o inverno<\/td>\n<\/tr>\n<tr>\n<td width=\"284\">Peso<\/td>\n<td width=\"284\">mais de 120g\/par<\/td>\n<\/tr>\n<tr>\n<td width=\"284\">Tamanho<\/td>\n<td width=\"284\">7\u2033,8\u2033,9\u2033,10\u2033,11\u2033 para escolha<\/td>\n<\/tr>\n<tr>\n<td width=\"284\">Padr\u00e3o de qualidade<\/td>\n<td width=\"284\">CE EN388<\/td>\n<\/tr>\n<tr>\n<td width=\"284\">Logotipo<\/td>\n<td width=\"284\">Impress\u00e3o em tela de seda ou por transfer\u00eancia t\u00e9rmica.<\/td>\n<\/tr>\n<tr>\n<td width=\"284\">Cor<\/td>\n<td width=\"284\">Suporte personalizado<\/td>\n<\/tr>\n<tr>\n<td width=\"284\">MOQ<\/td>\n<td width=\"284\">1000 DOZ (12000 PARES)<\/td>\n<\/tr>\n<tr>\n<td width=\"284\">Embalagem<\/td>\n<td width=\"284\">12 pares por saco pl\u00e1stico, 120 pares por caixa ou personalizado<\/td>\n<\/tr>\n<tr>\n<td width=\"284\">Aplicativo<\/td>\n<td width=\"284\">Jardinagem, industrial, constru\u00e7\u00e3o, etc.<\/td>\n<\/tr>\n<\/tbody>\n<\/table>\n<p>A TOPRISE oferece suporte a v\u00e1rios estilos de personaliza\u00e7\u00e3o de luvas de l\u00e1tex; clique para <a href=\"https:\/\/toprisesafety.com\/pt\/categoria-produto\/personal-protective-equipment\/hand-protection\/latex-gloves\/\">veja mais estilos de luvas de l\u00e1tex.<\/a><\/p>\n<p>Se voc\u00ea n\u00e3o encontrar as luvas de l\u00e1tex necess\u00e1rias, <a href=\"https:\/\/toprisesafety.com\/pt\/contact-us\/\">Entre em contato conosco;<\/a> Oferecemos suporte \u00e0 personaliza\u00e7\u00e3o especial.<\/p>","protected":false},"excerpt":{"rendered":"<p>N\u00ba do art.: LXG10<\/p>\n<p>Material: Forro tricotado de poli\u00e9ster de 7 guarni\u00e7\u00f5es com revestimento de l\u00e1tex<\/p>\n<p>Acabamento: Palma e dedos enrugados<\/p>\n<p>Caracter\u00edstica: O desenho do la\u00e7o interno \u00e9 adequado para o inverno<\/p>\n<p>Peso: mais de 120g\/par<\/p>\n<p>Tamanho: 7\u2033,8\u2033,9\u2033,10\u2033,11\u2033 para escolha<\/p>\n<p>Padr\u00e3o de qualidade: CE EN388<\/p>\n<p>MOQ: 1000 DOZ (12000 PARES)<\/p>","protected":false},"featured_media":11620,"template":"","meta":{"_acf_changed":false},"product_brand":[],"product_cat":[348,345],"product_tag":[],"class_list":{"0":"post-11619","1":"product","2":"type-product","3":"status-publish","4":"has-post-thumbnail","6":"product_cat-latex-gloves","7":"product_cat-hand-protection","9":"first","10":"instock","11":"shipping-taxable","12":"product-type-simple"},"acf":[],"_links":{"self":[{"href":"https:\/\/toprisesafety.com\/pt\/wp-json\/wp\/v2\/product\/11619","targetHints":{"allow":["GET"]}}],"collection":[{"href":"https:\/\/toprisesafety.com\/pt\/wp-json\/wp\/v2\/product"}],"about":[{"href":"https:\/\/toprisesafety.com\/pt\/wp-json\/wp\/v2\/types\/product"}],"wp:featuredmedia":[{"embeddable":true,"href":"https:\/\/toprisesafety.com\/pt\/wp-json\/wp\/v2\/media\/11620"}],"wp:attachment":[{"href":"https:\/\/toprisesafety.com\/pt\/wp-json\/wp\/v2\/media?parent=11619"}],"wp:term":[{"taxonomy":"product_brand","embeddable":true,"href":"https:\/\/toprisesafety.com\/pt\/wp-json\/wp\/v2\/product_brand?post=11619"},{"taxonomy":"product_cat","embeddable":true,"href":"https:\/\/toprisesafety.com\/pt\/wp-json\/wp\/v2\/product_cat?post=11619"},{"taxonomy":"product_tag","embeddable":true,"href":"https:\/\/toprisesafety.com\/pt\/wp-json\/wp\/v2\/product_tag?post=11619"}],"curies":[{"name":"wp","href":"https:\/\/api.w.org\/{rel}","templated":true}]}}