{"id":11564,"date":"2025-03-20T03:34:03","date_gmt":"2025-03-20T03:34:03","guid":{"rendered":"https:\/\/toprisesafety.com\/?post_type=product&#038;p=11564"},"modified":"2025-03-25T04:36:35","modified_gmt":"2025-03-25T04:36:35","slug":"high-visibility-rain-suit","status":"publish","type":"product","link":"https:\/\/toprisesafety.com\/pt\/produto\/high-visibility-rain-suit\/","title":{"rendered":"Fato de chuva de alta visibilidade"},"content":{"rendered":"<h2>Fato de chuva de alta visibilidade<\/h2>\n<p>A Ningbo TOPRISE, fundada em 2009, \u00e9 uma fabricante profissional de capas de chuva, comprometida em fornecer produtos de alta qualidade, dur\u00e1veis e \u00e0 prova d'\u00e1gua. Oferecemos suporte a servi\u00e7os personalizados para atender \u00e0s necessidades de diferentes clientes, garantir a entrega pontual e ajudar os clientes a lidar com condi\u00e7\u00f5es clim\u00e1ticas adversas.<\/p>\n<ul>\n<li>Durabilidade e prote\u00e7\u00e3o: A espessura do tecido (0,22-0,23 mm) garante o uso prolongado do produto, tem forte resist\u00eancia ao desgaste, pode resistir com efic\u00e1cia \u00e0s condi\u00e7\u00f5es clim\u00e1ticas adversas e oferece prote\u00e7\u00e3o adequada.<\/li>\n<li>Alta visibilidade: As faixas refletivas aumentam a visibilidade do usu\u00e1rio, mesmo em ambientes com pouca luz, como noite ou neblina, para garantir que o usu\u00e1rio seja visto claramente, especialmente adequado para canteiros de obras, constru\u00e7\u00e3o de estradas e outros locais que exigem alta seguran\u00e7a.<\/li>\n<li>Imperme\u00e1vel e \u00e0 prova de vento: O tecido Oxford revestido com PU faz com que essa capa de chuva tenha um bom desempenho \u00e0 prova d'\u00e1gua; mesmo sob chuva forte, ela pode mant\u00ea-lo seco e, ao mesmo tempo, com permeabilidade ao ar, evita o desconforto do uso.<\/li>\n<li>Leve e confort\u00e1vel: Embora o tecido seja dur\u00e1vel, a capa de chuva em si \u00e9 leve e n\u00e3o parecer\u00e1 pesada nem restringir\u00e1 as atividades por muito tempo, proporcionando uma experi\u00eancia de uso confort\u00e1vel.<\/li>\n<li>Vantagens do tecido: O tecido Oxford 150D\/300D, com resist\u00eancia extremamente alta e resist\u00eancia ao desgaste, pode suportar ambientes adversos e uso repetido. O tecido Oxford \u00e9 superior em resist\u00eancia \u00e0 \u00e1gua, ao vento e aos raios UV, o que o torna adequado para condi\u00e7\u00f5es clim\u00e1ticas extremas.<\/li>\n<li>Personaliz\u00e1vel: suporta personaliza\u00e7\u00e3o e pode adicionar um logotipo ou ajustar a cor ou o estilo de acordo com as necessidades do cliente.<\/li>\n<\/ul>\n<table>\n<tbody>\n<tr>\n<td width=\"284\">Material<\/td>\n<td width=\"374\">150D\/300D oxford with PVC\/PU coated.<\/td>\n<\/tr>\n<tr>\n<td width=\"284\">Fita refletiva<\/td>\n<td width=\"374\">5CM high visibility tape<\/td>\n<\/tr>\n<tr>\n<td width=\"284\">ART NO.<\/td>\n<td width=\"374\">RS02<\/td>\n<\/tr>\n<tr>\n<td width=\"284\">Espessura<\/td>\n<td width=\"374\">0.22mm\/0.23mm or customized<\/td>\n<\/tr>\n<tr>\n<td width=\"284\">Cor<\/td>\n<td width=\"374\">Black \/orange\/fluorecent green or customized<\/td>\n<\/tr>\n<tr>\n<td width=\"284\">Recursos<\/td>\n<td width=\"374\">Adicione fitas refletivas para facilitar a visualiza\u00e7\u00e3o durante a noite.<\/td>\n<\/tr>\n<tr>\n<td width=\"284\">Tamanho<\/td>\n<td width=\"374\">S-XXXL CM.<\/td>\n<\/tr>\n<tr>\n<td width=\"284\">Logotipo<\/td>\n<td width=\"374\">Logotipo da etiqueta de pesco\u00e7o ou impress\u00e3o na capa de chuva e na embalagem<\/td>\n<\/tr>\n<tr>\n<td width=\"284\">Embalagem<\/td>\n<td width=\"374\">1 unidade por embalagem de saco do mesmo material<\/td>\n<\/tr>\n<tr>\n<td width=\"284\">MOQ<\/td>\n<td width=\"374\">500 SET<\/td>\n<\/tr>\n<\/tbody>\n<\/table>\n<p>A TOPRISE oferece suporte a v\u00e1rios estilos de personaliza\u00e7\u00e3o de roupas de chuva; clique para <a href=\"https:\/\/toprisesafety.com\/pt\/categoria-produto\/personal-protective-equipment\/rain-wear\/\">veja mais estilos de roupas de chuva.<\/a><\/p>\n<p>Se voc\u00ea n\u00e3o encontrar a roupa de chuva necess\u00e1ria, <a href=\"https:\/\/toprisesafety.com\/pt\/contact-us\/\">Entre em contato conosco<\/a>Oferecemos suporte \u00e0 personaliza\u00e7\u00e3o especial.<\/p>","protected":false},"excerpt":{"rendered":"<p>ART NO.RS02<\/p>\n<p>Material : 150 D\/300 D oxford with PVC \/PU coated.<\/p>\n<p>Reflective tape : 5CM high visibility tape<\/p>\n<p>Thickness: 0.22\/0.23\u00a0mm thickness or customized<\/p>\n<p>Tamanho: S-XXXL ou personalizado<\/p>\n<p>MOQ: 500 CONJUNTOS<\/p>\n<p>Suporte a tamanho, logotipo e design personalizados<\/p>","protected":false},"featured_media":11565,"template":"","meta":{"_acf_changed":false},"product_brand":[],"product_cat":[321],"product_tag":[],"class_list":{"0":"post-11564","1":"product","2":"type-product","3":"status-publish","4":"has-post-thumbnail","6":"product_cat-rain-wear","8":"first","9":"instock","10":"shipping-taxable","11":"product-type-simple"},"acf":[],"_links":{"self":[{"href":"https:\/\/toprisesafety.com\/pt\/wp-json\/wp\/v2\/product\/11564"}],"collection":[{"href":"https:\/\/toprisesafety.com\/pt\/wp-json\/wp\/v2\/product"}],"about":[{"href":"https:\/\/toprisesafety.com\/pt\/wp-json\/wp\/v2\/types\/product"}],"wp:featuredmedia":[{"embeddable":true,"href":"https:\/\/toprisesafety.com\/pt\/wp-json\/wp\/v2\/media\/11565"}],"wp:attachment":[{"href":"https:\/\/toprisesafety.com\/pt\/wp-json\/wp\/v2\/media?parent=11564"}],"wp:term":[{"taxonomy":"product_brand","embeddable":true,"href":"https:\/\/toprisesafety.com\/pt\/wp-json\/wp\/v2\/product_brand?post=11564"},{"taxonomy":"product_cat","embeddable":true,"href":"https:\/\/toprisesafety.com\/pt\/wp-json\/wp\/v2\/product_cat?post=11564"},{"taxonomy":"product_tag","embeddable":true,"href":"https:\/\/toprisesafety.com\/pt\/wp-json\/wp\/v2\/product_tag?post=11564"}],"curies":[{"name":"wp","href":"https:\/\/api.w.org\/{rel}","templated":true}]}}