{"id":11550,"date":"2025-03-18T08:01:26","date_gmt":"2025-03-18T08:01:26","guid":{"rendered":"https:\/\/toprisesafety.com\/?post_type=product&#038;p=11550"},"modified":"2025-03-25T04:37:37","modified_gmt":"2025-03-25T04:37:37","slug":"backpacking-camouflage-rain-poncho","status":"publish","type":"product","link":"https:\/\/toprisesafety.com\/pt\/produto\/backpacking-camouflage-rain-poncho\/","title":{"rendered":"Capa de chuva camuflada para mochila"},"content":{"rendered":"<h2>Capa de chuva camuflada para mochila<\/h2>\n<p>A Ningbo TOPRISE, fundada em 2009, \u00e9 uma fabricante profissional de capas de chuva, comprometida em fornecer produtos de alta qualidade, dur\u00e1veis e \u00e0 prova d'\u00e1gua. Oferecemos suporte a servi\u00e7os personalizados para atender \u00e0s necessidades de diferentes clientes, garantir a entrega pontual e ajudar os clientes a lidar com condi\u00e7\u00f5es clim\u00e1ticas adversas.<\/p>\n<ul>\n<li>Tecido de alta qualidade: o revestimento em PU de poli\u00e9ster 210T garante resist\u00eancia \u00e0 \u00e1gua e durabilidade.<\/li>\n<li>Design multifuncional: estilo 3 em 1, pode ser usado como capa de chuva, capa ou guarda-sol, para se adaptar a diferentes cen\u00e1rios.<\/li>\n<li>Sele\u00e7\u00e3o de espessura: Espessura padr\u00e3o de 0,10MM, pode ser personalizada de acordo com as necessidades de diferentes espessuras.<\/li>\n<li>Personaliza\u00e7\u00e3o de cores e LOGOTIPO: Op\u00e7\u00f5es de camuflagem e cores s\u00f3lidas est\u00e3o dispon\u00edveis para personalizar cores e logotipos para atender \u00e0s necessidades individuais.<\/li>\n<li>Forte resist\u00eancia \u00e0 \u00e1gua: impede efetivamente a penetra\u00e7\u00e3o da chuva, mant\u00e9m-se seco e adapta-se \u00e0s intemp\u00e9ries externas.<\/li>\n<li>Leve e dur\u00e1vel: O design \u00e9 leve e f\u00e1cil de transportar, adequado para diversas atividades ao ar livre, como explora\u00e7\u00e3o e opera\u00e7\u00f5es militares.<\/li>\n<\/ul>\n<table>\n<tbody>\n<tr>\n<td width=\"284\">ART NO.<\/td>\n<td width=\"374\">RC06<\/td>\n<\/tr>\n<tr>\n<td width=\"284\">Material<\/td>\n<td width=\"374\">Poli\u00e9ster 210T com revestimento em PU.<\/td>\n<\/tr>\n<tr>\n<td width=\"284\">Espessura<\/td>\n<td width=\"374\">0,10 mm ou personalizado<\/td>\n<\/tr>\n<tr>\n<td width=\"284\">Cor<\/td>\n<td width=\"374\">Azul-marinho, preto, camuflado ou personalizado<\/td>\n<\/tr>\n<tr>\n<td width=\"284\">Recursos<\/td>\n<td width=\"374\">3 em 1, multifun\u00e7\u00f5es.<\/td>\n<\/tr>\n<tr>\n<td width=\"284\">Tamanho<\/td>\n<td width=\"374\">140 * 210 CM.<\/td>\n<\/tr>\n<tr>\n<td width=\"284\">Logotipo<\/td>\n<td width=\"374\">Logotipo da etiqueta de pesco\u00e7o ou impress\u00e3o na capa de chuva e na embalagem<\/td>\n<\/tr>\n<tr>\n<td width=\"284\">Embalagem<\/td>\n<td width=\"374\">1 unidade por embalagem de saco do mesmo material<\/td>\n<\/tr>\n<tr>\n<td width=\"284\">MOQ<\/td>\n<td width=\"374\">500 UNIDADES<\/td>\n<\/tr>\n<\/tbody>\n<\/table>\n<p>A TOPRISE oferece suporte a v\u00e1rios estilos de personaliza\u00e7\u00e3o de roupas de chuva; clique para <a href=\"https:\/\/toprisesafety.com\/pt\/categoria-produto\/personal-protective-equipment\/rain-wear\/\">veja mais estilos de roupas de chuva.<\/a><\/p>\n<p>Se voc\u00ea n\u00e3o encontrar a roupa de chuva necess\u00e1ria, <a href=\"https:\/\/toprisesafety.com\/pt\/contact-us\/\">Entre em contato conosco<\/a>Oferecemos suporte \u00e0 personaliza\u00e7\u00e3o especial.<\/p>","protected":false},"excerpt":{"rendered":"<p>ART NO.RC06<\/p>\n<p>Material: poli\u00e9ster 210T com revestimento de PU.<\/p>\n<p>Espessura: 0,10 mm de espessura ou personalizada<\/p>\n<p>Tamanho: 210*140CM ou personalizado<\/p>\n<p>MOQ: 500 PCS<\/p>\n<p>Suporte a tamanho, logotipo e design personalizados<\/p>","protected":false},"featured_media":11557,"template":"","meta":{"_acf_changed":false},"product_brand":[],"product_cat":[321],"product_tag":[],"class_list":{"0":"post-11550","1":"product","2":"type-product","3":"status-publish","4":"has-post-thumbnail","6":"product_cat-rain-wear","8":"first","9":"instock","10":"shipping-taxable","11":"product-type-simple"},"acf":[],"_links":{"self":[{"href":"https:\/\/toprisesafety.com\/pt\/wp-json\/wp\/v2\/product\/11550"}],"collection":[{"href":"https:\/\/toprisesafety.com\/pt\/wp-json\/wp\/v2\/product"}],"about":[{"href":"https:\/\/toprisesafety.com\/pt\/wp-json\/wp\/v2\/types\/product"}],"wp:featuredmedia":[{"embeddable":true,"href":"https:\/\/toprisesafety.com\/pt\/wp-json\/wp\/v2\/media\/11557"}],"wp:attachment":[{"href":"https:\/\/toprisesafety.com\/pt\/wp-json\/wp\/v2\/media?parent=11550"}],"wp:term":[{"taxonomy":"product_brand","embeddable":true,"href":"https:\/\/toprisesafety.com\/pt\/wp-json\/wp\/v2\/product_brand?post=11550"},{"taxonomy":"product_cat","embeddable":true,"href":"https:\/\/toprisesafety.com\/pt\/wp-json\/wp\/v2\/product_cat?post=11550"},{"taxonomy":"product_tag","embeddable":true,"href":"https:\/\/toprisesafety.com\/pt\/wp-json\/wp\/v2\/product_tag?post=11550"}],"curies":[{"name":"wp","href":"https:\/\/api.w.org\/{rel}","templated":true}]}}