{"id":11545,"date":"2025-03-18T07:49:55","date_gmt":"2025-03-18T07:49:55","guid":{"rendered":"https:\/\/toprisesafety.com\/?post_type=product&#038;p=11545"},"modified":"2025-03-25T04:38:26","modified_gmt":"2025-03-25T04:38:26","slug":"heavy-duty-long-pvc-raincoats","status":"publish","type":"product","link":"https:\/\/toprisesafety.com\/pt\/produto\/heavy-duty-long-pvc-raincoats\/","title":{"rendered":"Capas de chuva longas de PVC para servi\u00e7o pesado"},"content":{"rendered":"<h2>Capas de chuva longas de PVC para servi\u00e7o pesado<\/h2>\n<p>A Ningbo TOPRISE, fundada em 2009, \u00e9 uma fabricante profissional de capas de chuva, comprometida em fornecer produtos de alta qualidade, dur\u00e1veis e \u00e0 prova d'\u00e1gua. Oferecemos suporte a servi\u00e7os personalizados para atender \u00e0s necessidades de diferentes clientes, garantir a entrega pontual e ajudar os clientes a lidar com condi\u00e7\u00f5es clim\u00e1ticas adversas.<\/p>\n<ul>\n<li>Alta resist\u00eancia \u00e0 \u00e1gua e durabilidade: design com espessura de 0,28 mm, 0,30 mm e 0,32 mm, proporcionando excelente resist\u00eancia \u00e0 \u00e1gua e ao desgaste, adequado para uso prolongado em ambientes externos.<\/li>\n<li>Design de adesivo duplo: melhora a veda\u00e7\u00e3o e evita efetivamente a infiltra\u00e7\u00e3o de \u00e1gua da chuva.<\/li>\n<li>Faixa refletiva para escolha: o uso do processo de prensagem a quente para instalar a faixa refletiva melhora a visibilidade \u00e0 noite para garantir a seguran\u00e7a do usu\u00e1rio.<\/li>\n<li>Resist\u00eancia a \u00e1cidos e \u00e1lcalis: adapta-se a ambientes agressivos, especialmente adequado para ocasi\u00f5es de processamento industrial e qu\u00edmico.<\/li>\n<li>Dur\u00e1vel e confort\u00e1vel: Por meio de um trabalho artesanal requintado, proporciona alta durabilidade e experi\u00eancia de uso confort\u00e1vel.<\/li>\n<\/ul>\n<table>\n<tbody>\n<tr>\n<td width=\"284\">ART NO.<\/td>\n<td width=\"374\">RC08<\/td>\n<\/tr>\n<tr>\n<td width=\"284\">Material<\/td>\n<td width=\"374\">PVC\/Poli\u00e9ster ou PVC\/Poli\u00e9ster\/PVC<\/td>\n<\/tr>\n<tr>\n<td width=\"284\">Espessura<\/td>\n<td width=\"374\">0,28\/0,30\/0,32\/0,35 mm ou personalizado<\/td>\n<\/tr>\n<tr>\n<td width=\"284\">Cor<\/td>\n<td width=\"374\">Amarelo\/verde\/azul ou personalizado<\/td>\n<\/tr>\n<tr>\n<td width=\"284\">Fita refletiva<\/td>\n<td width=\"374\">3CM\/5 CM para escolha<\/td>\n<\/tr>\n<tr>\n<td width=\"284\">Tamanho<\/td>\n<td width=\"374\">S-XXXL ou personalizado<\/td>\n<\/tr>\n<tr>\n<td width=\"284\">Logotipo<\/td>\n<td width=\"374\">Logotipo da etiqueta de pesco\u00e7o ou impress\u00e3o na capa de chuva e na embalagem<\/td>\n<\/tr>\n<tr>\n<td width=\"284\">Embalagem<\/td>\n<td width=\"374\">1 unidade por embalagem de saco do mesmo material<\/td>\n<\/tr>\n<tr>\n<td width=\"284\">MOQ<\/td>\n<td width=\"374\">500 UNIDADES<\/td>\n<\/tr>\n<\/tbody>\n<\/table>\n<p>A TOPRISE oferece suporte a v\u00e1rios estilos de personaliza\u00e7\u00e3o de roupas de chuva; clique para <a href=\"https:\/\/toprisesafety.com\/pt\/categoria-produto\/personal-protective-equipment\/rain-wear\/\">veja mais estilos de roupas de chuva.<\/a><\/p>\n<p>Se voc\u00ea n\u00e3o encontrar a roupa de chuva necess\u00e1ria, <a href=\"https:\/\/toprisesafety.com\/pt\/contact-us\/\">Entre em contato conosco<\/a>Oferecemos suporte \u00e0 personaliza\u00e7\u00e3o especial.<\/p>","protected":false},"excerpt":{"rendered":"<p>ART NO.RC08<\/p>\n<p>Material: PVC\/Poli\u00e9ster ou PVC\/Poli\u00e9ster\/PVC<\/p>\n<p>Espessura: 0,28\/0,30\/0,32\/0,35 mm de espessura ou personalizada<\/p>\n<p>Tamanho: S- XXXL ou personalizado<\/p>\n<p>MOQ: 500 PCS<\/p>\n<p>Suporte a tamanho, logotipo e design personalizados<\/p>","protected":false},"featured_media":11547,"template":"","meta":{"_acf_changed":false},"product_brand":[],"product_cat":[321],"product_tag":[],"class_list":{"0":"post-11545","1":"product","2":"type-product","3":"status-publish","4":"has-post-thumbnail","6":"product_cat-rain-wear","8":"first","9":"instock","10":"shipping-taxable","11":"product-type-simple"},"acf":[],"_links":{"self":[{"href":"https:\/\/toprisesafety.com\/pt\/wp-json\/wp\/v2\/product\/11545"}],"collection":[{"href":"https:\/\/toprisesafety.com\/pt\/wp-json\/wp\/v2\/product"}],"about":[{"href":"https:\/\/toprisesafety.com\/pt\/wp-json\/wp\/v2\/types\/product"}],"wp:featuredmedia":[{"embeddable":true,"href":"https:\/\/toprisesafety.com\/pt\/wp-json\/wp\/v2\/media\/11547"}],"wp:attachment":[{"href":"https:\/\/toprisesafety.com\/pt\/wp-json\/wp\/v2\/media?parent=11545"}],"wp:term":[{"taxonomy":"product_brand","embeddable":true,"href":"https:\/\/toprisesafety.com\/pt\/wp-json\/wp\/v2\/product_brand?post=11545"},{"taxonomy":"product_cat","embeddable":true,"href":"https:\/\/toprisesafety.com\/pt\/wp-json\/wp\/v2\/product_cat?post=11545"},{"taxonomy":"product_tag","embeddable":true,"href":"https:\/\/toprisesafety.com\/pt\/wp-json\/wp\/v2\/product_tag?post=11545"}],"curies":[{"name":"wp","href":"https:\/\/api.w.org\/{rel}","templated":true}]}}