{"id":11521,"date":"2025-03-18T06:08:18","date_gmt":"2025-03-18T06:08:18","guid":{"rendered":"https:\/\/toprisesafety.com\/?post_type=product&#038;p=11521"},"modified":"2025-03-25T04:40:16","modified_gmt":"2025-03-25T04:40:16","slug":"long-reflective-rain-jacket","status":"publish","type":"product","link":"https:\/\/toprisesafety.com\/pt\/produto\/long-reflective-rain-jacket\/","title":{"rendered":"Jaqueta longa refletiva para chuva"},"content":{"rendered":"<h2>Jaqueta longa refletiva para chuva<\/h2>\n<p>A Ningbo TOPRISE, fundada em 2009, \u00e9 uma fabricante profissional de capas de chuva, comprometida em fornecer produtos de alta qualidade, dur\u00e1veis e \u00e0 prova d'\u00e1gua. Oferecemos suporte a servi\u00e7os personalizados para atender \u00e0s necessidades de diferentes clientes, garantir a entrega pontual e ajudar os clientes a lidar com condi\u00e7\u00f5es clim\u00e1ticas adversas.<\/p>\n<ul>\n<li>Tecido de qualidade: O tecido Oxford 150D\/300D com revestimento de PU ou PVC garante resist\u00eancia \u00e0 \u00e1gua e durabilidade.<\/li>\n<li>Forte resist\u00eancia \u00e0 \u00e1gua: evita efetivamente a penetra\u00e7\u00e3o da chuva, mant\u00e9m o corpo seco e se adapta ao mau tempo.<\/li>\n<li>Sele\u00e7\u00e3o de espessura: A espessura padr\u00e3o \u00e9 de 0,22 MM; os clientes podem escolher outras espessuras de acordo com a demanda, proporcionando op\u00e7\u00f5es mais flex\u00edveis.<\/li>\n<li>Servi\u00e7o de personaliza\u00e7\u00e3o: Suporte a LOGOTIPO e estilo personalizados para atender \u00e0s necessidades individuais e aprimorar a imagem da marca.<\/li>\n<li>Design de faixa refletiva: Maior visibilidade \u00e0 noite para garantir a seguran\u00e7a do usu\u00e1rio em ambientes com pouca luz.<\/li>\n<li>Interior em tecido de malha: proporciona permeabilidade ao ar, aumenta o conforto e reduz a sensa\u00e7\u00e3o de abafamento causada pelo uso prolongado.<\/li>\n<li><\/li>\n<li>\n<table>\n<tbody>\n<tr>\n<td width=\"284\">ART NO.<\/td>\n<td width=\"374\">RC03<\/td>\n<\/tr>\n<tr>\n<td width=\"284\">Material<\/td>\n<td width=\"374\">150D\/300D oxford com revestimento de PVC\/PU<\/td>\n<\/tr>\n<tr>\n<td width=\"284\">Forro<\/td>\n<td width=\"374\">Adicionar forro de malha<\/td>\n<\/tr>\n<tr>\n<td width=\"284\">Espessura<\/td>\n<td width=\"374\">0,22 mm ou personalizado<\/td>\n<\/tr>\n<tr>\n<td width=\"284\">Cor<\/td>\n<td width=\"374\">Azul marinho, laranja, verde fluorecente, rosa, preto ou personalizado<\/td>\n<\/tr>\n<tr>\n<td width=\"284\">Fita refletiva<\/td>\n<td width=\"374\">3CM\/5 CM para escolha<\/td>\n<\/tr>\n<tr>\n<td width=\"284\">Tamanho<\/td>\n<td width=\"374\">S-XXXL ou personalizado<\/td>\n<\/tr>\n<tr>\n<td width=\"284\">Logotipo<\/td>\n<td width=\"374\">Logotipo da etiqueta de pesco\u00e7o ou impress\u00e3o na capa de chuva e na embalagem<\/td>\n<\/tr>\n<tr>\n<td width=\"284\">Embalagem<\/td>\n<td width=\"374\">1 unidade por embalagem de saco do mesmo material<\/td>\n<\/tr>\n<tr>\n<td width=\"284\">MOQ<\/td>\n<td width=\"374\">500 UNIDADES<\/td>\n<\/tr>\n<\/tbody>\n<\/table>\n<\/li>\n<li>A TOPRISE oferece suporte a v\u00e1rios estilos de personaliza\u00e7\u00e3o de roupas de chuva; clique para <a href=\"https:\/\/toprisesafety.com\/pt\/categoria-produto\/personal-protective-equipment\/rain-wear\/\">veja mais estilos de roupas de chuva.<\/a>\n<p>Se voc\u00ea n\u00e3o encontrar a roupa de chuva necess\u00e1ria, <a href=\"https:\/\/toprisesafety.com\/pt\/contact-us\/\">Entre em contato conosco<\/a>Oferecemos suporte \u00e0 personaliza\u00e7\u00e3o especial.<\/li>\n<\/ul>","protected":false},"excerpt":{"rendered":"<p>ART NO.RC03<\/p>\n<p>Material: oxford 150 D\/300D com revestimento de PVC\/PU, espessura de 0,22 mm ou personalizado<\/p>\n<p>Tamanho: S- XXXL ou personalizado<\/p>\n<p>MOQ: 500 PCS<\/p>\n<p>Suporte a tamanho, logotipo e design personalizados<\/p>","protected":false},"featured_media":11523,"template":"","meta":{"_acf_changed":false},"product_brand":[],"product_cat":[321],"product_tag":[],"class_list":{"0":"post-11521","1":"product","2":"type-product","3":"status-publish","4":"has-post-thumbnail","6":"product_cat-rain-wear","8":"first","9":"instock","10":"shipping-taxable","11":"product-type-simple"},"acf":[],"_links":{"self":[{"href":"https:\/\/toprisesafety.com\/pt\/wp-json\/wp\/v2\/product\/11521"}],"collection":[{"href":"https:\/\/toprisesafety.com\/pt\/wp-json\/wp\/v2\/product"}],"about":[{"href":"https:\/\/toprisesafety.com\/pt\/wp-json\/wp\/v2\/types\/product"}],"wp:featuredmedia":[{"embeddable":true,"href":"https:\/\/toprisesafety.com\/pt\/wp-json\/wp\/v2\/media\/11523"}],"wp:attachment":[{"href":"https:\/\/toprisesafety.com\/pt\/wp-json\/wp\/v2\/media?parent=11521"}],"wp:term":[{"taxonomy":"product_brand","embeddable":true,"href":"https:\/\/toprisesafety.com\/pt\/wp-json\/wp\/v2\/product_brand?post=11521"},{"taxonomy":"product_cat","embeddable":true,"href":"https:\/\/toprisesafety.com\/pt\/wp-json\/wp\/v2\/product_cat?post=11521"},{"taxonomy":"product_tag","embeddable":true,"href":"https:\/\/toprisesafety.com\/pt\/wp-json\/wp\/v2\/product_tag?post=11521"}],"curies":[{"name":"wp","href":"https:\/\/api.w.org\/{rel}","templated":true}]}}