{"id":11382,"date":"2025-03-13T07:42:24","date_gmt":"2025-03-13T07:42:24","guid":{"rendered":"https:\/\/toprisesafety.com\/?post_type=product&#038;p=11382"},"modified":"2025-03-24T07:56:17","modified_gmt":"2025-03-24T07:56:17","slug":"workwear-cveralls","status":"publish","type":"product","link":"https:\/\/toprisesafety.com\/pt\/produto\/workwear-cveralls\/","title":{"rendered":"Vestu\u00e1rio de trabalho Cveralls"},"content":{"rendered":"<h2>Vestu\u00e1rio de trabalho Cveralls<\/h2>\n<table style=\"height: 833px;\" width=\"1212\">\n<tbody>\n<tr>\n<td colspan=\"2\" width=\"748\"><strong><b>S\u00e9rie de tecidos<\/b><\/strong><\/td>\n<\/tr>\n<tr>\n<td width=\"105\">Composi\u00e7\u00e3o do tecido<\/td>\n<td width=\"643\">1001TP3Algod\u00e3o, 150g\/170g\/200g\/240g\/260g\/280g\/310g\/330g\/360g\/400g\/420g para escolha<\/td>\n<\/tr>\n<tr>\n<td width=\"105\"><\/td>\n<td width=\"643\">1001TP3Algod\u00e3o, 150g\/170g\/200g\/240g\/260g\/280g\/310g\/330g\/360g\/400g\/420g para escolha<\/td>\n<\/tr>\n<tr>\n<td width=\"105\"><\/td>\n<td width=\"643\">Tecido de poli\u00e9ster\/algod\u00e3o (80\/20 ou 65\/35 ou 90\/10), 150g\/170g\/200g\/240g\/260g\/280g\/310g\/330g\/360g\/400g\/420g para escolha<\/td>\n<\/tr>\n<tr>\n<td width=\"105\"><\/td>\n<td width=\"643\">Aramid fiber,120g\/150g\/180g\/210g\/260g\/300g<\/td>\n<\/tr>\n<tr>\n<td width=\"105\">Cores diferentes para escolha<\/td>\n<td width=\"643\"><img decoding=\"async\" class=\"alignnone wp-image-11245\" src=\"https:\/\/toprisesafety.com\/wp-content\/uploads\/2025\/03\/COLORS-1-300x26.png\" alt=\"\" width=\"681\" height=\"59\" srcset=\"https:\/\/toprisesafety.com\/wp-content\/uploads\/2025\/03\/COLORS-1-300x26.png 300w, https:\/\/toprisesafety.com\/wp-content\/uploads\/2025\/03\/COLORS-1-768x66.png 768w, https:\/\/toprisesafety.com\/wp-content\/uploads\/2025\/03\/COLORS-1-600x52.png 600w, https:\/\/toprisesafety.com\/wp-content\/uploads\/2025\/03\/COLORS-1.png 931w\" sizes=\"(max-width: 681px) 100vw, 681px\" \/><\/td>\n<\/tr>\n<tr>\n<td colspan=\"2\" width=\"748\"><strong><b>S\u00e9rie Workwear<\/b><\/strong><\/td>\n<\/tr>\n<tr>\n<td width=\"105\">S\u00e9rie principal<\/td>\n<td width=\"643\">Roupas retardantes de chamas, roupas antiest\u00e1ticas, roupas para soldadores, roupas contra inc\u00eandio, roupas de emerg\u00eancia, roupas de prote\u00e7\u00e3o contra \u00e1cidos e \u00e1lcalis e roupas multifuncionais. Suporte \u00e0 personaliza\u00e7\u00e3o.<\/td>\n<\/tr>\n<tr>\n<td width=\"105\">Principais fun\u00e7\u00f5es<\/td>\n<td width=\"643\">Retardante de chamas, antiest\u00e1tico, anti\u00f3leo, anti\u00e1cido, antialcalino, anti-mosquito, anti-UV<\/td>\n<\/tr>\n<tr>\n<td width=\"105\">\u00c1reas de aplica\u00e7\u00e3o<\/td>\n<td width=\"643\">Preven\u00e7\u00e3o de inc\u00eandios florestais, petroqu\u00edmica, g\u00e1s natural, reparo de autom\u00f3veis, energia el\u00e9trica, minera\u00e7\u00e3o, soldagem e outros setores<\/td>\n<\/tr>\n<tr>\n<td width=\"105\">Mercado de exporta\u00e7\u00e3o<\/td>\n<td width=\"643\">Europa, Am\u00e9rica do Norte, \u00c1frica, \u00c1frica do Sul, Am\u00e9rica do Sul<\/td>\n<\/tr>\n<\/tbody>\n<\/table>\n<p>A TOPRISE oferece suporte a v\u00e1rios estilos de personaliza\u00e7\u00e3o de roupas de trabalho; clique para<a href=\"https:\/\/toprisesafety.com\/pt\/categoria-produto\/personal-protective-equipment\/work-wear\/\"> veja mais estilos de roupas de trabalho.<\/a><\/p>\n<p>O NINGBO TOPRISE suporta a personaliza\u00e7\u00e3o de diferentes tecidos e estilos. Ele tamb\u00e9m oferece suporte \u00e0 personaliza\u00e7\u00e3o de pequenos lotes para atender \u00e0s necessidades de diferentes clientes.\u00a0<a href=\"https:\/\/toprisesafety.com\/pt\/contact-us\/\">Sinta-se \u00e0 vontade para entrar em contato conosco para personaliza\u00e7\u00e3o<\/a>.<\/p>","protected":false},"excerpt":{"rendered":"<p>Art No. WC03<\/p>\n<p>Material: 100%Cotton, T\/C 80\/20, T\/C 65\/35, 100%Polyester, fibra de aramida<\/p>\n<p>Peso: 120-420G\/SQM ou personalizado<\/p>\n<p>Cor: cores diferentes para escolha.<\/p>\n<p>Tamanho: S-XXXL (Suporte a personaliza\u00e7\u00e3o\uff09<\/p>\n<p>MOQ: 500-1000 PCS.<\/p>","protected":false},"featured_media":11385,"template":"","meta":{"_acf_changed":false},"product_brand":[],"product_cat":[330],"product_tag":[],"class_list":{"0":"post-11382","1":"product","2":"type-product","3":"status-publish","4":"has-post-thumbnail","6":"product_cat-work-wear","8":"first","9":"instock","10":"shipping-taxable","11":"product-type-simple"},"acf":[],"_links":{"self":[{"href":"https:\/\/toprisesafety.com\/pt\/wp-json\/wp\/v2\/product\/11382"}],"collection":[{"href":"https:\/\/toprisesafety.com\/pt\/wp-json\/wp\/v2\/product"}],"about":[{"href":"https:\/\/toprisesafety.com\/pt\/wp-json\/wp\/v2\/types\/product"}],"wp:featuredmedia":[{"embeddable":true,"href":"https:\/\/toprisesafety.com\/pt\/wp-json\/wp\/v2\/media\/11385"}],"wp:attachment":[{"href":"https:\/\/toprisesafety.com\/pt\/wp-json\/wp\/v2\/media?parent=11382"}],"wp:term":[{"taxonomy":"product_brand","embeddable":true,"href":"https:\/\/toprisesafety.com\/pt\/wp-json\/wp\/v2\/product_brand?post=11382"},{"taxonomy":"product_cat","embeddable":true,"href":"https:\/\/toprisesafety.com\/pt\/wp-json\/wp\/v2\/product_cat?post=11382"},{"taxonomy":"product_tag","embeddable":true,"href":"https:\/\/toprisesafety.com\/pt\/wp-json\/wp\/v2\/product_tag?post=11382"}],"curies":[{"name":"wp","href":"https:\/\/api.w.org\/{rel}","templated":true}]}}