{"id":11354,"date":"2025-03-13T07:00:41","date_gmt":"2025-03-13T07:00:41","guid":{"rendered":"https:\/\/toprisesafety.com\/?post_type=product&#038;p=11354"},"modified":"2025-03-17T04:24:31","modified_gmt":"2025-03-17T04:24:31","slug":"sanitary-pvc-white-boots","status":"publish","type":"product","link":"https:\/\/toprisesafety.com\/pt\/produto\/sanitary-pvc-white-boots\/","title":{"rendered":"Botas Sanit\u00e1rias de PVC Branco"},"content":{"rendered":"<h2>Botas Sanit\u00e1rias de PVC Branco<\/h2>\n<ul>\n<li>Material de PVC de alta qualidade: \u00e0 prova d'\u00e1gua, resistente ao desgaste, adequado para ambientes \u00famidos e molhados, mant\u00e9m os p\u00e9s secos.<\/li>\n<li>Seguran\u00e7a de grau aliment\u00edcio: Especialmente adequado para o processamento de alimentos, com altos requisitos de higiene do ambiente, para garantir a seguran\u00e7a e a inocuidade.<\/li>\n<li>Conforto: Design leve, confort\u00e1vel de usar, adequado para longos per\u00edodos em p\u00e9 e trabalhando.<\/li>\n<li>F\u00e1cil de limpar: As superf\u00edcies lisas s\u00e3o f\u00e1ceis de limpar, mant\u00eam a higiene e reduzem o crescimento de bact\u00e9rias.<\/li>\n<li>Durabilidade: O material de PVC tem boa durabilidade e pode suportar o uso de alta resist\u00eancia.<\/li>\n<li>Design antiderrapante: Textura antiderrapante na sola para garantir a estabilidade em ambientes escorregadios.<\/li>\n<\/ul>\n<table>\n<tbody>\n<tr>\n<td width=\"284\">N\u00ba do art.<\/td>\n<td width=\"284\">RB08<\/td>\n<\/tr>\n<tr>\n<td width=\"284\">Estilo<\/td>\n<td width=\"284\">Botas Sanit\u00e1rias de PVC Branco<\/td>\n<\/tr>\n<tr>\n<td width=\"284\">Material<\/td>\n<td width=\"284\">PVC + forro de tecido de f\u00e1cil secagem<\/td>\n<\/tr>\n<tr>\n<td width=\"284\">Recursos<\/td>\n<td width=\"284\">Biqueira de a\u00e7o 200J, sola intermedi\u00e1ria de a\u00e7o para escolha<\/td>\n<\/tr>\n<tr>\n<td width=\"284\">Cor<\/td>\n<td width=\"284\">Branco ou personalizado<\/td>\n<\/tr>\n<tr>\n<td width=\"284\">Tamanho<\/td>\n<td width=\"284\">36-46 para escolha<\/td>\n<\/tr>\n<tr>\n<td width=\"284\">MOQ<\/td>\n<td width=\"284\">500 pares<\/td>\n<\/tr>\n<tr>\n<td width=\"284\">Vantagem<\/td>\n<td width=\"284\">Personaliza\u00e7\u00e3o do suporte<\/td>\n<\/tr>\n<\/tbody>\n<\/table>\n<p>A TOPRISE oferece suporte a v\u00e1rios estilos de personaliza\u00e7\u00e3o de botas de pvc e botas de borracha; clique para <a href=\"https:\/\/toprisesafety.com\/pt\/categoria-produto\/personal-protective-equipment\/foot-protection\/pvc-boots\/\">Veja mais estilos de botas de pvc e botas de borracha.<\/a><\/p>\n<p>Se voc\u00ea n\u00e3o encontrar as botas de pvc e as botas de borracha de que precisa <a href=\"https:\/\/toprisesafety.com\/pt\/contact-us\/\">Entre em contato conosco<\/a>Oferecemos suporte \u00e0 personaliza\u00e7\u00e3o especial.<\/p>","protected":false},"excerpt":{"rendered":"<p>N\u00ba do art.: RB08<\/p>\n<p>Tamanho: EUR: 36-46<\/p>\n<p>Material: PVC + forro de tecido de f\u00e1cil secagem<\/p>\n<p>Altura: 38 CM<\/p>\n<p>Cor: branca ou personalizada<\/p>\n<p>MOQ: 500PRS<\/p>","protected":false},"featured_media":11355,"template":"","meta":{"_acf_changed":false},"product_brand":[],"product_cat":[344,342],"product_tag":[],"class_list":{"0":"post-11354","1":"product","2":"type-product","3":"status-publish","4":"has-post-thumbnail","6":"product_cat-pvc-boots","7":"product_cat-foot-protection","9":"first","10":"instock","11":"shipping-taxable","12":"product-type-simple"},"acf":[],"_links":{"self":[{"href":"https:\/\/toprisesafety.com\/pt\/wp-json\/wp\/v2\/product\/11354"}],"collection":[{"href":"https:\/\/toprisesafety.com\/pt\/wp-json\/wp\/v2\/product"}],"about":[{"href":"https:\/\/toprisesafety.com\/pt\/wp-json\/wp\/v2\/types\/product"}],"wp:featuredmedia":[{"embeddable":true,"href":"https:\/\/toprisesafety.com\/pt\/wp-json\/wp\/v2\/media\/11355"}],"wp:attachment":[{"href":"https:\/\/toprisesafety.com\/pt\/wp-json\/wp\/v2\/media?parent=11354"}],"wp:term":[{"taxonomy":"product_brand","embeddable":true,"href":"https:\/\/toprisesafety.com\/pt\/wp-json\/wp\/v2\/product_brand?post=11354"},{"taxonomy":"product_cat","embeddable":true,"href":"https:\/\/toprisesafety.com\/pt\/wp-json\/wp\/v2\/product_cat?post=11354"},{"taxonomy":"product_tag","embeddable":true,"href":"https:\/\/toprisesafety.com\/pt\/wp-json\/wp\/v2\/product_tag?post=11354"}],"curies":[{"name":"wp","href":"https:\/\/api.w.org\/{rel}","templated":true}]}}