{"id":11340,"date":"2025-03-13T06:32:06","date_gmt":"2025-03-13T06:32:06","guid":{"rendered":"https:\/\/toprisesafety.com\/?post_type=product&#038;p=11340"},"modified":"2025-03-17T04:34:50","modified_gmt":"2025-03-17T04:34:50","slug":"safety-toe-reflective-rubber-boots","status":"publish","type":"product","link":"https:\/\/toprisesafety.com\/pt\/produto\/safety-toe-reflective-rubber-boots\/","title":{"rendered":"Botas de borracha refletivas com biqueira de seguran\u00e7a"},"content":{"rendered":"<h2>Botas de borracha refletivas com biqueira de seguran\u00e7a<\/h2>\n<ul>\n<li>Design da biqueira e da entressola em a\u00e7o: protege o p\u00e9 de forma eficaz contra press\u00e3o pesada e objetos pontiagudos.<\/li>\n<li>Design de faixa refletiva: Aumenta a visibilidade e a seguran\u00e7a \u00e0 noite ou em ambientes com pouca luz.<\/li>\n<li>Design de cinto el\u00e1stico: f\u00e1cil de colocar e tirar, garante um ajuste confort\u00e1vel e melhora a conveni\u00eancia do uso.<\/li>\n<li>Material de borracha: \u00e0 prova d'\u00e1gua, resistente ao desgaste, resistente a \u00e1cidos e \u00e1lcalis, adapta-se a v\u00e1rios ambientes complexos e oferece prote\u00e7\u00e3o para todos os climas.<\/li>\n<li>Conforto: Ainda \u00e9 confort\u00e1vel de usar por muito tempo, adequado para locais de trabalho como canteiros de obras e armaz\u00e9ns.<\/li>\n<li>Local de uso: Adequado para canteiros de obras, armaz\u00e9ns, f\u00e1bricas de produtos qu\u00edmicos, agricultura, jardins e outros locais que precisam de prote\u00e7\u00e3o e um ambiente de trabalho confort\u00e1vel.<\/li>\n<\/ul>\n<table>\n<tbody>\n<tr>\n<td width=\"284\">N\u00ba do art.<\/td>\n<td width=\"284\">RB07<\/td>\n<\/tr>\n<tr>\n<td width=\"284\">Estilo<\/td>\n<td width=\"284\">Botas de borracha para trabalho pesado<\/td>\n<\/tr>\n<tr>\n<td width=\"284\">Material<\/td>\n<td width=\"284\">Borracha + forro de tecido de f\u00e1cil secagem<\/td>\n<\/tr>\n<tr>\n<td width=\"284\">Recursos<\/td>\n<td width=\"284\">Biqueira de a\u00e7o 200J, sola intermedi\u00e1ria de a\u00e7o para escolha<\/td>\n<\/tr>\n<tr>\n<td width=\"284\">Cor<\/td>\n<td width=\"284\">Preto ou personalizado<\/td>\n<\/tr>\n<tr>\n<td width=\"284\">Tamanho<\/td>\n<td width=\"284\">39-47 para escolha<\/td>\n<\/tr>\n<tr>\n<td width=\"284\">MOQ<\/td>\n<td width=\"284\">500 pares<\/td>\n<\/tr>\n<tr>\n<td width=\"284\">Vantagem<\/td>\n<td width=\"284\">Personaliza\u00e7\u00e3o do suporte<\/td>\n<\/tr>\n<\/tbody>\n<\/table>\n<p>A TOPRISE oferece suporte a v\u00e1rios estilos de personaliza\u00e7\u00e3o de botas de pvc e botas de borracha; clique para <a href=\"https:\/\/toprisesafety.com\/pt\/categoria-produto\/personal-protective-equipment\/foot-protection\/pvc-boots\/\">Veja mais estilos de botas de pvc e botas de borracha.<\/a><\/p>\n<p>Se voc\u00ea n\u00e3o encontrar as botas de pvc e as botas de borracha de que precisa <a href=\"https:\/\/toprisesafety.com\/pt\/contact-us\/\">Entre em contato conosco<\/a>Oferecemos suporte \u00e0 personaliza\u00e7\u00e3o especial.<\/p>","protected":false},"excerpt":{"rendered":"<p>N\u00ba do art.: RB07<\/p>\n<p>Tamanho: EUR: 39-47<\/p>\n<p>Material: borracha + forro de tecido de f\u00e1cil secagem<\/p>\n<p>Altura: 36 CM<\/p>\n<p>Cor: preto ou personalizado<\/p>\n<p>Caracter\u00edsticas: Adicionar fitas refletivas<\/p>\n<p>MOQ: 500PRS<\/p>","protected":false},"featured_media":11342,"template":"","meta":{"_acf_changed":false},"product_brand":[],"product_cat":[342,344],"product_tag":[],"class_list":{"0":"post-11340","1":"product","2":"type-product","3":"status-publish","4":"has-post-thumbnail","6":"product_cat-foot-protection","7":"product_cat-pvc-boots","9":"first","10":"instock","11":"shipping-taxable","12":"product-type-simple"},"acf":[],"_links":{"self":[{"href":"https:\/\/toprisesafety.com\/pt\/wp-json\/wp\/v2\/product\/11340"}],"collection":[{"href":"https:\/\/toprisesafety.com\/pt\/wp-json\/wp\/v2\/product"}],"about":[{"href":"https:\/\/toprisesafety.com\/pt\/wp-json\/wp\/v2\/types\/product"}],"wp:featuredmedia":[{"embeddable":true,"href":"https:\/\/toprisesafety.com\/pt\/wp-json\/wp\/v2\/media\/11342"}],"wp:attachment":[{"href":"https:\/\/toprisesafety.com\/pt\/wp-json\/wp\/v2\/media?parent=11340"}],"wp:term":[{"taxonomy":"product_brand","embeddable":true,"href":"https:\/\/toprisesafety.com\/pt\/wp-json\/wp\/v2\/product_brand?post=11340"},{"taxonomy":"product_cat","embeddable":true,"href":"https:\/\/toprisesafety.com\/pt\/wp-json\/wp\/v2\/product_cat?post=11340"},{"taxonomy":"product_tag","embeddable":true,"href":"https:\/\/toprisesafety.com\/pt\/wp-json\/wp\/v2\/product_tag?post=11340"}],"curies":[{"name":"wp","href":"https:\/\/api.w.org\/{rel}","templated":true}]}}