{"id":11334,"date":"2025-03-13T06:27:11","date_gmt":"2025-03-13T06:27:11","guid":{"rendered":"https:\/\/toprisesafety.com\/?post_type=product&#038;p=11334"},"modified":"2025-03-17T04:35:35","modified_gmt":"2025-03-17T04:35:35","slug":"steel-toe-rubber-boots","status":"publish","type":"product","link":"https:\/\/toprisesafety.com\/pt\/produto\/steel-toe-rubber-boots\/","title":{"rendered":"Botas de borracha com biqueira de a\u00e7o"},"content":{"rendered":"<h2>Botas de borracha com biqueira de a\u00e7o<\/h2>\n<ul>\n<li>Biqueira de a\u00e7o padr\u00e3o e design da entressola de a\u00e7o: prote\u00e7\u00e3o eficaz do p\u00e9 contra press\u00e3o pesada e objetos pontiagudos.<\/li>\n<li>Design antiderrapante: Garante uma caminhada est\u00e1vel em um ambiente escorregadio e aumenta a seguran\u00e7a.<\/li>\n<li>Design de alto cilindro: evita efetivamente a imers\u00e3o na chuva e se adapta a condi\u00e7\u00f5es clim\u00e1ticas adversas.<\/li>\n<li>Material de borracha: tem excelente desempenho \u00e0 prova d'\u00e1gua; mant\u00e9m os p\u00e9s secos.<\/li>\n<li>Forte resist\u00eancia ao desgaste: adapta-se a v\u00e1rios ambientes complexos, com longa vida \u00fatil.<\/li>\n<li>Flexibilidade: proporciona boa flexibilidade e conforto, reduzindo a sensa\u00e7\u00e3o de fadiga quando usado por muito tempo.<\/li>\n<li>Resist\u00eancia qu\u00edmica: Ele tem certa resist\u00eancia \u00e0 maioria das subst\u00e2ncias qu\u00edmicas e \u00e9 adequado para uma variedade de ambientes de trabalho.<\/li>\n<li>Multiuso: adequado para diferentes cen\u00e1rios, como canteiro de obras, dep\u00f3sito e opera\u00e7\u00e3o externa.<\/li>\n<li>Conforto: Ele pode manter o conforto por muito tempo e \u00e9 adequado para v\u00e1rios ambientes de trabalho.<\/li>\n<\/ul>\n<table>\n<tbody>\n<tr>\n<td width=\"284\">N\u00ba do art.<\/td>\n<td width=\"284\">RB06<\/td>\n<\/tr>\n<tr>\n<td width=\"284\">Estilo<\/td>\n<td width=\"284\">Botas de borracha para trabalho pesado<\/td>\n<\/tr>\n<tr>\n<td width=\"284\">Material<\/td>\n<td width=\"284\">Borracha + forro de tecido de f\u00e1cil secagem<\/td>\n<\/tr>\n<tr>\n<td width=\"284\">Recursos<\/td>\n<td width=\"284\">Biqueira de a\u00e7o 200J, sola intermedi\u00e1ria de a\u00e7o para escolha<\/td>\n<\/tr>\n<tr>\n<td width=\"284\">Cor<\/td>\n<td width=\"284\">Amarelo\/preto ou personalizado<\/td>\n<\/tr>\n<tr>\n<td width=\"284\">Tamanho<\/td>\n<td width=\"284\">38-48 para escolha<\/td>\n<\/tr>\n<tr>\n<td width=\"284\">MOQ<\/td>\n<td width=\"284\">500 pares<\/td>\n<\/tr>\n<tr>\n<td width=\"284\">Vantagem<\/td>\n<td width=\"284\">Personaliza\u00e7\u00e3o do suporte<\/td>\n<\/tr>\n<\/tbody>\n<\/table>\n<p>A TOPRISE oferece suporte a v\u00e1rios estilos de personaliza\u00e7\u00e3o de botas de pvc e botas de borracha; clique para <a href=\"https:\/\/toprisesafety.com\/pt\/categoria-produto\/personal-protective-equipment\/foot-protection\/pvc-boots\/\">Veja mais estilos de botas de pvc e botas de borracha.<\/a><\/p>\n<p>Se voc\u00ea n\u00e3o encontrar as botas de pvc e as botas de borracha de que precisa <a href=\"https:\/\/toprisesafety.com\/pt\/contact-us\/\">Entre em contato conosco<\/a>Oferecemos suporte \u00e0 personaliza\u00e7\u00e3o especial.<\/p>","protected":false},"excerpt":{"rendered":"<p>N\u00ba do art.: RB06<\/p>\n<p>Tamanho: EUR: 38-48<\/p>\n<p>Material: borracha + forro de tecido de f\u00e1cil secagem<\/p>\n<p>Altura: 36 CM<\/p>\n<p>Cor: amarelo\/preto ou personalizado<\/p>\n<p>MOQ: 500PRS<\/p>","protected":false},"featured_media":11336,"template":"","meta":{"_acf_changed":false},"product_brand":[],"product_cat":[344,342],"product_tag":[],"class_list":{"0":"post-11334","1":"product","2":"type-product","3":"status-publish","4":"has-post-thumbnail","6":"product_cat-pvc-boots","7":"product_cat-foot-protection","9":"first","10":"instock","11":"shipping-taxable","12":"product-type-simple"},"acf":[],"_links":{"self":[{"href":"https:\/\/toprisesafety.com\/pt\/wp-json\/wp\/v2\/product\/11334"}],"collection":[{"href":"https:\/\/toprisesafety.com\/pt\/wp-json\/wp\/v2\/product"}],"about":[{"href":"https:\/\/toprisesafety.com\/pt\/wp-json\/wp\/v2\/types\/product"}],"wp:featuredmedia":[{"embeddable":true,"href":"https:\/\/toprisesafety.com\/pt\/wp-json\/wp\/v2\/media\/11336"}],"wp:attachment":[{"href":"https:\/\/toprisesafety.com\/pt\/wp-json\/wp\/v2\/media?parent=11334"}],"wp:term":[{"taxonomy":"product_brand","embeddable":true,"href":"https:\/\/toprisesafety.com\/pt\/wp-json\/wp\/v2\/product_brand?post=11334"},{"taxonomy":"product_cat","embeddable":true,"href":"https:\/\/toprisesafety.com\/pt\/wp-json\/wp\/v2\/product_cat?post=11334"},{"taxonomy":"product_tag","embeddable":true,"href":"https:\/\/toprisesafety.com\/pt\/wp-json\/wp\/v2\/product_tag?post=11334"}],"curies":[{"name":"wp","href":"https:\/\/api.w.org\/{rel}","templated":true}]}}