{"id":11326,"date":"2025-03-13T06:21:08","date_gmt":"2025-03-13T06:21:08","guid":{"rendered":"https:\/\/toprisesafety.com\/?post_type=product&#038;p=11326"},"modified":"2025-03-17T04:36:34","modified_gmt":"2025-03-17T04:36:34","slug":"waterproof-white-steel-toe-safety-pvc-boots","status":"publish","type":"product","link":"https:\/\/toprisesafety.com\/pt\/produto\/waterproof-white-steel-toe-safety-pvc-boots\/","title":{"rendered":"Botas de PVC de seguran\u00e7a com biqueira de a\u00e7o branco \u00e0 prova d'\u00e1gua"},"content":{"rendered":"<h2>Botas de PVC de seguran\u00e7a com biqueira de a\u00e7o branco \u00e0 prova d'\u00e1gua<\/h2>\n<ul>\n<li>Design padr\u00e3o da biqueira e da entressola em a\u00e7o: protege efetivamente os p\u00e9s contra press\u00e3o pesada e objetos pontiagudos.<\/li>\n<li>Design de sola antiderrapante: garante uma caminhada est\u00e1vel em ambientes \u00famidos e escorregadios e aumenta a seguran\u00e7a.<\/li>\n<li>Material de PVC: \u00e0 prova d'\u00e1gua, resistente ao desgaste, adequado para ambientes de trabalho \u00famidos ou lamacentos.<\/li>\n<li>Conforto: design leve, n\u00e3o cansa os p\u00e9s e \u00e9 adequado para uso prolongado.<\/li>\n<li>Multiuso: especialmente adequado para locais de trabalho de alta intensidade, como canteiros de obras, agricultura e jardins, proporcionando prote\u00e7\u00e3o completa para os p\u00e9s.<\/li>\n<\/ul>\n<table>\n<tbody>\n<tr>\n<td width=\"284\">N\u00ba do art.<\/td>\n<td width=\"284\">RB05-W<\/td>\n<\/tr>\n<tr>\n<td width=\"284\">Estilo<\/td>\n<td width=\"284\">Botas de borracha para trabalho pesado<\/td>\n<\/tr>\n<tr>\n<td width=\"284\">Material<\/td>\n<td width=\"284\">PVC + forro de tecido de f\u00e1cil secagem<\/td>\n<\/tr>\n<tr>\n<td width=\"284\">Recursos<\/td>\n<td width=\"284\">Biqueira de a\u00e7o 200J, sola intermedi\u00e1ria de a\u00e7o para escolha<\/td>\n<\/tr>\n<tr>\n<td width=\"284\">Cor<\/td>\n<td width=\"284\">Preto\/vermelho ou personalizado<\/td>\n<\/tr>\n<tr>\n<td width=\"284\">Tamanho<\/td>\n<td width=\"284\">38-46 para escolha<\/td>\n<\/tr>\n<tr>\n<td width=\"284\">MOQ<\/td>\n<td width=\"284\">500 pares<\/td>\n<\/tr>\n<tr>\n<td width=\"284\">Vantagem<\/td>\n<td width=\"284\">Personaliza\u00e7\u00e3o do suporte<\/td>\n<\/tr>\n<\/tbody>\n<\/table>\n<p>A TOPRISE oferece suporte a v\u00e1rios estilos de personaliza\u00e7\u00e3o de botas de pvc e botas de borracha; clique para <a href=\"https:\/\/toprisesafety.com\/pt\/categoria-produto\/personal-protective-equipment\/foot-protection\/pvc-boots\/\">Veja mais estilos de botas de pvc e botas de borracha.<\/a><\/p>\n<p>Se voc\u00ea n\u00e3o encontrar as botas de pvc e as botas de borracha de que precisa <a href=\"https:\/\/toprisesafety.com\/pt\/contact-us\/\">Entre em contato conosco<\/a>Oferecemos suporte \u00e0 personaliza\u00e7\u00e3o especial.<\/p>","protected":false},"excerpt":{"rendered":"<p>N\u00ba do art.: RB05-W<\/p>\n<p>Tamanho: EUR: 38-46<\/p>\n<p>Material: PVC + forro de tecido de f\u00e1cil secagem<\/p>\n<p>Cor: preto, verde, amarelo, branco etc.<\/p>","protected":false},"featured_media":11327,"template":"","meta":{"_acf_changed":false},"product_brand":[],"product_cat":[342,344],"product_tag":[],"class_list":{"0":"post-11326","1":"product","2":"type-product","3":"status-publish","4":"has-post-thumbnail","6":"product_cat-foot-protection","7":"product_cat-pvc-boots","9":"first","10":"instock","11":"shipping-taxable","12":"product-type-simple"},"acf":[],"_links":{"self":[{"href":"https:\/\/toprisesafety.com\/pt\/wp-json\/wp\/v2\/product\/11326"}],"collection":[{"href":"https:\/\/toprisesafety.com\/pt\/wp-json\/wp\/v2\/product"}],"about":[{"href":"https:\/\/toprisesafety.com\/pt\/wp-json\/wp\/v2\/types\/product"}],"wp:featuredmedia":[{"embeddable":true,"href":"https:\/\/toprisesafety.com\/pt\/wp-json\/wp\/v2\/media\/11327"}],"wp:attachment":[{"href":"https:\/\/toprisesafety.com\/pt\/wp-json\/wp\/v2\/media?parent=11326"}],"wp:term":[{"taxonomy":"product_brand","embeddable":true,"href":"https:\/\/toprisesafety.com\/pt\/wp-json\/wp\/v2\/product_brand?post=11326"},{"taxonomy":"product_cat","embeddable":true,"href":"https:\/\/toprisesafety.com\/pt\/wp-json\/wp\/v2\/product_cat?post=11326"},{"taxonomy":"product_tag","embeddable":true,"href":"https:\/\/toprisesafety.com\/pt\/wp-json\/wp\/v2\/product_tag?post=11326"}],"curies":[{"name":"wp","href":"https:\/\/api.w.org\/{rel}","templated":true}]}}