{"id":11224,"date":"2025-03-11T06:40:38","date_gmt":"2025-03-11T06:40:38","guid":{"rendered":"https:\/\/toprisesafety.com\/?post_type=product&#038;p=11224"},"modified":"2025-03-11T07:01:05","modified_gmt":"2025-03-11T07:01:05","slug":"mens-military-tactical-work-boots","status":"publish","type":"product","link":"https:\/\/toprisesafety.com\/pt\/produto\/mens-military-tactical-work-boots\/","title":{"rendered":"Botas militares t\u00e1ticas de trabalho para homens"},"content":{"rendered":"<h2>Botas militares t\u00e1ticas de trabalho para homens<\/h2>\n<p>Caracter\u00edsticas:<\/p>\n<ul>\n<li>Couro de camur\u00e7a de alta qualidade: dur\u00e1vel e respir\u00e1vel, adequado para uma variedade de ambientes adversos.<\/li>\n<li>Sola moldada por inje\u00e7\u00e3o de PU: leve e resistente ao desgaste, proporcionando excelente desempenho antiderrapante.<\/li>\n<li>Design confort\u00e1vel de absor\u00e7\u00e3o de choque: reduz a press\u00e3o nos p\u00e9s, adequado para uso prolongado.<\/li>\n<li>Padr\u00e3o de camuflagem da moda: apar\u00eancia moderna, pr\u00e1tica e elegante.<\/li>\n<li>Suporte \u00e0 personaliza\u00e7\u00e3o: Atenda \u00e0s necessidades individuais, personalize a apar\u00eancia e a fun\u00e7\u00e3o.<\/li>\n<li>Aplica\u00e7\u00e3o multifuncional: adequado para a pol\u00edcia militar, atividades ao ar livre e outras ocasi\u00f5es.<\/li>\n<\/ul>\n<table>\n<tbody>\n<tr>\n<td width=\"279\">N\u00ba do art.<\/td>\n<td width=\"280\">SB15<\/td>\n<\/tr>\n<tr>\n<td width=\"279\">Material<\/td>\n<td width=\"280\">Couro de camur\u00e7a + sola de inje\u00e7\u00e3o de PU<\/td>\n<\/tr>\n<tr>\n<td width=\"279\">Oficina<\/td>\n<td width=\"280\">Sola com inje\u00e7\u00e3o de PU<\/td>\n<\/tr>\n<tr>\n<td width=\"279\">Tamanho<\/td>\n<td width=\"280\">36-46<\/td>\n<\/tr>\n<tr>\n<td width=\"279\">Logotipo<\/td>\n<td width=\"280\">O logotipo do cliente est\u00e1 dispon\u00edvel<\/td>\n<\/tr>\n<tr>\n<td width=\"279\">Personaliza\u00e7\u00e3o<\/td>\n<td width=\"280\">Biqueira de a\u00e7o, sola intermedi\u00e1ria de a\u00e7o ou sola intermedi\u00e1ria de kevlar, etc., para escolha.<\/td>\n<\/tr>\n<tr>\n<td width=\"279\">Embalagem<\/td>\n<td width=\"280\">1PR\/caixa colorida, 10PRS\/CTN<\/td>\n<\/tr>\n<\/tbody>\n<\/table>\n<p>O TOPRISE oferece suporte a v\u00e1rios estilos de personaliza\u00e7\u00e3o de cal\u00e7ados de seguran\u00e7a; clique para ver <a href=\"https:\/\/toprisesafety.com\/pt\/categoria-produto\/personal-protective-equipment\/foot-protection\/safety-shoes\/\">mais estilos de cal\u00e7ados de seguran\u00e7a<\/a>.<\/p>\n<p>Se n\u00e3o encontrar o cal\u00e7ado de seguran\u00e7a de que precisa, entre em contato conosco; oferecemos suporte para personaliza\u00e7\u00e3o especial.<\/p>","protected":false},"excerpt":{"rendered":"<p>N\u00ba do art.: SB18<\/p>\n<p>Tamanho: 36-46<\/p>\n<p>Material: Couro de camur\u00e7a + sola de inje\u00e7\u00e3o de PU<\/p>\n<p>Acabamento: Solado com inje\u00e7\u00e3o de PU<\/p>\n<p>MOQ:1000PRS<\/p>\n<p>Podemos oferecer suporte a diferentes padr\u00f5es de botas de seguran\u00e7a.<\/p>","protected":false},"featured_media":11225,"template":"","meta":{"_acf_changed":false},"product_brand":[],"product_cat":[343,342],"product_tag":[],"class_list":{"0":"post-11224","1":"product","2":"type-product","3":"status-publish","4":"has-post-thumbnail","6":"product_cat-safety-shoes","7":"product_cat-foot-protection","9":"first","10":"instock","11":"shipping-taxable","12":"product-type-simple"},"acf":[],"_links":{"self":[{"href":"https:\/\/toprisesafety.com\/pt\/wp-json\/wp\/v2\/product\/11224"}],"collection":[{"href":"https:\/\/toprisesafety.com\/pt\/wp-json\/wp\/v2\/product"}],"about":[{"href":"https:\/\/toprisesafety.com\/pt\/wp-json\/wp\/v2\/types\/product"}],"wp:featuredmedia":[{"embeddable":true,"href":"https:\/\/toprisesafety.com\/pt\/wp-json\/wp\/v2\/media\/11225"}],"wp:attachment":[{"href":"https:\/\/toprisesafety.com\/pt\/wp-json\/wp\/v2\/media?parent=11224"}],"wp:term":[{"taxonomy":"product_brand","embeddable":true,"href":"https:\/\/toprisesafety.com\/pt\/wp-json\/wp\/v2\/product_brand?post=11224"},{"taxonomy":"product_cat","embeddable":true,"href":"https:\/\/toprisesafety.com\/pt\/wp-json\/wp\/v2\/product_cat?post=11224"},{"taxonomy":"product_tag","embeddable":true,"href":"https:\/\/toprisesafety.com\/pt\/wp-json\/wp\/v2\/product_tag?post=11224"}],"curies":[{"name":"wp","href":"https:\/\/api.w.org\/{rel}","templated":true}]}}