{"id":11207,"date":"2025-03-11T06:21:14","date_gmt":"2025-03-11T06:21:14","guid":{"rendered":"https:\/\/toprisesafety.com\/?post_type=product&#038;p=11207"},"modified":"2025-03-11T07:31:53","modified_gmt":"2025-03-11T07:31:53","slug":"best-safety-boots","status":"publish","type":"product","link":"https:\/\/toprisesafety.com\/pt\/produto\/best-safety-boots\/","title":{"rendered":"Melhores botas de seguran\u00e7a"},"content":{"rendered":"<h2>Best Safety Boots Features:<\/h2>\n<ul>\n<li>Standard steel head: provides strong protection to prevent heavy objects from smashing toes.<\/li>\n<li>Standard steel sole: effectively prevent sharp objects from penetrating the sole.<\/li>\n<li>Optional KEVLAR sole: lightweight and durable, excellent puncture resistance.<\/li>\n<li>Non-slip soles: Ensure safety in a variety of working environments.<\/li>\n<li>Elevated design: Protects the ankle from external impact injury.<\/li>\n<li>Strong waterproof performance: adapt to wet environments with a waterproof design.<\/li>\n<li>Wide range of application scenarios: suitable for high-intensity workplaces such as buildings and factories.<\/li>\n<\/ul>\n<table>\n<tbody>\n<tr>\n<td width=\"279\">N\u00ba do art.<\/td>\n<td width=\"280\">SB15<\/td>\n<\/tr>\n<tr>\n<td width=\"279\">Material<\/td>\n<td width=\"280\">Genuine leather + PU injection sole<\/td>\n<\/tr>\n<tr>\n<td width=\"279\">Oficina<\/td>\n<td width=\"280\">Sola com inje\u00e7\u00e3o de PU<\/td>\n<\/tr>\n<tr>\n<td width=\"279\">Tamanho<\/td>\n<td width=\"280\">36-48<\/td>\n<\/tr>\n<tr>\n<td width=\"279\">Logotipo<\/td>\n<td width=\"280\">O logotipo do cliente est\u00e1 dispon\u00edvel<\/td>\n<\/tr>\n<tr>\n<td width=\"279\">Personaliza\u00e7\u00e3o<\/td>\n<td width=\"280\">Biqueira de a\u00e7o, sola intermedi\u00e1ria de a\u00e7o ou sola intermedi\u00e1ria de kevlar, etc., para escolha.<\/td>\n<\/tr>\n<tr>\n<td width=\"279\">Embalagem<\/td>\n<td width=\"280\">1PR\/caixa colorida, 10PRS\/CTN<\/td>\n<\/tr>\n<\/tbody>\n<\/table>\n<p>O TOPRISE oferece suporte a v\u00e1rios estilos de personaliza\u00e7\u00e3o de cal\u00e7ados de seguran\u00e7a; clique para ver <a href=\"https:\/\/toprisesafety.com\/pt\/categoria-produto\/personal-protective-equipment\/foot-protection\/safety-shoes\/\">mais estilos de cal\u00e7ados de seguran\u00e7a<\/a>.<\/p>\n<p>Se n\u00e3o encontrar o cal\u00e7ado de seguran\u00e7a de que precisa, entre em contato conosco; oferecemos suporte para personaliza\u00e7\u00e3o especial.<\/p>","protected":false},"excerpt":{"rendered":"<p>Art No.: SB15<\/p>\n<p>Tamanho: 36-48<\/p>\n<p>Material: Genuine leather+ PU injection sole<\/p>\n<p>Acabamento: Solado com inje\u00e7\u00e3o de PU<\/p>\n<p>MOQ:1000PRS<\/p>\n<p>Podemos oferecer suporte a diferentes padr\u00f5es de botas de seguran\u00e7a.<\/p>","protected":false},"featured_media":11211,"template":"","meta":{"_acf_changed":false},"product_brand":[],"product_cat":[343,342],"product_tag":[],"class_list":{"0":"post-11207","1":"product","2":"type-product","3":"status-publish","4":"has-post-thumbnail","6":"product_cat-safety-shoes","7":"product_cat-foot-protection","9":"first","10":"instock","11":"shipping-taxable","12":"product-type-simple"},"acf":[],"_links":{"self":[{"href":"https:\/\/toprisesafety.com\/pt\/wp-json\/wp\/v2\/product\/11207"}],"collection":[{"href":"https:\/\/toprisesafety.com\/pt\/wp-json\/wp\/v2\/product"}],"about":[{"href":"https:\/\/toprisesafety.com\/pt\/wp-json\/wp\/v2\/types\/product"}],"wp:featuredmedia":[{"embeddable":true,"href":"https:\/\/toprisesafety.com\/pt\/wp-json\/wp\/v2\/media\/11211"}],"wp:attachment":[{"href":"https:\/\/toprisesafety.com\/pt\/wp-json\/wp\/v2\/media?parent=11207"}],"wp:term":[{"taxonomy":"product_brand","embeddable":true,"href":"https:\/\/toprisesafety.com\/pt\/wp-json\/wp\/v2\/product_brand?post=11207"},{"taxonomy":"product_cat","embeddable":true,"href":"https:\/\/toprisesafety.com\/pt\/wp-json\/wp\/v2\/product_cat?post=11207"},{"taxonomy":"product_tag","embeddable":true,"href":"https:\/\/toprisesafety.com\/pt\/wp-json\/wp\/v2\/product_tag?post=11207"}],"curies":[{"name":"wp","href":"https:\/\/api.w.org\/{rel}","templated":true}]}}