{"id":11169,"date":"2025-03-04T07:09:04","date_gmt":"2025-03-04T07:09:04","guid":{"rendered":"https:\/\/toprisesafety.com\/?post_type=product&#038;p=11169"},"modified":"2025-03-11T06:58:19","modified_gmt":"2025-03-11T06:58:19","slug":"leather-combat-boots","status":"publish","type":"product","link":"https:\/\/toprisesafety.com\/pt\/produto\/leather-combat-boots\/","title":{"rendered":"Botas de couro para combate"},"content":{"rendered":"<h2>Botas de couro para combate<\/h2>\n<ul>\n<li><b><\/b><strong><b>High-quality leather material<\/b><\/strong>: it has good durability and comfort, can adapt to various complex environments, and provides excellent air permeability.<\/li>\n<li><b><\/b><strong><b>Rubber soles<\/b><\/strong>: Rubber soles provide excellent slip resistance and wear resistance, ensuring stability in all ground conditions.<\/li>\n<li><b><\/b><strong><b>A\u00e7o<\/b><\/strong><strong><b>toe cap and steel midsole<\/b><\/strong>: prevent external impact and pressure, protect feet from injury, and are suitable for high-risk working environments.<\/li>\n<li><b><\/b><strong><b>Classic design<\/b><\/strong>: Simple appearance design, both stylish and functional, suitable for various occasions to provide both comfort and security.<\/li>\n<li><b><\/b><strong><b>Personaliza\u00e7\u00e3o do suporte<\/b><\/strong>: Provide personalized customization according to customer needs to meet the needs of different scenarios and enhance comfort and functionality.<\/li>\n<\/ul>\n<table>\n<tbody>\n<tr>\n<td width=\"279\">N\u00ba do art.<\/td>\n<td width=\"280\">SB14<\/td>\n<\/tr>\n<tr>\n<td width=\"279\">Material<\/td>\n<td width=\"280\">Genuine leather + rubber sole<\/td>\n<\/tr>\n<tr>\n<td width=\"279\">Oficina<\/td>\n<td width=\"280\">Pasted<\/td>\n<\/tr>\n<tr>\n<td width=\"279\">Tamanho<\/td>\n<td width=\"280\">36-46<\/td>\n<\/tr>\n<tr>\n<td width=\"279\">Logotipo<\/td>\n<td width=\"280\">O logotipo do cliente est\u00e1 dispon\u00edvel<\/td>\n<\/tr>\n<tr>\n<td width=\"279\">Personaliza\u00e7\u00e3o<\/td>\n<td width=\"280\">Biqueira de a\u00e7o, sola intermedi\u00e1ria de a\u00e7o ou sola intermedi\u00e1ria de kevlar, etc., para escolha.<\/td>\n<\/tr>\n<tr>\n<td width=\"279\">Embalagem<\/td>\n<td width=\"280\">1PR\/caixa colorida, 10PRS\/CTN<\/td>\n<\/tr>\n<\/tbody>\n<\/table>\n<p data-pm-slice=\"1 1 []\">O TOPRISE oferece suporte a v\u00e1rios estilos de personaliza\u00e7\u00e3o de cal\u00e7ados de seguran\u00e7a; clique para ver <a href=\"https:\/\/toprisesafety.com\/pt\/categoria-produto\/personal-protective-equipment\/foot-protection\/safety-shoes\/\">more styles of safety shoes. <\/a><\/p>\n<p data-pm-slice=\"1 1 []\">Se n\u00e3o encontrar o cal\u00e7ado de seguran\u00e7a de que precisa, entre em contato conosco; oferecemos suporte para personaliza\u00e7\u00e3o especial.<\/p>","protected":false},"excerpt":{"rendered":"<p>Art No.: SB14<\/p>\n<p>Tamanho: 36-46<\/p>\n<p>Material:Genuine leather\u00a0+rubber sole<\/p>\n<p>Workmanship: Pasted<\/p>\n<p>MOQ:500PRS<\/p>","protected":false},"featured_media":11170,"template":"","meta":{"_acf_changed":false},"product_brand":[],"product_cat":[342,343],"product_tag":[],"class_list":{"0":"post-11169","1":"product","2":"type-product","3":"status-publish","4":"has-post-thumbnail","6":"product_cat-foot-protection","7":"product_cat-safety-shoes","9":"first","10":"instock","11":"shipping-taxable","12":"product-type-simple"},"acf":[],"_links":{"self":[{"href":"https:\/\/toprisesafety.com\/pt\/wp-json\/wp\/v2\/product\/11169"}],"collection":[{"href":"https:\/\/toprisesafety.com\/pt\/wp-json\/wp\/v2\/product"}],"about":[{"href":"https:\/\/toprisesafety.com\/pt\/wp-json\/wp\/v2\/types\/product"}],"wp:featuredmedia":[{"embeddable":true,"href":"https:\/\/toprisesafety.com\/pt\/wp-json\/wp\/v2\/media\/11170"}],"wp:attachment":[{"href":"https:\/\/toprisesafety.com\/pt\/wp-json\/wp\/v2\/media?parent=11169"}],"wp:term":[{"taxonomy":"product_brand","embeddable":true,"href":"https:\/\/toprisesafety.com\/pt\/wp-json\/wp\/v2\/product_brand?post=11169"},{"taxonomy":"product_cat","embeddable":true,"href":"https:\/\/toprisesafety.com\/pt\/wp-json\/wp\/v2\/product_cat?post=11169"},{"taxonomy":"product_tag","embeddable":true,"href":"https:\/\/toprisesafety.com\/pt\/wp-json\/wp\/v2\/product_tag?post=11169"}],"curies":[{"name":"wp","href":"https:\/\/api.w.org\/{rel}","templated":true}]}}