{"id":11163,"date":"2025-03-04T06:47:37","date_gmt":"2025-03-04T06:47:37","guid":{"rendered":"https:\/\/toprisesafety.com\/?post_type=product&#038;p=11163"},"modified":"2025-03-04T07:15:08","modified_gmt":"2025-03-04T07:15:08","slug":"military-combat-boots","status":"publish","type":"product","link":"https:\/\/toprisesafety.com\/pt\/produto\/military-combat-boots\/","title":{"rendered":"Botas militares de combate"},"content":{"rendered":"<h2>Botas militares de combate<\/h2>\n<ul>\n<li><b><\/b><strong><b>Double layer fur<\/b><\/strong>: provides excellent comfort and durability, waterproof, anti-fouling, suitable for a variety of harsh environments.<\/li>\n<li><b><\/b><strong><b>Cordura fabric<\/b><\/strong>: Enhances wear resistance and tear resistance of shoes, ADAPTS to high intensity use, and ensures long durability.<\/li>\n<li><b><\/b><strong><b>Rubber cold adhesive sole<\/b><\/strong>: provides excellent slip resistance and stability, suitable for wearing under various ground conditions, ensuring safe walking.<\/li>\n<li><b><\/b><strong><b>Aplicativo<\/b><\/strong>: Suitable for combat boots, adapted to extreme environments, providing superior protection and comfort.<\/li>\n<li><b><\/b><strong><b>Personaliza\u00e7\u00e3o do suporte<\/b><\/strong>: Customized according to customer requirements, to meet the requirements of different scenarios.<\/li>\n<\/ul>\n<table>\n<tbody>\n<tr>\n<td width=\"279\">N\u00ba do art.<\/td>\n<td width=\"280\">SB13<\/td>\n<\/tr>\n<tr>\n<td width=\"279\">Material<\/td>\n<td width=\"280\">Suede leather + cordura fabric + rubber sole<\/td>\n<\/tr>\n<tr>\n<td width=\"279\">Oficina<\/td>\n<td width=\"280\">Pasted<\/td>\n<\/tr>\n<tr>\n<td width=\"279\">Tamanho<\/td>\n<td width=\"280\">37-46<\/td>\n<\/tr>\n<tr>\n<td width=\"279\">Zipper<\/td>\n<td width=\"280\">Ykk zipper<\/td>\n<\/tr>\n<tr>\n<td width=\"279\">Logotipo<\/td>\n<td width=\"280\">O logotipo do cliente est\u00e1 dispon\u00edvel<\/td>\n<\/tr>\n<tr>\n<td width=\"279\">Personaliza\u00e7\u00e3o<\/td>\n<td width=\"280\">Biqueira de a\u00e7o, sola intermedi\u00e1ria de a\u00e7o ou sola intermedi\u00e1ria de kevlar, etc., para escolha.<\/td>\n<\/tr>\n<tr>\n<td width=\"279\">Embalagem<\/td>\n<td width=\"280\">1PR\/caixa colorida, 10PRS\/CTN<\/td>\n<\/tr>\n<\/tbody>\n<\/table>\n<p><img fetchpriority=\"high\" decoding=\"async\" class=\"alignnone wp-image-11164\" src=\"https:\/\/toprisesafety.com\/wp-content\/uploads\/2025\/03\/Military-combat-boots-1-292x300.jpg\" alt=\"\" width=\"268\" height=\"275\" srcset=\"https:\/\/toprisesafety.com\/wp-content\/uploads\/2025\/03\/Military-combat-boots-1-292x300.jpg 292w, https:\/\/toprisesafety.com\/wp-content\/uploads\/2025\/03\/Military-combat-boots-1-768x789.jpg 768w, https:\/\/toprisesafety.com\/wp-content\/uploads\/2025\/03\/Military-combat-boots-1-600x616.jpg 600w, https:\/\/toprisesafety.com\/wp-content\/uploads\/2025\/03\/Military-combat-boots-1.jpg 780w\" sizes=\"(max-width: 268px) 100vw, 268px\" \/> <img decoding=\"async\" class=\"alignnone size-medium wp-image-11165\" src=\"https:\/\/toprisesafety.com\/wp-content\/uploads\/2025\/03\/Military-combat-boots-2-300x274.jpg\" alt=\"\" width=\"300\" height=\"274\" srcset=\"https:\/\/toprisesafety.com\/wp-content\/uploads\/2025\/03\/Military-combat-boots-2-300x274.jpg 300w, https:\/\/toprisesafety.com\/wp-content\/uploads\/2025\/03\/Military-combat-boots-2-768x702.jpg 768w, https:\/\/toprisesafety.com\/wp-content\/uploads\/2025\/03\/Military-combat-boots-2-600x549.jpg 600w, https:\/\/toprisesafety.com\/wp-content\/uploads\/2025\/03\/Military-combat-boots-2.jpg 784w\" sizes=\"(max-width: 300px) 100vw, 300px\" \/><\/p>","protected":false},"excerpt":{"rendered":"<p>Art No.: SB13<\/p>\n<p>Size: 37-46<\/p>\n<p>Material:Suede leather\u00a0+cordura fabric+rubber sole<\/p>\n<p>Workmanship: Pasted<\/p>\n<p>MOQ:500PRS<\/p>\n<p>Podemos oferecer suporte a diferentes padr\u00f5es de cal\u00e7ados de seguran\u00e7a<\/p>","protected":false},"featured_media":11168,"template":"","meta":{"_acf_changed":false},"product_brand":[],"product_cat":[15],"product_tag":[],"class_list":{"0":"post-11163","1":"product","2":"type-product","3":"status-publish","4":"has-post-thumbnail","6":"product_cat-toprise-new-products","8":"first","9":"instock","10":"shipping-taxable","11":"product-type-simple"},"acf":[],"_links":{"self":[{"href":"https:\/\/toprisesafety.com\/pt\/wp-json\/wp\/v2\/product\/11163"}],"collection":[{"href":"https:\/\/toprisesafety.com\/pt\/wp-json\/wp\/v2\/product"}],"about":[{"href":"https:\/\/toprisesafety.com\/pt\/wp-json\/wp\/v2\/types\/product"}],"wp:featuredmedia":[{"embeddable":true,"href":"https:\/\/toprisesafety.com\/pt\/wp-json\/wp\/v2\/media\/11168"}],"wp:attachment":[{"href":"https:\/\/toprisesafety.com\/pt\/wp-json\/wp\/v2\/media?parent=11163"}],"wp:term":[{"taxonomy":"product_brand","embeddable":true,"href":"https:\/\/toprisesafety.com\/pt\/wp-json\/wp\/v2\/product_brand?post=11163"},{"taxonomy":"product_cat","embeddable":true,"href":"https:\/\/toprisesafety.com\/pt\/wp-json\/wp\/v2\/product_cat?post=11163"},{"taxonomy":"product_tag","embeddable":true,"href":"https:\/\/toprisesafety.com\/pt\/wp-json\/wp\/v2\/product_tag?post=11163"}],"curies":[{"name":"wp","href":"https:\/\/api.w.org\/{rel}","templated":true}]}}