{"id":11144,"date":"2025-03-04T04:35:25","date_gmt":"2025-03-04T04:35:25","guid":{"rendered":"https:\/\/toprisesafety.com\/?post_type=product&#038;p=11144"},"modified":"2025-03-11T07:56:34","modified_gmt":"2025-03-11T07:56:34","slug":"work-wear-safety-shoes","status":"publish","type":"product","link":"https:\/\/toprisesafety.com\/pt\/produto\/work-wear-safety-shoes\/","title":{"rendered":"Cal\u00e7ados de seguran\u00e7a para uso no trabalho"},"content":{"rendered":"<h2>Cal\u00e7ados de seguran\u00e7a para uso no trabalho<\/h2>\n<ul>\n<li><b><\/b><strong><b>Forte prote\u00e7\u00e3o<\/b><\/strong>O design da cabe\u00e7a de a\u00e7o + fundo de a\u00e7o evita efetivamente o esmagamento e a perfura\u00e7\u00e3o, garante a seguran\u00e7a dos p\u00e9s e \u00e9 adequado para ambientes de trabalho de alto risco.<\/li>\n<li><b><\/b><strong><b>Resistente ao desgaste e dur\u00e1vel<\/b><\/strong>A parte superior de couro de camur\u00e7a \u00e9 flex\u00edvel e respir\u00e1vel, resistente ao desgaste e a rasgos, prolongando a vida \u00fatil e reduzindo a frequ\u00eancia de substitui\u00e7\u00e3o.<\/li>\n<li><b><\/b><strong><b>Amortecimento leve<\/b><\/strong>: O fundo com inje\u00e7\u00e3o de PU \u00e9 leve e resistente ao desgaste, proporcionando um bom efeito de amortecimento e trabalhando por muito tempo sem cansar os p\u00e9s.<\/li>\n<li><b><\/b><strong><b>Punho antiderrapante<\/b><\/strong>: Sola com textura profunda, maior ader\u00eancia, para lidar com terrenos complexos e escorregadios, reduzindo o risco de les\u00f5es.<\/li>\n<li><b><\/b><strong><b>Confort\u00e1vel e conveniente<\/b><\/strong>Design de p\u00e9 fixo, f\u00e1cil de colocar e tirar, melhora a efici\u00eancia do trabalho.<\/li>\n<li><b><\/b><strong><b>Personaliza\u00e7\u00e3o do suporte<\/b><\/strong>: O logotipo e a embalagem podem ser personalizados para atender \u00e0s necessidades da marca corporativa.<\/li>\n<\/ul>\n<table>\n<tbody>\n<tr>\n<td width=\"279\">N\u00ba do art.<\/td>\n<td width=\"280\">SB09<\/td>\n<\/tr>\n<tr>\n<td width=\"279\">Material<\/td>\n<td width=\"280\">Couro de camur\u00e7a + sola de inje\u00e7\u00e3o de PU<\/td>\n<\/tr>\n<tr>\n<td width=\"279\">Oficina<\/td>\n<td width=\"280\">Inje\u00e7\u00e3o de PU<\/td>\n<\/tr>\n<tr>\n<td width=\"279\">Cor<\/td>\n<td width=\"280\">C\u00e1qui, marrom ou cores personalizadas.<\/td>\n<\/tr>\n<tr>\n<td width=\"279\">Tamanho<\/td>\n<td width=\"280\">36-46<\/td>\n<\/tr>\n<tr>\n<td width=\"279\">N\u00edvel de qualidade<\/td>\n<td width=\"280\">SB, SBP, S1, S2, S3<\/td>\n<\/tr>\n<tr>\n<td width=\"279\">Padr\u00e3o de qualidade<\/td>\n<td width=\"280\">CE EN 20345<\/td>\n<\/tr>\n<tr>\n<td width=\"279\">Logotipo<\/td>\n<td width=\"280\">O logotipo do cliente est\u00e1 dispon\u00edvel<\/td>\n<\/tr>\n<tr>\n<td width=\"279\">Personaliza\u00e7\u00e3o<\/td>\n<td width=\"280\">Biqueira de a\u00e7o, sola intermedi\u00e1ria de a\u00e7o ou sola intermedi\u00e1ria de kevlar, etc., para escolha.<\/td>\n<\/tr>\n<tr>\n<td width=\"279\">Embalagem<\/td>\n<td width=\"280\">1PR\/caixa colorida, 10PRS\/CTN<\/td>\n<\/tr>\n<\/tbody>\n<\/table>\n<p>O TOPRISE oferece suporte a v\u00e1rios estilos de personaliza\u00e7\u00e3o de cal\u00e7ados de seguran\u00e7a; clique para ver <a href=\"https:\/\/toprisesafety.com\/pt\/categoria-produto\/personal-protective-equipment\/foot-protection\/safety-shoes\/\">mais estilos de cal\u00e7ados de seguran\u00e7a<\/a>.<\/p>\n<p>Se n\u00e3o encontrar o cal\u00e7ado de seguran\u00e7a de que precisa, entre em contato conosco; oferecemos suporte para personaliza\u00e7\u00e3o especial.<\/p>","protected":false},"excerpt":{"rendered":"<p>N\u00ba do art.: SB09<\/p>\n<p>Tamanho: 36-46<\/p>\n<p>Material: couro de camur\u00e7a + sola de inje\u00e7\u00e3o de PU<\/p>\n<p>Acabamento: Solado com inje\u00e7\u00e3o de PU<\/p>\n<p>MOQ:500PRS<\/p>\n<p>Podemos oferecer suporte a diferentes padr\u00f5es de cal\u00e7ados de seguran\u00e7a<\/p>","protected":false},"featured_media":11145,"template":"","meta":{"_acf_changed":false},"product_brand":[],"product_cat":[342,343],"product_tag":[],"class_list":{"0":"post-11144","1":"product","2":"type-product","3":"status-publish","4":"has-post-thumbnail","6":"product_cat-foot-protection","7":"product_cat-safety-shoes","9":"first","10":"instock","11":"shipping-taxable","12":"product-type-simple"},"acf":[],"_links":{"self":[{"href":"https:\/\/toprisesafety.com\/pt\/wp-json\/wp\/v2\/product\/11144","targetHints":{"allow":["GET"]}}],"collection":[{"href":"https:\/\/toprisesafety.com\/pt\/wp-json\/wp\/v2\/product"}],"about":[{"href":"https:\/\/toprisesafety.com\/pt\/wp-json\/wp\/v2\/types\/product"}],"wp:featuredmedia":[{"embeddable":true,"href":"https:\/\/toprisesafety.com\/pt\/wp-json\/wp\/v2\/media\/11145"}],"wp:attachment":[{"href":"https:\/\/toprisesafety.com\/pt\/wp-json\/wp\/v2\/media?parent=11144"}],"wp:term":[{"taxonomy":"product_brand","embeddable":true,"href":"https:\/\/toprisesafety.com\/pt\/wp-json\/wp\/v2\/product_brand?post=11144"},{"taxonomy":"product_cat","embeddable":true,"href":"https:\/\/toprisesafety.com\/pt\/wp-json\/wp\/v2\/product_cat?post=11144"},{"taxonomy":"product_tag","embeddable":true,"href":"https:\/\/toprisesafety.com\/pt\/wp-json\/wp\/v2\/product_tag?post=11144"}],"curies":[{"name":"wp","href":"https:\/\/api.w.org\/{rel}","templated":true}]}}