{"id":11140,"date":"2025-03-04T04:32:11","date_gmt":"2025-03-04T04:32:11","guid":{"rendered":"https:\/\/toprisesafety.com\/?post_type=product&#038;p=11140"},"modified":"2025-03-11T07:57:20","modified_gmt":"2025-03-11T07:57:20","slug":"safety-boots","status":"publish","type":"product","link":"https:\/\/toprisesafety.com\/pt\/produto\/safety-boots\/","title":{"rendered":"Botas de seguran\u00e7a"},"content":{"rendered":"<h2>Botas de seguran\u00e7a<\/h2>\n<ul>\n<li><b><\/b><strong><b>Durable protection<\/b><\/strong>: two layers of cowhide wear resistance and tear resistance, adapt to the harsh environment, reduce the frequency of replacement, reduce the procurement cost of enterprises.<\/li>\n<li><b><\/b><strong><b>Lightweight and comfortable<\/b><\/strong>: PU injection bottom light cushioned shock, long standing or walking without tired feet, improve work efficiency.<\/li>\n<li><b><\/b><strong><b>Anti-slip and oil-resistant<\/b><\/strong>: Deep textured soles enhance grip and are suitable for slippery, greasy floors to reduce the risk of slipping.<\/li>\n<li><b><\/b><strong><b>Integrated molding<\/b><\/strong>: PU injection molding process ensures that the sole does not fall off, improving durability and reducing repair and replacement costs.<\/li>\n<li><b><\/b><strong><b>Cold and warm<\/b><\/strong>: the inner can add cotton design, effective cold protection, and suitable for low-temperature environments to ensure the comfort of winter work.<\/li>\n<li><b><\/b><strong><b>Support OEM customization<\/b><\/strong>: can customize LOGO, packaging, etc., to meet the needs of enterprise branding and bulk procurement.<\/li>\n<\/ul>\n<table>\n<tbody>\n<tr>\n<td width=\"279\">N\u00ba do art.<\/td>\n<td width=\"280\">SB08<\/td>\n<\/tr>\n<tr>\n<td width=\"279\">Material<\/td>\n<td width=\"280\">Split leather + PU injection sole<\/td>\n<\/tr>\n<tr>\n<td width=\"279\">Oficina<\/td>\n<td width=\"280\">Inje\u00e7\u00e3o de PU<\/td>\n<\/tr>\n<tr>\n<td width=\"279\">Tamanho<\/td>\n<td width=\"280\">35-47<\/td>\n<\/tr>\n<tr>\n<td width=\"279\">Altura<\/td>\n<td width=\"280\">27CM<\/td>\n<\/tr>\n<tr>\n<td width=\"279\">N\u00edvel de qualidade<\/td>\n<td width=\"280\">SB, SBP, S1, S2, S3<\/td>\n<\/tr>\n<tr>\n<td width=\"279\">Padr\u00e3o de qualidade<\/td>\n<td width=\"280\">CE EN 20345<\/td>\n<\/tr>\n<tr>\n<td width=\"279\">Logotipo<\/td>\n<td width=\"280\">O logotipo do cliente est\u00e1 dispon\u00edvel<\/td>\n<\/tr>\n<tr>\n<td width=\"279\">Personaliza\u00e7\u00e3o<\/td>\n<td width=\"280\">Biqueira de a\u00e7o, sola intermedi\u00e1ria de a\u00e7o ou sola intermedi\u00e1ria de kevlar, etc., para escolha.<\/td>\n<\/tr>\n<tr>\n<td width=\"279\">Embalagem<\/td>\n<td width=\"280\">1PR\/caixa colorida, 10PRS\/CTN<\/td>\n<\/tr>\n<\/tbody>\n<\/table>\n<p>O TOPRISE oferece suporte a v\u00e1rios estilos de personaliza\u00e7\u00e3o de cal\u00e7ados de seguran\u00e7a; clique para ver <a href=\"https:\/\/toprisesafety.com\/pt\/categoria-produto\/personal-protective-equipment\/foot-protection\/safety-shoes\/\">mais estilos de cal\u00e7ados de seguran\u00e7a<\/a>.<\/p>\n<p>Se n\u00e3o encontrar o cal\u00e7ado de seguran\u00e7a de que precisa, entre em contato conosco; oferecemos suporte para personaliza\u00e7\u00e3o especial.<\/p>","protected":false},"excerpt":{"rendered":"<p>Art No.: SB08<\/p>\n<p>Size: 35-47<\/p>\n<p>Material:\u00a0Split leather + PU injection sole<\/p>\n<p>Acabamento: Solado com inje\u00e7\u00e3o de PU<\/p>\n<p>MOQ:500PRS<\/p>\n<p>Podemos oferecer suporte a diferentes padr\u00f5es de cal\u00e7ados de seguran\u00e7a<\/p>","protected":false},"featured_media":11141,"template":"","meta":{"_acf_changed":false},"product_brand":[],"product_cat":[342,343],"product_tag":[],"class_list":{"0":"post-11140","1":"product","2":"type-product","3":"status-publish","4":"has-post-thumbnail","6":"product_cat-foot-protection","7":"product_cat-safety-shoes","9":"first","10":"instock","11":"shipping-taxable","12":"product-type-simple"},"acf":[],"_links":{"self":[{"href":"https:\/\/toprisesafety.com\/pt\/wp-json\/wp\/v2\/product\/11140"}],"collection":[{"href":"https:\/\/toprisesafety.com\/pt\/wp-json\/wp\/v2\/product"}],"about":[{"href":"https:\/\/toprisesafety.com\/pt\/wp-json\/wp\/v2\/types\/product"}],"wp:featuredmedia":[{"embeddable":true,"href":"https:\/\/toprisesafety.com\/pt\/wp-json\/wp\/v2\/media\/11141"}],"wp:attachment":[{"href":"https:\/\/toprisesafety.com\/pt\/wp-json\/wp\/v2\/media?parent=11140"}],"wp:term":[{"taxonomy":"product_brand","embeddable":true,"href":"https:\/\/toprisesafety.com\/pt\/wp-json\/wp\/v2\/product_brand?post=11140"},{"taxonomy":"product_cat","embeddable":true,"href":"https:\/\/toprisesafety.com\/pt\/wp-json\/wp\/v2\/product_cat?post=11140"},{"taxonomy":"product_tag","embeddable":true,"href":"https:\/\/toprisesafety.com\/pt\/wp-json\/wp\/v2\/product_tag?post=11140"}],"curies":[{"name":"wp","href":"https:\/\/api.w.org\/{rel}","templated":true}]}}