{"id":11133,"date":"2025-03-03T05:31:44","date_gmt":"2025-03-03T05:31:44","guid":{"rendered":"https:\/\/toprisesafety.com\/?post_type=product&#038;p=11133"},"modified":"2025-03-11T07:59:13","modified_gmt":"2025-03-11T07:59:13","slug":"high-cut-safety-shoes","status":"publish","type":"product","link":"https:\/\/toprisesafety.com\/pt\/produto\/high-cut-safety-shoes\/","title":{"rendered":"Sapatos de seguran\u00e7a de corte alto"},"content":{"rendered":"<h2>Sapatos de seguran\u00e7a de corte alto<\/h2>\n<p>&nbsp;<\/p>\n<p>&nbsp;<\/p>\n<p><img fetchpriority=\"high\" decoding=\"async\" class=\"alignnone size-medium wp-image-11132\" src=\"https:\/\/toprisesafety.com\/wp-content\/uploads\/2025\/03\/Safety-shoes-for-men-5-300x300.jpg\" alt=\"\" width=\"300\" height=\"300\" srcset=\"https:\/\/toprisesafety.com\/wp-content\/uploads\/2025\/03\/Safety-shoes-for-men-5-300x300.jpg 300w, https:\/\/toprisesafety.com\/wp-content\/uploads\/2025\/03\/Safety-shoes-for-men-5-1024x1024.jpg 1024w, https:\/\/toprisesafety.com\/wp-content\/uploads\/2025\/03\/Safety-shoes-for-men-5-150x150.jpg 150w, https:\/\/toprisesafety.com\/wp-content\/uploads\/2025\/03\/Safety-shoes-for-men-5-768x768.jpg 768w, https:\/\/toprisesafety.com\/wp-content\/uploads\/2025\/03\/Safety-shoes-for-men-5-1536x1536.jpg 1536w, https:\/\/toprisesafety.com\/wp-content\/uploads\/2025\/03\/Safety-shoes-for-men-5-2048x2048.jpg 2048w, https:\/\/toprisesafety.com\/wp-content\/uploads\/2025\/03\/Safety-shoes-for-men-5-600x600.jpg 600w, https:\/\/toprisesafety.com\/wp-content\/uploads\/2025\/03\/Safety-shoes-for-men-5-100x100.jpg 100w\" sizes=\"(max-width: 300px) 100vw, 300px\" \/><\/p>\n<table>\n<tbody>\n<tr>\n<td width=\"279\">N\u00ba do art.<\/td>\n<td width=\"280\">SB06H<\/td>\n<\/tr>\n<tr>\n<td width=\"279\">Material<\/td>\n<td width=\"280\">Couro de genu\u00edna, sola de borracha, forro de campela.<\/td>\n<\/tr>\n<tr>\n<td width=\"279\">Oficina<\/td>\n<td width=\"280\">Colado.<\/td>\n<\/tr>\n<tr>\n<td width=\"279\">Tamanho<\/td>\n<td width=\"280\">36-47<\/td>\n<\/tr>\n<tr>\n<td width=\"279\">Altura<\/td>\n<td width=\"280\">30 CM.<\/td>\n<\/tr>\n<tr>\n<td width=\"279\">N\u00edvel de qualidade<\/td>\n<td width=\"280\">SB, SBP, S1, S2, S3<\/td>\n<\/tr>\n<tr>\n<td width=\"279\">Padr\u00e3o de qualidade<\/td>\n<td width=\"280\">CE EN 20345<\/td>\n<\/tr>\n<tr>\n<td width=\"279\">Logotipo<\/td>\n<td width=\"280\">O logotipo do cliente est\u00e1 dispon\u00edvel<\/td>\n<\/tr>\n<tr>\n<td width=\"279\">Embalagem<\/td>\n<td width=\"280\">1PR\/caixa colorida, 10PRS\/CTN<\/td>\n<\/tr>\n<\/tbody>\n<\/table>\n<p><strong>Different standards for your choice:\u00a0<\/strong><\/p>\n<table>\n<tbody>\n<tr>\n<td width=\"121\"><strong><b>Padr\u00f5es<\/b><\/strong><\/td>\n<td width=\"239\"><strong><b>Interno<\/b><\/strong><\/td>\n<td width=\"366\"><strong><b>Fun\u00e7\u00e3o<\/b><\/strong><\/td>\n<\/tr>\n<tr>\n<td width=\"121\">SB<\/td>\n<td width=\"239\">Biqueira de a\u00e7o<\/td>\n<td width=\"366\">Anti-choque, resistente a \u00f3leo e \u00e1cido<\/td>\n<\/tr>\n<tr>\n<td width=\"121\">SBP<\/td>\n<td width=\"239\">Biqueira de a\u00e7o e placa de a\u00e7o<\/td>\n<td width=\"366\">Antiesmagamento, antifuro, resistente a choques, resistente a \u00f3leos e \u00e1cidos<\/td>\n<\/tr>\n<tr>\n<td width=\"121\">S1<\/td>\n<td width=\"239\">Biqueira de a\u00e7o<\/td>\n<td width=\"366\">Anti-esmagamento, antiest\u00e1tico, resistente a choques, resistente a \u00f3leos e \u00e1cidos<\/td>\n<\/tr>\n<tr>\n<td width=\"121\">S1P<\/td>\n<td width=\"239\">Biqueira de a\u00e7o e placa de a\u00e7o<\/td>\n<td width=\"366\">Antiesmagamento, antifuro, antiest\u00e1tico, resistente a choques, resistente a \u00f3leos e \u00e1cidos<\/td>\n<\/tr>\n<tr>\n<td width=\"121\">S2<\/td>\n<td width=\"239\">Biqueira de a\u00e7o<\/td>\n<td width=\"366\">\u00c0 prova d'\u00e1gua, antiesmagamento, antiest\u00e1tico, resistente a choques, resistente a \u00f3leos e \u00e1cidos<\/td>\n<\/tr>\n<tr>\n<td width=\"121\">S3<\/td>\n<td width=\"239\">Biqueira de a\u00e7o e placa de a\u00e7o<\/td>\n<td width=\"366\">\u00c0 prova d'\u00e1gua, antiesmagamento, antifuro, antiest\u00e1tico, resistente a choques, resistente a \u00f3leos e \u00e1cidos<\/td>\n<\/tr>\n<\/tbody>\n<\/table>\n<p>O TOPRISE oferece suporte a v\u00e1rios estilos de personaliza\u00e7\u00e3o de cal\u00e7ados de seguran\u00e7a; clique para ver <a href=\"https:\/\/toprisesafety.com\/pt\/categoria-produto\/personal-protective-equipment\/foot-protection\/safety-shoes\/\">mais estilos de cal\u00e7ados de seguran\u00e7a<\/a>.<\/p>\n<p>Se n\u00e3o encontrar o cal\u00e7ado de seguran\u00e7a de que precisa, entre em contato conosco; oferecemos suporte para personaliza\u00e7\u00e3o especial.<\/p>\n<p>&nbsp;<\/p>","protected":false},"excerpt":{"rendered":"<p>Art No.: SB06H<\/p>\n<p>Tamanho: 36-47<\/p>\n<p>Material: Couro Genuiene + sola de borracha + forro de tecido<\/p>\n<p>Acabamento: colado com borracha<\/p>\n<p>MOQ:1000PRS<\/p>\n<p>We can support different standards of high cut safety shoes.<\/p>","protected":false},"featured_media":11128,"template":"","meta":{"_acf_changed":false},"product_brand":[],"product_cat":[343,342],"product_tag":[],"class_list":{"0":"post-11133","1":"product","2":"type-product","3":"status-publish","4":"has-post-thumbnail","6":"product_cat-safety-shoes","7":"product_cat-foot-protection","9":"first","10":"instock","11":"shipping-taxable","12":"product-type-simple"},"acf":[],"_links":{"self":[{"href":"https:\/\/toprisesafety.com\/pt\/wp-json\/wp\/v2\/product\/11133"}],"collection":[{"href":"https:\/\/toprisesafety.com\/pt\/wp-json\/wp\/v2\/product"}],"about":[{"href":"https:\/\/toprisesafety.com\/pt\/wp-json\/wp\/v2\/types\/product"}],"wp:featuredmedia":[{"embeddable":true,"href":"https:\/\/toprisesafety.com\/pt\/wp-json\/wp\/v2\/media\/11128"}],"wp:attachment":[{"href":"https:\/\/toprisesafety.com\/pt\/wp-json\/wp\/v2\/media?parent=11133"}],"wp:term":[{"taxonomy":"product_brand","embeddable":true,"href":"https:\/\/toprisesafety.com\/pt\/wp-json\/wp\/v2\/product_brand?post=11133"},{"taxonomy":"product_cat","embeddable":true,"href":"https:\/\/toprisesafety.com\/pt\/wp-json\/wp\/v2\/product_cat?post=11133"},{"taxonomy":"product_tag","embeddable":true,"href":"https:\/\/toprisesafety.com\/pt\/wp-json\/wp\/v2\/product_tag?post=11133"}],"curies":[{"name":"wp","href":"https:\/\/api.w.org\/{rel}","templated":true}]}}