{"id":11125,"date":"2025-03-03T03:53:22","date_gmt":"2025-03-03T03:53:22","guid":{"rendered":"https:\/\/toprisesafety.com\/?post_type=product&#038;p=11125"},"modified":"2025-03-11T08:01:10","modified_gmt":"2025-03-11T08:01:10","slug":"safety-shoes-for-men","status":"publish","type":"product","link":"https:\/\/toprisesafety.com\/pt\/produto\/safety-shoes-for-men\/","title":{"rendered":"Cal\u00e7ados de seguran\u00e7a para homens"},"content":{"rendered":"<h1>Cal\u00e7ados de seguran\u00e7a para homens<\/h1>\n<h2><strong><b>Caracter\u00edsticas do cal\u00e7ado de seguran\u00e7a para homens:<\/b><\/strong><\/h2>\n<ul>\n<li>Prote\u00e7\u00e3o de alta resist\u00eancia: cabe\u00e7a de a\u00e7o padr\u00e3o opcional, fundo de a\u00e7o, proporcionando excelente resist\u00eancia a impactos e perfura\u00e7\u00f5es; h\u00e1 tamb\u00e9m uma sola de Kevlar opcional, leve e segura.<\/li>\n<li>Duas camadas reais de couro bovino de alta qualidade: material de pele leve, resist\u00eancia ao desgaste e a arranh\u00f5es, f\u00e1cil de limpar, adapt\u00e1vel a v\u00e1rios ambientes de trabalho, mant\u00e9m uma apar\u00eancia profissional.<\/li>\n<li>Sola de borracha antiderrapante: design com forte ader\u00eancia, adequado para terrenos escorregadios e complexos, reduz o risco de escorreg\u00f5es e aumenta a seguran\u00e7a no trabalho.<\/li>\n<li>V\u00e1rias op\u00e7\u00f5es de altura: Duas alturas de 21 cm e 30 cm para atender \u00e0s necessidades de diferentes tipos de trabalho, a fim de oferecer suporte e prote\u00e7\u00e3o mais abrangentes para o tornozelo.<\/li>\n<li>Servi\u00e7o personalizado: Suporte \u00e0 personaliza\u00e7\u00e3o do cliente, incluindo materiais, especifica\u00e7\u00f5es, logotipo da marca, etc., para atender \u00e0s diferentes necessidades do cliente.<\/li>\n<\/ul>\n<h2><strong><b>Setores e usos aplic\u00e1veis:<\/b><\/strong><\/h2>\n<ul>\n<li>Constru\u00e7\u00e3o: Forne\u00e7a prote\u00e7\u00e3o de a\u00e7o para a cabe\u00e7a para evitar que objetos pesados sejam feridos, adequada para o pessoal da constru\u00e7\u00e3o do local.<\/li>\n<li>Servi\u00e7o de seguran\u00e7a: design de topo alto, suporte aprimorado para o tornozelo, adequado para seguran\u00e7a, pol\u00edcia, patrulha e outros setores.<\/li>\n<li>Ind\u00fastria manufatureira\/pesada: Excelente resist\u00eancia a perfura\u00e7\u00f5es e escorreg\u00f5es, adequada para locais de alto risco, como ch\u00e3o de f\u00e1brica e opera\u00e7\u00e3o de m\u00e1quinas.<\/li>\n<li>Opera\u00e7\u00e3o em ambientes externos: sola de borracha antiderrapante, adequada para explora\u00e7\u00e3o de campo, silvicultura, minera\u00e7\u00e3o e outros ambientes adversos.<\/li>\n<li>Transporte log\u00edstico: confort\u00e1vel e resistente ao desgaste, adequado para ficar em p\u00e9 por muito tempo e lidar com a equipe de mercadorias.<\/li>\n<li>Com excelente desempenho de seguran\u00e7a e durabilidade, esse cal\u00e7ado de prote\u00e7\u00e3o para o trabalho \u00e9 amplamente utilizado em diversos cen\u00e1rios de trabalho de alto risco e alta intensidade, proporcionando prote\u00e7\u00e3o profissional para os p\u00e9s de empresas e trabalhadores.<\/li>\n<\/ul>\n<table>\n<tbody>\n<tr>\n<td width=\"279\">N\u00ba do art.<\/td>\n<td width=\"280\">SB06<\/td>\n<\/tr>\n<tr>\n<td width=\"279\">Material<\/td>\n<td width=\"280\">Couro de genu\u00edna, sola de borracha, forro de campela.<\/td>\n<\/tr>\n<tr>\n<td width=\"279\">Oficina<\/td>\n<td width=\"280\">Colado.<\/td>\n<\/tr>\n<tr>\n<td width=\"279\">Tamanho<\/td>\n<td width=\"280\">36-47<\/td>\n<\/tr>\n<tr>\n<td width=\"279\">Altura<\/td>\n<td width=\"280\">21 cm ou 30 cm.<\/td>\n<\/tr>\n<tr>\n<td width=\"279\">N\u00edvel de qualidade<\/td>\n<td width=\"280\">SB, SBP, S1, S2, S3<\/td>\n<\/tr>\n<tr>\n<td width=\"279\">Padr\u00e3o de qualidade<\/td>\n<td width=\"280\">CE EN 20345<\/td>\n<\/tr>\n<tr>\n<td width=\"279\">Logotipo<\/td>\n<td width=\"280\">O logotipo do cliente est\u00e1 dispon\u00edvel<\/td>\n<\/tr>\n<tr>\n<td width=\"279\">Embalagem<\/td>\n<td width=\"280\">1PR\/caixa colorida, 10PRS\/CTN<\/td>\n<\/tr>\n<\/tbody>\n<\/table>\n<p>O TOPRISE oferece suporte a v\u00e1rios estilos de personaliza\u00e7\u00e3o de cal\u00e7ados de seguran\u00e7a; clique para ver <a href=\"https:\/\/toprisesafety.com\/pt\/categoria-produto\/personal-protective-equipment\/foot-protection\/safety-shoes\/\">mais estilos de cal\u00e7ados de seguran\u00e7a<\/a>.<\/p>\n<p>Se n\u00e3o encontrar o cal\u00e7ado de seguran\u00e7a de que precisa, entre em contato conosco; oferecemos suporte para personaliza\u00e7\u00e3o especial.<\/p>\n<p><strong>Temos duas alturas diferentes de cal\u00e7ados de seguran\u00e7a para homens para escolha:\u00a0<\/strong><\/p>\n<ul>\n<li>21CM<\/li>\n<li>30CM<\/li>\n<\/ul>\n<p><img fetchpriority=\"high\" decoding=\"async\" class=\"alignnone size-medium wp-image-11131\" src=\"https:\/\/toprisesafety.com\/wp-content\/uploads\/2025\/03\/Safety-shoes-for-men-1-300x300.jpg\" alt=\"\" width=\"300\" height=\"300\" srcset=\"https:\/\/toprisesafety.com\/wp-content\/uploads\/2025\/03\/Safety-shoes-for-men-1-300x300.jpg 300w, https:\/\/toprisesafety.com\/wp-content\/uploads\/2025\/03\/Safety-shoes-for-men-1-150x150.jpg 150w, https:\/\/toprisesafety.com\/wp-content\/uploads\/2025\/03\/Safety-shoes-for-men-1-768x768.jpg 768w, https:\/\/toprisesafety.com\/wp-content\/uploads\/2025\/03\/Safety-shoes-for-men-1-600x600.jpg 600w, https:\/\/toprisesafety.com\/wp-content\/uploads\/2025\/03\/Safety-shoes-for-men-1-100x100.jpg 100w, https:\/\/toprisesafety.com\/wp-content\/uploads\/2025\/03\/Safety-shoes-for-men-1.jpg 800w\" sizes=\"(max-width: 300px) 100vw, 300px\" \/> <img decoding=\"async\" class=\"alignnone size-medium wp-image-11132\" src=\"https:\/\/toprisesafety.com\/wp-content\/uploads\/2025\/03\/Safety-shoes-for-men-5-300x300.jpg\" alt=\"\" width=\"300\" height=\"300\" srcset=\"https:\/\/toprisesafety.com\/wp-content\/uploads\/2025\/03\/Safety-shoes-for-men-5-300x300.jpg 300w, https:\/\/toprisesafety.com\/wp-content\/uploads\/2025\/03\/Safety-shoes-for-men-5-1024x1024.jpg 1024w, https:\/\/toprisesafety.com\/wp-content\/uploads\/2025\/03\/Safety-shoes-for-men-5-150x150.jpg 150w, https:\/\/toprisesafety.com\/wp-content\/uploads\/2025\/03\/Safety-shoes-for-men-5-768x768.jpg 768w, https:\/\/toprisesafety.com\/wp-content\/uploads\/2025\/03\/Safety-shoes-for-men-5-1536x1536.jpg 1536w, https:\/\/toprisesafety.com\/wp-content\/uploads\/2025\/03\/Safety-shoes-for-men-5-2048x2048.jpg 2048w, https:\/\/toprisesafety.com\/wp-content\/uploads\/2025\/03\/Safety-shoes-for-men-5-600x600.jpg 600w, https:\/\/toprisesafety.com\/wp-content\/uploads\/2025\/03\/Safety-shoes-for-men-5-100x100.jpg 100w\" sizes=\"(max-width: 300px) 100vw, 300px\" \/><\/p>\n<p><strong>Podemos oferecer suporte a diferentes padr\u00f5es de cal\u00e7ados de seguran\u00e7a para homens.<\/strong><\/p>\n<table>\n<tbody>\n<tr>\n<td width=\"121\"><strong><b>Padr\u00f5es<\/b><\/strong><\/td>\n<td width=\"239\"><strong><b>Interno<\/b><\/strong><\/td>\n<td width=\"366\"><strong><b>Fun\u00e7\u00e3o<\/b><\/strong><\/td>\n<\/tr>\n<tr>\n<td width=\"121\">SB<\/td>\n<td width=\"239\">Biqueira de a\u00e7o<\/td>\n<td width=\"366\">Anti-choque, resistente a \u00f3leo e \u00e1cido<\/td>\n<\/tr>\n<tr>\n<td width=\"121\">SBP<\/td>\n<td width=\"239\">Biqueira de a\u00e7o e placa de a\u00e7o<\/td>\n<td width=\"366\">Antiesmagamento, antifuro, resistente a choques, resistente a \u00f3leos e \u00e1cidos<\/td>\n<\/tr>\n<tr>\n<td width=\"121\">S1<\/td>\n<td width=\"239\">Biqueira de a\u00e7o<\/td>\n<td width=\"366\">Anti-esmagamento, antiest\u00e1tico, resistente a choques, resistente a \u00f3leos e \u00e1cidos<\/td>\n<\/tr>\n<tr>\n<td width=\"121\">S1P<\/td>\n<td width=\"239\">Biqueira de a\u00e7o e placa de a\u00e7o<\/td>\n<td width=\"366\">Antiesmagamento, antifuro, antiest\u00e1tico, resistente a choques, resistente a \u00f3leos e \u00e1cidos<\/td>\n<\/tr>\n<tr>\n<td width=\"121\">S2<\/td>\n<td width=\"239\">Biqueira de a\u00e7o<\/td>\n<td width=\"366\">\u00c0 prova d'\u00e1gua, antiesmagamento, antiest\u00e1tico, resistente a choques, resistente a \u00f3leos e \u00e1cidos<\/td>\n<\/tr>\n<tr>\n<td width=\"121\">S3<\/td>\n<td width=\"239\">Biqueira de a\u00e7o e placa de a\u00e7o<\/td>\n<td width=\"366\">\u00c0 prova d'\u00e1gua, antiesmagamento, antifuro, antiest\u00e1tico, resistente a choques, resistente a \u00f3leos e \u00e1cidos<\/td>\n<\/tr>\n<\/tbody>\n<\/table>","protected":false},"excerpt":{"rendered":"<p>N\u00ba do art.: SB06<\/p>\n<p>Tamanho: 36-47<\/p>\n<p>Material: Couro Genuiene + sola de borracha + forro de tecido<\/p>\n<p>Acabamento: colado com borracha<\/p>\n<p>MOQ:1000PRS<\/p>\n<p>Suporte a pedidos personalizados.<\/p>","protected":false},"featured_media":11126,"template":"","meta":{"_acf_changed":false},"product_brand":[],"product_cat":[343,342],"product_tag":[385,386],"class_list":{"0":"post-11125","1":"product","2":"type-product","3":"status-publish","4":"has-post-thumbnail","6":"product_cat-safety-shoes","7":"product_cat-foot-protection","8":"product_tag-safety-boots","9":"product_tag-safety-shoes","11":"first","12":"instock","13":"shipping-taxable","14":"product-type-simple"},"acf":[],"_links":{"self":[{"href":"https:\/\/toprisesafety.com\/pt\/wp-json\/wp\/v2\/product\/11125"}],"collection":[{"href":"https:\/\/toprisesafety.com\/pt\/wp-json\/wp\/v2\/product"}],"about":[{"href":"https:\/\/toprisesafety.com\/pt\/wp-json\/wp\/v2\/types\/product"}],"wp:featuredmedia":[{"embeddable":true,"href":"https:\/\/toprisesafety.com\/pt\/wp-json\/wp\/v2\/media\/11126"}],"wp:attachment":[{"href":"https:\/\/toprisesafety.com\/pt\/wp-json\/wp\/v2\/media?parent=11125"}],"wp:term":[{"taxonomy":"product_brand","embeddable":true,"href":"https:\/\/toprisesafety.com\/pt\/wp-json\/wp\/v2\/product_brand?post=11125"},{"taxonomy":"product_cat","embeddable":true,"href":"https:\/\/toprisesafety.com\/pt\/wp-json\/wp\/v2\/product_cat?post=11125"},{"taxonomy":"product_tag","embeddable":true,"href":"https:\/\/toprisesafety.com\/pt\/wp-json\/wp\/v2\/product_tag?post=11125"}],"curies":[{"name":"wp","href":"https:\/\/api.w.org\/{rel}","templated":true}]}}