{"id":11031,"date":"2025-02-25T08:14:29","date_gmt":"2025-02-25T08:14:29","guid":{"rendered":"https:\/\/toprisesafety.com\/?post_type=product&#038;p=11031"},"modified":"2025-03-24T07:14:52","modified_gmt":"2025-03-24T07:14:52","slug":"cheap-earmuffs","status":"publish","type":"product","link":"https:\/\/toprisesafety.com\/pt\/produto\/cheap-earmuffs\/","title":{"rendered":"Protetores de ouvido baratos"},"content":{"rendered":"<p><strong>Protetores de ouvido baratos<\/strong><\/p>\n<ul>\n<li>Pre\u00e7o baixo, desempenho de alto custo, benef\u00edcios econ\u00f4micos.<\/li>\n<li>A fun\u00e7\u00e3o b\u00e1sica de redu\u00e7\u00e3o de ru\u00eddo protege a audi\u00e7\u00e3o contra falhas.<\/li>\n<li>Design leve, f\u00e1cil de transportar, adequado para uso di\u00e1rio.<\/li>\n<li>Material dur\u00e1vel para garantir o uso prolongado.<\/li>\n<li>Cor vermelha e preta combinando, simples e generosa, f\u00e1cil de reconhecer.<\/li>\n<li>Simples e confort\u00e1vel, adequado para clientes com or\u00e7amentos limitados.<\/li>\n<\/ul>\n<p>&nbsp;<\/p>\n<table>\n<tbody>\n<tr>\n<td width=\"284\"><strong><b>ART NO. <\/b><\/strong><\/td>\n<td width=\"334\"><strong><b>EM12<\/b><\/strong><\/td>\n<\/tr>\n<tr>\n<td width=\"284\">Material<\/td>\n<td width=\"334\">PP<\/td>\n<\/tr>\n<tr>\n<td width=\"284\">Cor<\/td>\n<td width=\"334\">Rosa, laranja, vermelho, azul ou personalizado<\/td>\n<\/tr>\n<tr>\n<td width=\"284\">SNR<\/td>\n<td width=\"334\">26dB<\/td>\n<\/tr>\n<tr>\n<td width=\"284\">Embalagem<\/td>\n<td width=\"334\">Saco Opp\/caixa pl\u00e1stica\/caixa colorida etc. Suporte personalizado.<\/td>\n<\/tr>\n<tr>\n<td width=\"284\">Padr\u00e3o de qualidade<\/td>\n<td width=\"334\">CE EN352<\/td>\n<\/tr>\n<tr>\n<td width=\"284\">MOQ<\/td>\n<td width=\"334\">500 UNIDADES<\/td>\n<\/tr>\n<\/tbody>\n<\/table>\n<p>A TOPRISE oferece suporte a v\u00e1rios estilos de personaliza\u00e7\u00e3o de protetores auriculares e tamp\u00f5es de ouvido; clique para <a href=\"https:\/\/toprisesafety.com\/pt\/categoria-produto\/personal-protective-equipment\/ear-protection\/earmuff-earplug\/\">veja mais estilos de protetores auriculares e tamp\u00f5es de ouvido.<\/a><\/p>\n<p>Se voc\u00ea n\u00e3o encontrar os protetores auriculares e de ouvido necess\u00e1rios,<a href=\"https:\/\/toprisesafety.com\/pt\/contact-us\/\"> Entre em contato conosco<\/a>Oferecemos suporte \u00e0 personaliza\u00e7\u00e3o especial.<\/p>","protected":false},"excerpt":{"rendered":"<p>N\u00ba do art.: EM12<\/p>\n<p>Material: PP<\/p>\n<p>Cor: rosa, laranja, vermelho, azul ou personalizada<\/p>\n<p>SNR:26dB<\/p>\n<p>Padr\u00e3o de qualidade: CE EN352<\/p>\n<p>MOQ:500PCS<\/p>","protected":false},"featured_media":11032,"template":"","meta":{"_acf_changed":false},"product_brand":[],"product_cat":[355,354],"product_tag":[],"class_list":{"0":"post-11031","1":"product","2":"type-product","3":"status-publish","4":"has-post-thumbnail","6":"product_cat-earmuff-earplug","7":"product_cat-ear-protection","9":"first","10":"instock","11":"shipping-taxable","12":"product-type-simple"},"acf":[],"_links":{"self":[{"href":"https:\/\/toprisesafety.com\/pt\/wp-json\/wp\/v2\/product\/11031"}],"collection":[{"href":"https:\/\/toprisesafety.com\/pt\/wp-json\/wp\/v2\/product"}],"about":[{"href":"https:\/\/toprisesafety.com\/pt\/wp-json\/wp\/v2\/types\/product"}],"wp:featuredmedia":[{"embeddable":true,"href":"https:\/\/toprisesafety.com\/pt\/wp-json\/wp\/v2\/media\/11032"}],"wp:attachment":[{"href":"https:\/\/toprisesafety.com\/pt\/wp-json\/wp\/v2\/media?parent=11031"}],"wp:term":[{"taxonomy":"product_brand","embeddable":true,"href":"https:\/\/toprisesafety.com\/pt\/wp-json\/wp\/v2\/product_brand?post=11031"},{"taxonomy":"product_cat","embeddable":true,"href":"https:\/\/toprisesafety.com\/pt\/wp-json\/wp\/v2\/product_cat?post=11031"},{"taxonomy":"product_tag","embeddable":true,"href":"https:\/\/toprisesafety.com\/pt\/wp-json\/wp\/v2\/product_tag?post=11031"}],"curies":[{"name":"wp","href":"https:\/\/api.w.org\/{rel}","templated":true}]}}