{"id":11014,"date":"2025-02-25T05:46:03","date_gmt":"2025-02-25T05:46:03","guid":{"rendered":"https:\/\/toprisesafety.com\/?post_type=product&#038;p=11014"},"modified":"2025-03-24T07:16:46","modified_gmt":"2025-03-24T07:16:46","slug":"earmuffs-for-noise","status":"publish","type":"product","link":"https:\/\/toprisesafety.com\/pt\/produto\/earmuffs-for-noise\/","title":{"rendered":"Protetores auriculares para ru\u00eddos"},"content":{"rendered":"<h2>Protetores auriculares para ru\u00eddos<\/h2>\n<ul>\n<li>Isolamento ac\u00fastico eficiente para proteger os ouvidos contra ru\u00eddos.<\/li>\n<li>Design leve, uso prolongado, confort\u00e1vel e sem sobrecarga.<\/li>\n<li>Faixa de cabe\u00e7a ajust\u00e1vel para diferentes tipos de cabe\u00e7a.<\/li>\n<li>Material dur\u00e1vel, longa vida \u00fatil e resist\u00eancia ao desgaste.<\/li>\n<li>Amarelo brilhante, chamativo e f\u00e1cil de ver; evite perder.<\/li>\n<li>F\u00e1cil de armazenar, adequado para transporte e armazenamento.<\/li>\n<\/ul>\n<table>\n<tbody>\n<tr>\n<td width=\"284\"><strong><b>ART NO. <\/b><\/strong><\/td>\n<td width=\"334\"><strong><b>EM08<\/b><\/strong><\/td>\n<\/tr>\n<tr>\n<td width=\"284\">Material<\/td>\n<td width=\"334\">Copo e faixa de cabe\u00e7a em ABS, esponja de alta densidade no interior, couro artificial<\/td>\n<\/tr>\n<tr>\n<td width=\"284\">Cor<\/td>\n<td width=\"334\">Amarelo ou personalizado<\/td>\n<\/tr>\n<tr>\n<td width=\"284\">Embalagem<\/td>\n<td width=\"334\">Saco Opp\/caixa pl\u00e1stica\/caixa colorida etc. Suporte personalizado.<\/td>\n<\/tr>\n<tr>\n<td width=\"284\">Padr\u00e3o de qualidade<\/td>\n<td width=\"334\">CE EN352 -1<\/td>\n<\/tr>\n<tr>\n<td width=\"284\">MOQ<\/td>\n<td width=\"334\">500 UNIDADES<\/td>\n<\/tr>\n<\/tbody>\n<\/table>\n<p>A TOPRISE oferece suporte a v\u00e1rios estilos de personaliza\u00e7\u00e3o de protetores auriculares e tamp\u00f5es de ouvido; clique para <a href=\"https:\/\/toprisesafety.com\/pt\/categoria-produto\/personal-protective-equipment\/ear-protection\/earmuff-earplug\/\">veja mais estilos de protetores auriculares e tamp\u00f5es de ouvido.<\/a><\/p>\n<p>Se voc\u00ea n\u00e3o encontrar os protetores auriculares e de ouvido necess\u00e1rios,<a href=\"https:\/\/toprisesafety.com\/pt\/contact-us\/\"> Entre em contato conosco<\/a>Oferecemos suporte \u00e0 personaliza\u00e7\u00e3o especial.<\/p>","protected":false},"excerpt":{"rendered":"<p>N\u00ba do art.: EM08<\/p>\n<p>Material: Copo e faixa de cabe\u00e7a em ABS, esponja de alta densidade no interior, couro artificial<\/p>\n<p>Cor: amarelo ou personalizado<\/p>\n<p>SNR: 20dB<\/p>\n<p>Padr\u00e3o de qualidade: CE EN352-1<\/p>\n<p>MOQ:500PCS<\/p>","protected":false},"featured_media":11015,"template":"","meta":{"_acf_changed":false},"product_brand":[],"product_cat":[355,354],"product_tag":[],"class_list":{"0":"post-11014","1":"product","2":"type-product","3":"status-publish","4":"has-post-thumbnail","6":"product_cat-earmuff-earplug","7":"product_cat-ear-protection","9":"first","10":"instock","11":"shipping-taxable","12":"product-type-simple"},"acf":[],"_links":{"self":[{"href":"https:\/\/toprisesafety.com\/pt\/wp-json\/wp\/v2\/product\/11014"}],"collection":[{"href":"https:\/\/toprisesafety.com\/pt\/wp-json\/wp\/v2\/product"}],"about":[{"href":"https:\/\/toprisesafety.com\/pt\/wp-json\/wp\/v2\/types\/product"}],"wp:featuredmedia":[{"embeddable":true,"href":"https:\/\/toprisesafety.com\/pt\/wp-json\/wp\/v2\/media\/11015"}],"wp:attachment":[{"href":"https:\/\/toprisesafety.com\/pt\/wp-json\/wp\/v2\/media?parent=11014"}],"wp:term":[{"taxonomy":"product_brand","embeddable":true,"href":"https:\/\/toprisesafety.com\/pt\/wp-json\/wp\/v2\/product_brand?post=11014"},{"taxonomy":"product_cat","embeddable":true,"href":"https:\/\/toprisesafety.com\/pt\/wp-json\/wp\/v2\/product_cat?post=11014"},{"taxonomy":"product_tag","embeddable":true,"href":"https:\/\/toprisesafety.com\/pt\/wp-json\/wp\/v2\/product_tag?post=11014"}],"curies":[{"name":"wp","href":"https:\/\/api.w.org\/{rel}","templated":true}]}}