{"id":11010,"date":"2025-02-25T05:34:31","date_gmt":"2025-02-25T05:34:31","guid":{"rendered":"https:\/\/toprisesafety.com\/?post_type=product&#038;p=11010"},"modified":"2025-03-24T07:17:34","modified_gmt":"2025-03-24T07:17:34","slug":"best-noise-canceling-earmuffs","status":"publish","type":"product","link":"https:\/\/toprisesafety.com\/pt\/produto\/best-noise-canceling-earmuffs\/","title":{"rendered":"Os melhores protetores de ouvido com cancelamento de ru\u00eddo"},"content":{"rendered":"<h2>Melhores protetores de ouvido com cancelamento de ru\u00eddo<\/h2>\n<ul>\n<li>Design com duplo isolamento de ru\u00eddo, prote\u00e7\u00e3o abrangente para os ouvidos.<\/li>\n<li>Almofadas de ouvido confort\u00e1veis para uso prolongado sem press\u00e3o.<\/li>\n<li>Faixa de cabe\u00e7a ajust\u00e1vel para acomodar v\u00e1rios tipos de cabe\u00e7a.<\/li>\n<li>F\u00e1cil de instalar e usar com um capacete de seguran\u00e7a.<\/li>\n<li>A redu\u00e7\u00e3o eficiente de ru\u00eddos reduz a interfer\u00eancia de ru\u00eddos industriais.<\/li>\n<li>Material dur\u00e1vel para garantir o uso prolongado.<\/li>\n<\/ul>\n<table>\n<tbody>\n<tr>\n<td width=\"284\"><strong><b>ART NO. <\/b><\/strong><\/td>\n<td width=\"334\"><strong><b>EM07<\/b><\/strong><\/td>\n<\/tr>\n<tr>\n<td width=\"284\">Material<\/td>\n<td width=\"334\">Copo e faixa de cabe\u00e7a em ABS, esponja de alta densidade no interior, couro artificial<\/td>\n<\/tr>\n<tr>\n<td width=\"284\">Cor<\/td>\n<td width=\"334\">Vermelho, amarelo ou personalizado<\/td>\n<\/tr>\n<tr>\n<td width=\"284\">Embalagem<\/td>\n<td width=\"334\">Saco Opp\/caixa pl\u00e1stica\/caixa colorida etc. Suporte personalizado.<\/td>\n<\/tr>\n<tr>\n<td width=\"284\">Padr\u00e3o de qualidade<\/td>\n<td width=\"334\">CE EN352 -1<\/td>\n<\/tr>\n<tr>\n<td width=\"284\">MOQ<\/td>\n<td width=\"334\">500 UNIDADES<\/td>\n<\/tr>\n<\/tbody>\n<\/table>\n<p>A TOPRISE oferece suporte a v\u00e1rios estilos de personaliza\u00e7\u00e3o de protetores auriculares e tamp\u00f5es de ouvido; clique para <a href=\"https:\/\/toprisesafety.com\/pt\/categoria-produto\/personal-protective-equipment\/ear-protection\/earmuff-earplug\/\">veja mais estilos de protetores auriculares e tamp\u00f5es de ouvido.<\/a><\/p>\n<p>Se voc\u00ea n\u00e3o encontrar os protetores auriculares e de ouvido necess\u00e1rios,<a href=\"https:\/\/toprisesafety.com\/pt\/contact-us\/\"> Entre em contato conosco<\/a>Oferecemos suporte \u00e0 personaliza\u00e7\u00e3o especial.<\/p>","protected":false},"excerpt":{"rendered":"<p>Art No.: EM07<\/p>\n<p>Material: Copo e faixa de cabe\u00e7a em ABS, esponja de alta densidade no interior, couro artificial<\/p>\n<p>Color: Red ,yellow or customized<\/p>\n<p>SNR: 36dB<\/p>\n<p>Padr\u00e3o de qualidade: CE EN352-1<\/p>\n<p>MOQ: 500PCS<\/p>","protected":false},"featured_media":11011,"template":"","meta":{"_acf_changed":false},"product_brand":[],"product_cat":[354,355],"product_tag":[],"class_list":{"0":"post-11010","1":"product","2":"type-product","3":"status-publish","4":"has-post-thumbnail","6":"product_cat-ear-protection","7":"product_cat-earmuff-earplug","9":"first","10":"instock","11":"shipping-taxable","12":"product-type-simple"},"acf":[],"_links":{"self":[{"href":"https:\/\/toprisesafety.com\/pt\/wp-json\/wp\/v2\/product\/11010","targetHints":{"allow":["GET"]}}],"collection":[{"href":"https:\/\/toprisesafety.com\/pt\/wp-json\/wp\/v2\/product"}],"about":[{"href":"https:\/\/toprisesafety.com\/pt\/wp-json\/wp\/v2\/types\/product"}],"wp:featuredmedia":[{"embeddable":true,"href":"https:\/\/toprisesafety.com\/pt\/wp-json\/wp\/v2\/media\/11011"}],"wp:attachment":[{"href":"https:\/\/toprisesafety.com\/pt\/wp-json\/wp\/v2\/media?parent=11010"}],"wp:term":[{"taxonomy":"product_brand","embeddable":true,"href":"https:\/\/toprisesafety.com\/pt\/wp-json\/wp\/v2\/product_brand?post=11010"},{"taxonomy":"product_cat","embeddable":true,"href":"https:\/\/toprisesafety.com\/pt\/wp-json\/wp\/v2\/product_cat?post=11010"},{"taxonomy":"product_tag","embeddable":true,"href":"https:\/\/toprisesafety.com\/pt\/wp-json\/wp\/v2\/product_tag?post=11010"}],"curies":[{"name":"wp","href":"https:\/\/api.w.org\/{rel}","templated":true}]}}