{"id":11005,"date":"2025-02-25T05:16:51","date_gmt":"2025-02-25T05:16:51","guid":{"rendered":"https:\/\/toprisesafety.com\/?post_type=product&#038;p=11005"},"modified":"2025-03-24T07:18:06","modified_gmt":"2025-03-24T07:18:06","slug":"noise-protection-earmuffs","status":"publish","type":"product","link":"https:\/\/toprisesafety.com\/pt\/produto\/noise-protection-earmuffs\/","title":{"rendered":"Protetores auriculares para prote\u00e7\u00e3o contra ru\u00eddos"},"content":{"rendered":"<h2>Protetores auriculares para prote\u00e7\u00e3o contra ru\u00eddos<\/h2>\n<ul>\n<li>Elimina eficazmente o ru\u00eddo e protege a audi\u00e7\u00e3o.<\/li>\n<li>Confort\u00e1vel de usar, adequado para uso prolongado.<\/li>\n<li>\u00c0 prova d'\u00e1gua e dur\u00e1vel, adequado para v\u00e1rios ambientes.<\/li>\n<li>Design ajust\u00e1vel para diferentes tipos de cabe\u00e7a.<\/li>\n<li>Material dur\u00e1vel para proporcionar prote\u00e7\u00e3o duradoura.<\/li>\n<li>Amarelo brilhante, f\u00e1cil de ver.<\/li>\n<\/ul>\n<table>\n<tbody>\n<tr>\n<td width=\"284\"><strong><b>ART NO. <\/b><\/strong><\/td>\n<td width=\"334\"><strong><b>EM04<\/b><\/strong><\/td>\n<\/tr>\n<tr>\n<td width=\"284\">Material<\/td>\n<td width=\"334\">Copo e faixa de cabe\u00e7a em ABS, esponja de alta densidade no interior, couro artificial<\/td>\n<\/tr>\n<tr>\n<td width=\"284\">Cor<\/td>\n<td width=\"334\">Amarelo ou personalizado<\/td>\n<\/tr>\n<tr>\n<td width=\"284\">Embalagem<\/td>\n<td width=\"334\">Saco Opp\/caixa pl\u00e1stica\/caixa colorida etc. Suporte personalizado.<\/td>\n<\/tr>\n<tr>\n<td width=\"284\">Padr\u00e3o de qualidade<\/td>\n<td width=\"334\">CE EN352 -1<\/td>\n<\/tr>\n<tr>\n<td width=\"284\">MOQ<\/td>\n<td width=\"334\">10000 PARES<\/td>\n<\/tr>\n<\/tbody>\n<\/table>\n<p>A TOPRISE oferece suporte a v\u00e1rios estilos de personaliza\u00e7\u00e3o de protetores auriculares e tamp\u00f5es de ouvido; clique para <a href=\"https:\/\/toprisesafety.com\/pt\/categoria-produto\/personal-protective-equipment\/ear-protection\/earmuff-earplug\/\">veja mais estilos de protetores auriculares e tamp\u00f5es de ouvido.<\/a><\/p>\n<p>Se voc\u00ea n\u00e3o encontrar os protetores auriculares e de ouvido necess\u00e1rios,<a href=\"https:\/\/toprisesafety.com\/pt\/contact-us\/\"> Entre em contato conosco<\/a>Oferecemos suporte \u00e0 personaliza\u00e7\u00e3o especial.<\/p>","protected":false},"excerpt":{"rendered":"<p>N\u00ba do art.: EM04<\/p>\n<p>Material: Copo e faixa de cabe\u00e7a em ABS, esponja de alta densidade no interior, couro artificial<\/p>\n<p>Cor: vermelho, verde fluorescente, amarelo etc.<\/p>\n<p>SNR: 26dB<\/p>\n<p>Padr\u00e3o de qualidade: CE EN352-1<\/p>\n<p>MOQ: 1000PCS<\/p>","protected":false},"featured_media":11009,"template":"","meta":{"_acf_changed":false},"product_brand":[],"product_cat":[355,354],"product_tag":[],"class_list":{"0":"post-11005","1":"product","2":"type-product","3":"status-publish","4":"has-post-thumbnail","6":"product_cat-earmuff-earplug","7":"product_cat-ear-protection","9":"first","10":"instock","11":"shipping-taxable","12":"product-type-simple"},"acf":[],"_links":{"self":[{"href":"https:\/\/toprisesafety.com\/pt\/wp-json\/wp\/v2\/product\/11005"}],"collection":[{"href":"https:\/\/toprisesafety.com\/pt\/wp-json\/wp\/v2\/product"}],"about":[{"href":"https:\/\/toprisesafety.com\/pt\/wp-json\/wp\/v2\/types\/product"}],"wp:featuredmedia":[{"embeddable":true,"href":"https:\/\/toprisesafety.com\/pt\/wp-json\/wp\/v2\/media\/11009"}],"wp:attachment":[{"href":"https:\/\/toprisesafety.com\/pt\/wp-json\/wp\/v2\/media?parent=11005"}],"wp:term":[{"taxonomy":"product_brand","embeddable":true,"href":"https:\/\/toprisesafety.com\/pt\/wp-json\/wp\/v2\/product_brand?post=11005"},{"taxonomy":"product_cat","embeddable":true,"href":"https:\/\/toprisesafety.com\/pt\/wp-json\/wp\/v2\/product_cat?post=11005"},{"taxonomy":"product_tag","embeddable":true,"href":"https:\/\/toprisesafety.com\/pt\/wp-json\/wp\/v2\/product_tag?post=11005"}],"curies":[{"name":"wp","href":"https:\/\/api.w.org\/{rel}","templated":true}]}}