{"id":10991,"date":"2025-02-25T03:41:08","date_gmt":"2025-02-25T03:41:08","guid":{"rendered":"https:\/\/toprisesafety.com\/?post_type=product&#038;p=10991"},"modified":"2025-03-24T07:19:39","modified_gmt":"2025-03-24T07:19:39","slug":"earplugs-for-sleeping","status":"publish","type":"product","link":"https:\/\/toprisesafety.com\/pt\/produto\/earplugs-for-sleeping\/","title":{"rendered":"Tamp\u00f5es de ouvido para dormir"},"content":{"rendered":"<h2>Tamp\u00f5es de ouvido para dormir<\/h2>\n<ul>\n<li>Grande conforto: material de PU macio, ajuste ao canal auditivo, uso prolongado sem desconforto.<\/li>\n<li>Bom efeito de redu\u00e7\u00e3o de ru\u00eddo: isola efetivamente o ru\u00eddo externo e ajuda a melhorar a qualidade do sono.<\/li>\n<li>Leve e conveniente: design leve, f\u00e1cil de carregar, viajar e dormir.<\/li>\n<li>Antial\u00e9rgico: O material PU \u00e9 dif\u00edcil de causar alergias, sendo adequado para peles sens\u00edveis.<\/li>\n<li>Ecologicamente correto e dur\u00e1vel: O material PU \u00e9 dur\u00e1vel e reutiliz\u00e1vel, reduzindo o desperd\u00edcio.<\/li>\n<li>Sem odor: Os protetores auriculares de PU n\u00e3o t\u00eam odor e n\u00e3o afetam o sono quando usados.<\/li>\n<li>Melhora a qualidade do sono: ajuda a bloquear o ru\u00eddo e a garantir um sono profundo.<\/li>\n<\/ul>\n<table>\n<tbody>\n<tr>\n<td width=\"284\"><strong><b>ART NO. <\/b><\/strong><\/td>\n<td width=\"334\"><strong><b>EP04<\/b><\/strong><\/td>\n<\/tr>\n<tr>\n<td width=\"284\">Material<\/td>\n<td width=\"334\">PU<\/td>\n<\/tr>\n<tr>\n<td width=\"284\">Tamanho<\/td>\n<td width=\"334\">14*23MM<\/td>\n<\/tr>\n<tr>\n<td width=\"284\">Cor<\/td>\n<td width=\"334\">Cores mistas ou personalizadas<\/td>\n<\/tr>\n<tr>\n<td width=\"284\">Embalagem<\/td>\n<td width=\"334\">Saco Opp\/caixa pl\u00e1stica\/caixa colorida etc. Suporte personalizado.<\/td>\n<\/tr>\n<tr>\n<td width=\"284\">Padr\u00e3o de qualidade<\/td>\n<td width=\"334\">NRR 29db<\/td>\n<\/tr>\n<tr>\n<td width=\"284\">MOQ<\/td>\n<td width=\"334\">10000 PARES<\/td>\n<\/tr>\n<\/tbody>\n<\/table>\n<p>A TOPRISE oferece suporte a v\u00e1rios estilos de personaliza\u00e7\u00e3o de protetores auriculares e tamp\u00f5es de ouvido; clique para <a href=\"https:\/\/toprisesafety.com\/pt\/categoria-produto\/personal-protective-equipment\/ear-protection\/earmuff-earplug\/\">veja mais estilos de protetores auriculares e tamp\u00f5es de ouvido.<\/a><\/p>\n<p>Se voc\u00ea n\u00e3o encontrar os protetores auriculares e de ouvido necess\u00e1rios,<a href=\"https:\/\/toprisesafety.com\/pt\/contact-us\/\"> Entre em contato conosco<\/a>Oferecemos suporte \u00e0 personaliza\u00e7\u00e3o especial.<\/p>","protected":false},"excerpt":{"rendered":"<p>Art No.: EP04<\/p>\n<p>Material: PU<\/p>\n<p>Size: 14*23 mm<\/p>\n<p>Color: mix colors<\/p>\n<p>MOQ: 10.000 pares por cor<\/p>","protected":false},"featured_media":10992,"template":"","meta":{"_acf_changed":false},"product_brand":[],"product_cat":[354,355],"product_tag":[],"class_list":{"0":"post-10991","1":"product","2":"type-product","3":"status-publish","4":"has-post-thumbnail","6":"product_cat-ear-protection","7":"product_cat-earmuff-earplug","9":"first","10":"instock","11":"shipping-taxable","12":"product-type-simple"},"acf":[],"_links":{"self":[{"href":"https:\/\/toprisesafety.com\/pt\/wp-json\/wp\/v2\/product\/10991"}],"collection":[{"href":"https:\/\/toprisesafety.com\/pt\/wp-json\/wp\/v2\/product"}],"about":[{"href":"https:\/\/toprisesafety.com\/pt\/wp-json\/wp\/v2\/types\/product"}],"wp:featuredmedia":[{"embeddable":true,"href":"https:\/\/toprisesafety.com\/pt\/wp-json\/wp\/v2\/media\/10992"}],"wp:attachment":[{"href":"https:\/\/toprisesafety.com\/pt\/wp-json\/wp\/v2\/media?parent=10991"}],"wp:term":[{"taxonomy":"product_brand","embeddable":true,"href":"https:\/\/toprisesafety.com\/pt\/wp-json\/wp\/v2\/product_brand?post=10991"},{"taxonomy":"product_cat","embeddable":true,"href":"https:\/\/toprisesafety.com\/pt\/wp-json\/wp\/v2\/product_cat?post=10991"},{"taxonomy":"product_tag","embeddable":true,"href":"https:\/\/toprisesafety.com\/pt\/wp-json\/wp\/v2\/product_tag?post=10991"}],"curies":[{"name":"wp","href":"https:\/\/api.w.org\/{rel}","templated":true}]}}