{"id":10094,"date":"2024-12-06T07:24:17","date_gmt":"2024-12-06T07:24:17","guid":{"rendered":"https:\/\/toprisesafety.com\/?post_type=product&#038;p=10094"},"modified":"2025-03-14T07:17:21","modified_gmt":"2025-03-14T07:17:21","slug":"cycling-goggles","status":"publish","type":"product","link":"https:\/\/toprisesafety.com\/pt\/produto\/cycling-goggles\/","title":{"rendered":"\u00d3culos de prote\u00e7\u00e3o para ciclismo"},"content":{"rendered":"<h2><strong><b>C<\/b><\/strong><strong><b>ciclismo <\/b><\/strong><strong><b>G<\/b><\/strong><strong><b>oggles<\/b><\/strong><\/h2>\n<table>\n<tbody>\n<tr>\n<td width=\"284\">ART NO.<\/td>\n<td width=\"329\">SG28<\/td>\n<\/tr>\n<tr>\n<td width=\"284\">Material<\/td>\n<td width=\"329\">Arma\u00e7\u00e3o de PC + lente de PC<\/td>\n<\/tr>\n<tr>\n<td width=\"284\">Fun\u00e7\u00e3o<\/td>\n<td width=\"329\">Anti-risco<\/td>\n<\/tr>\n<tr>\n<td width=\"284\">Tamanho<\/td>\n<td width=\"329\">Tamanho adulto padr\u00e3o<\/td>\n<\/tr>\n<tr>\n<td width=\"284\">Cor<\/td>\n<td width=\"329\">Cores diferentes para escolha.<\/td>\n<\/tr>\n<tr>\n<td width=\"284\">Embalagem<\/td>\n<td width=\"329\">Saco pl\u00e1stico, cart\u00e3o de cabe\u00e7a, caixa blister, caixa colorida etc.<\/td>\n<\/tr>\n<tr>\n<td width=\"284\">Aplicativo<\/td>\n<td width=\"329\">Motocicleta, ciclismo, dire\u00e7\u00e3o, embarque e outros esportes ao ar livre<\/td>\n<\/tr>\n<\/tbody>\n<\/table>\n<p>A TOPRISE oferece suporte a v\u00e1rios estilos de personaliza\u00e7\u00e3o de \u00f3culos de seguran\u00e7a; clique para <a href=\"https:\/\/toprisesafety.com\/pt\/categoria-produto\/personal-protective-equipment\/eye-protection\/safety-goggles\/\">veja mais estilos de \u00f3culos de prote\u00e7\u00e3o<\/a>.<\/p>\n<p>Se voc\u00ea n\u00e3o encontrar os \u00f3culos de prote\u00e7\u00e3o necess\u00e1rios, <a href=\"https:\/\/toprisesafety.com\/pt\/contact-us\/\">Entre em contato conosco<\/a>Oferecemos suporte \u00e0 personaliza\u00e7\u00e3o especial.<\/p>","protected":false},"excerpt":{"rendered":"<p>N\u00ba do art.: SG28<\/p>\n<p>Material: Arma\u00e7\u00e3o de PC + lente de PC<\/p>\n<p>Cor: cores diferentes para escolha.<\/p>\n<p>Caracter\u00edstica: Anti-risco<\/p>\n<p>Suporte a pacotes personalizados<\/p>\n<p>MOQ: 1000PCS, cor especial 3000PCS<\/p>","protected":false},"featured_media":10095,"template":"","meta":{"_acf_changed":false},"product_brand":[],"product_cat":[357,358],"product_tag":[],"class_list":{"0":"post-10094","1":"product","2":"type-product","3":"status-publish","4":"has-post-thumbnail","6":"product_cat-eye-protection","7":"product_cat-safety-goggles","9":"first","10":"instock","11":"shipping-taxable","12":"product-type-simple"},"acf":[],"_links":{"self":[{"href":"https:\/\/toprisesafety.com\/pt\/wp-json\/wp\/v2\/product\/10094"}],"collection":[{"href":"https:\/\/toprisesafety.com\/pt\/wp-json\/wp\/v2\/product"}],"about":[{"href":"https:\/\/toprisesafety.com\/pt\/wp-json\/wp\/v2\/types\/product"}],"wp:featuredmedia":[{"embeddable":true,"href":"https:\/\/toprisesafety.com\/pt\/wp-json\/wp\/v2\/media\/10095"}],"wp:attachment":[{"href":"https:\/\/toprisesafety.com\/pt\/wp-json\/wp\/v2\/media?parent=10094"}],"wp:term":[{"taxonomy":"product_brand","embeddable":true,"href":"https:\/\/toprisesafety.com\/pt\/wp-json\/wp\/v2\/product_brand?post=10094"},{"taxonomy":"product_cat","embeddable":true,"href":"https:\/\/toprisesafety.com\/pt\/wp-json\/wp\/v2\/product_cat?post=10094"},{"taxonomy":"product_tag","embeddable":true,"href":"https:\/\/toprisesafety.com\/pt\/wp-json\/wp\/v2\/product_tag?post=10094"}],"curies":[{"name":"wp","href":"https:\/\/api.w.org\/{rel}","templated":true}]}}