{"id":6079,"date":"2018-02-23T12:10:56","date_gmt":"2018-02-23T12:10:56","guid":{"rendered":"https:\/\/toprisesafety.com\/product\/german-style-welding-mask\/"},"modified":"2025-03-24T04:52:39","modified_gmt":"2025-03-24T04:52:39","slug":"welding-masks","status":"publish","type":"product","link":"https:\/\/toprisesafety.com\/it\/prodotto\/welding-masks\/","title":{"rendered":"Maschere di saldatura"},"content":{"rendered":"<h2>Maschere di saldatura<\/h2>\n<p align=\"left\"><strong>Descrizione<\/strong>:<\/p>\n<ul>\n<li style=\"list-style-type: none;\">\n<ul>\n<li><span data-spm-anchor-id=\"a2700.details.pronpeci14.i1.11693f93svzaKe\">\u00a0Materiale: polipropilene (PP) resistente e a prova di umidit\u00e0,<\/span><\/li>\n<\/ul>\n<\/li>\n<\/ul>\n<ul>\n<li style=\"list-style-type: none;\">\n<ul>\n<li>Guscio pi\u00f9 spesso e pi\u00f9 durevole, tipo pi\u00f9 popolare maschera di saldatura personalizzata<\/li>\n<\/ul>\n<\/li>\n<\/ul>\n<ul>\n<li style=\"list-style-type: none;\">\n<ul>\n<li data-spm-anchor-id=\"a2700.details.pronpeci14.i0.11693f93svzaKe\">Area di visualizzazione: 108x50mm, dimensione dell'imbracatura: 53-63cm<\/li>\n<\/ul>\n<\/li>\n<\/ul>\n<ul>\n<li style=\"list-style-type: none;\">\n<ul>\n<li data-spm-anchor-id=\"a2700.details.pronpeci14.i0.11693f93svzaKe\">Regolazione del dorso a cricchetto per una vestibilit\u00e0 confortevole<\/li>\n<\/ul>\n<\/li>\n<\/ul>\n<ul>\n<li style=\"list-style-type: none;\">\n<ul>\n<li data-spm-anchor-id=\"a2700.details.pronpeci14.i0.11693f93svzaKe\">Fascia antisudore per un uso confortevole<\/li>\n<\/ul>\n<\/li>\n<\/ul>\n<p><b>Caratteristiche:<\/b><\/p>\n<ul>\n<li style=\"list-style-type: none;\">\n<ul>\n<li data-spm-anchor-id=\"a2700.details.pronpeci14.i0.1f233fe1eHmcyo\">Protezione degli occhi: doppio filtro luminoso, impedisce le radiazioni ultraviolette e infrarosse nocive dell'arco.<\/li>\n<\/ul>\n<\/li>\n<\/ul>\n<ul>\n<li style=\"list-style-type: none;\">\n<ul>\n<li data-spm-anchor-id=\"a2700.details.pronpeci14.i0.1f233fe1eHmcyo\">Protezione del viso: prevenzione efficace del verificarsi di spruzzi e corpi nocivi durante il funzionamento, riduzione delle ustioni cutanee.<\/li>\n<\/ul>\n<\/li>\n<\/ul>\n<ul>\n<li style=\"list-style-type: none;\">\n<ul>\n<li data-spm-anchor-id=\"a2700.details.pronpeci14.i0.1f233fe1eHmcyo\">Protezione delle vie respiratorie: orientamento del flusso d'aria, riduzione efficace dei gas nocivi e delle polveri causate dalla saldatura, ecc.<\/li>\n<\/ul>\n<\/li>\n<\/ul>\n<table>\n<tbody>\n<tr>\n<td width=\"284\">Art No.<\/td>\n<td width=\"284\">WM02<\/td>\n<\/tr>\n<tr>\n<td width=\"284\">Materiale<\/td>\n<td width=\"284\">100% nuovo PP<\/td>\n<\/tr>\n<tr>\n<td width=\"284\">Visualizza l'area<\/td>\n<td width=\"284\">Dimensione dei vetri di saldatura 108*50*3mm<\/td>\n<\/tr>\n<tr>\n<td width=\"284\">Tonalit\u00e0 No.<\/td>\n<td width=\"284\">#11 nero (#7-#14 a scelta)<\/td>\n<\/tr>\n<tr>\n<td width=\"284\">Struttura<\/td>\n<td width=\"284\">Il dorso a cricchetto Whirl consente una comoda regolazione dell'usura<\/td>\n<\/tr>\n<tr>\n<td width=\"284\">Design<\/td>\n<td width=\"284\">Design del riempimento<\/td>\n<\/tr>\n<tr>\n<td width=\"284\">Imballaggio<\/td>\n<td width=\"284\">1PC\/sacchetto di polietilene, 25PCS\/CTN<\/td>\n<\/tr>\n<tr>\n<td width=\"284\">Dimensioni del cartone<\/td>\n<td width=\"284\">52*45*52CM<\/td>\n<\/tr>\n<tr>\n<td width=\"284\">N\/G.W<\/td>\n<td width=\"284\">11\/12KGS<\/td>\n<\/tr>\n<\/tbody>\n<\/table>\n<p>TOPRISE supporta vari stili di personalizzazione delle maschere e dei caschi per saldatura; fare clic su<a href=\"https:\/\/toprisesafety.com\/it\/categoria-prodotto\/personal-protective-equipment\/face-protection\/welding-helmet\/\"> vedere altri modelli di maschere e caschi per saldatura.<\/a><\/p>\n<p>Se non trovate le maschere e i caschi per saldatura richiesti, <a href=\"https:\/\/toprisesafety.com\/it\/contact-us\/\">contattateci<\/a>; supportiamo la personalizzazione speciale.<\/p>","protected":false},"excerpt":{"rendered":"<p>Codice articolo: WM02<\/p>\n<p>Materiale: 100% nuovo PP<\/p>\n<p>Colore: nero<\/p>\n<p>N. tonalit\u00e0: #11 (#7-#14 a scelta)<\/p>\n<p>MOQ: 500PCS<\/p>","protected":false},"featured_media":9170,"template":"","meta":{"_acf_changed":false},"product_brand":[],"product_cat":[361,362],"product_tag":[297],"class_list":{"0":"post-6079","1":"product","2":"type-product","3":"status-publish","4":"has-post-thumbnail","6":"product_cat-face-protection","7":"product_cat-welding-helmet","8":"product_tag-german-style-welding-mask","10":"first","11":"instock","12":"product-type-simple"},"acf":[],"_links":{"self":[{"href":"https:\/\/toprisesafety.com\/it\/wp-json\/wp\/v2\/product\/6079"}],"collection":[{"href":"https:\/\/toprisesafety.com\/it\/wp-json\/wp\/v2\/product"}],"about":[{"href":"https:\/\/toprisesafety.com\/it\/wp-json\/wp\/v2\/types\/product"}],"wp:featuredmedia":[{"embeddable":true,"href":"https:\/\/toprisesafety.com\/it\/wp-json\/wp\/v2\/media\/9170"}],"wp:attachment":[{"href":"https:\/\/toprisesafety.com\/it\/wp-json\/wp\/v2\/media?parent=6079"}],"wp:term":[{"taxonomy":"product_brand","embeddable":true,"href":"https:\/\/toprisesafety.com\/it\/wp-json\/wp\/v2\/product_brand?post=6079"},{"taxonomy":"product_cat","embeddable":true,"href":"https:\/\/toprisesafety.com\/it\/wp-json\/wp\/v2\/product_cat?post=6079"},{"taxonomy":"product_tag","embeddable":true,"href":"https:\/\/toprisesafety.com\/it\/wp-json\/wp\/v2\/product_tag?post=6079"}],"curies":[{"name":"wp","href":"https:\/\/api.w.org\/{rel}","templated":true}]}}