{"id":6062,"date":"2018-02-24T02:19:12","date_gmt":"2018-02-24T02:19:12","guid":{"rendered":"https:\/\/toprisesafety.com\/product\/new-auto-darkening-welding-mask\/"},"modified":"2025-03-24T04:48:04","modified_gmt":"2025-03-24T04:48:04","slug":"new-auto-darkening-welding-mask","status":"publish","type":"product","link":"https:\/\/toprisesafety.com\/it\/prodotto\/new-auto-darkening-welding-mask\/","title":{"rendered":"Nuova maschera per saldatura autoscurante"},"content":{"rendered":"<p><strong><span style=\"font-size: 130%;\">Nuova maschera per saldatura autoscurante<\/span><\/strong><\/p>\n<p>Le maschere per saldatura sono progettate per proteggere gli occhi e il viso da scintille, spruzzi e radiazioni nocive in condizioni normali di saldatura. Il filtro di oscuramento automatico passa automaticamente dallo stato chiaro a quello scuro quando viene scoccato un arco e ritorna allo stato chiaro quando la saldatura si interrompe. Questo casco da saldatura automatico LCD di alta qualit\u00e0 \u00e8 realizzato con materiali robusti e durevoli che assicurano longevit\u00e0 e resistenza giorno dopo giorno. Grazie all'ampia area di visualizzazione, \u00e8 possibile vedere la saldatura da tutte le prospettive; inoltre, questo casco pu\u00f2 essere utilizzato durante il taglio, nella gamma di tonalit\u00e0 DIN9-13. Inoltre, il casco viene utilizzato come scudo protettivo, non oscurandosi durante la molatura.<\/p>\n<h2><strong>Nuova maschera di saldatura autoscurante:<\/strong><\/h2>\n<table>\n<tbody>\n<tr>\n<td width=\"284\">Art No.<\/td>\n<td width=\"284\">WMA04<\/td>\n<\/tr>\n<tr>\n<td width=\"284\">Ombra variabile<\/td>\n<td width=\"284\">Din9-13<\/td>\n<\/tr>\n<tr>\n<td width=\"284\">Regolazione dell'oscurit\u00e0<\/td>\n<td width=\"284\">Esterno<\/td>\n<\/tr>\n<tr>\n<td width=\"284\">Area di visualizzazione<\/td>\n<td width=\"284\">98*44CM<\/td>\n<\/tr>\n<tr>\n<td width=\"284\">Tempo di commutazione dello scudo dei caschi di sicurezza<\/td>\n<td width=\"284\">a) Da chiaro a scuro: 1\/25.000.<\/p>\n<p>b) Da scuro a chiaro: 0,1~1s.<\/td>\n<\/tr>\n<tr>\n<td width=\"284\">Sensibilit\u00e0<\/td>\n<td width=\"284\">Basso e alto, regolabile in continuo<\/td>\n<\/tr>\n<tr>\n<td width=\"284\">Stato di luce<\/td>\n<td width=\"284\">Ombra DIN 4<\/td>\n<\/tr>\n<tr>\n<td width=\"284\">Protezione UV\/IR<\/td>\n<td width=\"284\">Fino all'ombra DIN 16 in ogni momento<\/td>\n<\/tr>\n<tr>\n<td width=\"284\">Accensione e spegnimento<\/td>\n<td width=\"284\">Automatico<\/td>\n<\/tr>\n<tr>\n<td width=\"284\">Alimentazione<\/td>\n<td width=\"284\">Grandi celle solari, due batterie al litio<\/td>\n<\/tr>\n<tr>\n<td width=\"284\">Modalit\u00e0<\/td>\n<td width=\"284\">Saldatura\/incrostazione<\/td>\n<\/tr>\n<tr>\n<td width=\"284\">Garanzia<\/td>\n<td width=\"284\">2 anni<\/td>\n<\/tr>\n<tr>\n<td width=\"284\">Materiale e peso<\/td>\n<td width=\"284\">PP, 0,48 kg.<\/td>\n<\/tr>\n<tr>\n<td width=\"284\">Resistenza al fuoco<\/td>\n<td width=\"284\">S\u00ec<\/td>\n<\/tr>\n<tr>\n<td width=\"284\">Dimensione<\/td>\n<td width=\"284\">360 mm*240 mm*230 mm<\/td>\n<\/tr>\n<tr>\n<td width=\"284\">Temperatura di esercizio<\/td>\n<td width=\"284\">-10\u2103~\uff0b55\u2103<\/td>\n<\/tr>\n<tr>\n<td width=\"284\">Temperatura di stoccaggio<\/td>\n<td width=\"284\">-20\u2103~\uff0b70\u2103.<\/td>\n<\/tr>\n<\/tbody>\n<\/table>\n<p>&nbsp;<\/p>\n<div><strong><span style=\"font-size: 200%;\">Officina di fabbrica :<\/span><\/strong><\/div>\n<div><img fetchpriority=\"high\" decoding=\"async\" class=\"alignnone size-full wp-image-737\" src=\"https:\/\/toprisesafety.com\/wp-content\/uploads\/2024\/08\/AUTO-WELDING-HELMET-FACTORY-PHOTOS-.jpg\" alt=\"\" width=\"687\" height=\"687\" \/><\/div>\n<div>\n<p>TOPRISE supporta vari stili di personalizzazione delle maschere e dei caschi per saldatura; fare clic su<a href=\"https:\/\/toprisesafety.com\/it\/categoria-prodotto\/personal-protective-equipment\/face-protection\/welding-helmet\/\"> vedere altri modelli di maschere e caschi per saldatura.<\/a><\/p>\n<p>Se non trovate le maschere e i caschi per saldatura richiesti, <a href=\"https:\/\/toprisesafety.com\/it\/contact-us\/\">contattateci<\/a>; supportiamo la personalizzazione speciale.<\/p>\n<\/div>","protected":false},"excerpt":{"rendered":"<p>Codice articolo: WMA04<\/p>\n<p>Colore: Schiena<\/p>\n<p>Area di visualizzazione: 98*44CM<\/p>\n<p>Tonalit\u00e0 variabile:  DIN9-13<\/p>\n<p>MOQ: 60PCS<\/p>","protected":false},"featured_media":6064,"template":"","meta":{"_acf_changed":false},"product_brand":[],"product_cat":[363,361,362],"product_tag":[287],"class_list":{"0":"post-6062","1":"product","2":"type-product","3":"status-publish","4":"has-post-thumbnail","6":"product_cat-auto-welding-helmet","7":"product_cat-face-protection","8":"product_cat-welding-helmet","9":"product_tag-new-auto-darkening-welding-mask","11":"first","12":"instock","13":"product-type-simple"},"acf":[],"_links":{"self":[{"href":"https:\/\/toprisesafety.com\/it\/wp-json\/wp\/v2\/product\/6062"}],"collection":[{"href":"https:\/\/toprisesafety.com\/it\/wp-json\/wp\/v2\/product"}],"about":[{"href":"https:\/\/toprisesafety.com\/it\/wp-json\/wp\/v2\/types\/product"}],"wp:featuredmedia":[{"embeddable":true,"href":"https:\/\/toprisesafety.com\/it\/wp-json\/wp\/v2\/media\/6064"}],"wp:attachment":[{"href":"https:\/\/toprisesafety.com\/it\/wp-json\/wp\/v2\/media?parent=6062"}],"wp:term":[{"taxonomy":"product_brand","embeddable":true,"href":"https:\/\/toprisesafety.com\/it\/wp-json\/wp\/v2\/product_brand?post=6062"},{"taxonomy":"product_cat","embeddable":true,"href":"https:\/\/toprisesafety.com\/it\/wp-json\/wp\/v2\/product_cat?post=6062"},{"taxonomy":"product_tag","embeddable":true,"href":"https:\/\/toprisesafety.com\/it\/wp-json\/wp\/v2\/product_tag?post=6062"}],"curies":[{"name":"wp","href":"https:\/\/api.w.org\/{rel}","templated":true}]}}