{"id":5973,"date":"2018-02-25T07:34:47","date_gmt":"2018-02-25T07:34:47","guid":{"rendered":"https:\/\/toprisesafety.com\/product\/green-nitrile-gloves\/"},"modified":"2025-03-27T06:59:10","modified_gmt":"2025-03-27T06:59:10","slug":"green-nitrile-gloves","status":"publish","type":"product","link":"https:\/\/toprisesafety.com\/it\/prodotto\/green-nitrile-gloves\/","title":{"rendered":"Guanti verdi in nitrile"},"content":{"rendered":"<p><strong><span style=\"font-size: 140%;\">Guanti verdi in nitrile<\/span><\/strong><\/p>\n<ul>\n<li style=\"list-style-type: none;\">\n<ul>\n<li>Realizzati con una mescola di nitrile appositamente formulata, che offre una protezione eccezionale contro un'ampia gamma di sostanze chimiche.<\/li>\n<\/ul>\n<\/li>\n<\/ul>\n<ul>\n<li style=\"list-style-type: none;\">\n<ul>\n<li>La mescola di nitrile \u00e8 pi\u00f9 resistente alle abrasioni e consente un'usura pi\u00f9 lunga rispetto ai guanti in gomma naturale.<\/li>\n<\/ul>\n<\/li>\n<\/ul>\n<ul>\n<li style=\"list-style-type: none;\">\n<ul>\n<li>La fodera in flock offre un comfort eccellente per lunghi periodi di utilizzo.<\/li>\n<\/ul>\n<\/li>\n<\/ul>\n<ul>\n<li style=\"list-style-type: none;\">\n<ul>\n<li>Applicazioni: Assemblaggio automobilistico, verniciatura a spruzzo, assemblaggio di attrezzature pesanti, manipolazione di prodotti chimici, gestione dei rifiuti<\/li>\n<\/ul>\n<\/li>\n<\/ul>\n<ul>\n<li style=\"list-style-type: none;\">\n<ul>\n<li>Elevata durata e maggiore usura rispetto ai guanti in gomma naturale<\/li>\n<\/ul>\n<\/li>\n<\/ul>\n<ul>\n<li style=\"list-style-type: none;\">\n<ul>\n<li>Il palmo e le dita con disegno garantiscono un'ottima presa sia sul bagnato che sull'asciutto.<\/li>\n<\/ul>\n<\/li>\n<\/ul>\n<ul>\n<li style=\"list-style-type: none;\">\n<ul>\n<li>\u00c8 disponibile la stampa del logo del cliente a un colore sul polsino<\/li>\n<\/ul>\n<\/li>\n<\/ul>\n<h2><strong>Specifiche dei guanti in nitrile verdi<\/strong><\/h2>\n<table>\n<tbody>\n<tr>\n<td width=\"189\">Art No.<\/td>\n<td width=\"341\">NG01<\/td>\n<\/tr>\n<tr>\n<td width=\"189\">Materiale<\/td>\n<td width=\"341\">Nitrile verde<\/td>\n<\/tr>\n<tr>\n<td width=\"189\">Fodera<\/td>\n<td width=\"341\">Fodera in flock<\/td>\n<\/tr>\n<tr>\n<td width=\"189\">Lunghezza<\/td>\n<td width=\"341\">33CM<\/td>\n<\/tr>\n<tr>\n<td width=\"189\">Spessore<\/td>\n<td width=\"341\">13Mil, 15Mil ecc.<\/td>\n<\/tr>\n<tr>\n<td width=\"189\">Dimensioni (larghezza del palmo)<\/td>\n<td width=\"341\">#7(S),#8(M),#9(L),#10(XL),#11(XXL)<\/td>\n<\/tr>\n<tr>\n<td width=\"189\">Stile<\/td>\n<td width=\"341\">Polsino aperto<\/td>\n<\/tr>\n<tr>\n<td width=\"189\">Standard di qualit\u00e0<\/td>\n<td width=\"341\">CE EN388<\/td>\n<\/tr>\n<tr>\n<td width=\"189\">Imballaggio<\/td>\n<td width=\"341\">12PR\/DOZ, 10DOZ\/CTN<\/td>\n<\/tr>\n<\/tbody>\n<\/table>\n<p>TOPRISE supporta vari stili di personalizzazione dei guanti in nitrile; fare clic su <a href=\"https:\/\/toprisesafety.com\/it\/categoria-prodotto\/personal-protective-equipment\/hand-protection\/nitrile-gloves\/\">vedere altri modelli di guanti rivestiti in nitrile.<\/a><br \/>\nSe non si trovano i guanti in nitrile richiesti,<a href=\"https:\/\/toprisesafety.com\/it\/contact-us\/\"> contattateci;<\/a> supportiamo la personalizzazione speciale.<\/p>","protected":false},"excerpt":{"rendered":"<p>Codice articolo: NG01<\/p>\n<p>Materiale: Nitrito<\/p>\n<p>Dimensioni: S-XXL (#7-#11), 33CM<\/p>\n<p>Spessore: 13MIL\/15MIL ecc.<\/p>\n<p>Standard di qualit\u00e0: CE EN388<\/p>","protected":false},"featured_media":5974,"template":"","meta":{"_acf_changed":false},"product_brand":[],"product_cat":[345,349],"product_tag":[238],"class_list":{"0":"post-5973","1":"product","2":"type-product","3":"status-publish","4":"has-post-thumbnail","6":"product_cat-hand-protection","7":"product_cat-nitrile-gloves","8":"product_tag-green-nitrile-gloves","10":"first","11":"instock","12":"product-type-simple"},"acf":[],"_links":{"self":[{"href":"https:\/\/toprisesafety.com\/it\/wp-json\/wp\/v2\/product\/5973"}],"collection":[{"href":"https:\/\/toprisesafety.com\/it\/wp-json\/wp\/v2\/product"}],"about":[{"href":"https:\/\/toprisesafety.com\/it\/wp-json\/wp\/v2\/types\/product"}],"wp:featuredmedia":[{"embeddable":true,"href":"https:\/\/toprisesafety.com\/it\/wp-json\/wp\/v2\/media\/5974"}],"wp:attachment":[{"href":"https:\/\/toprisesafety.com\/it\/wp-json\/wp\/v2\/media?parent=5973"}],"wp:term":[{"taxonomy":"product_brand","embeddable":true,"href":"https:\/\/toprisesafety.com\/it\/wp-json\/wp\/v2\/product_brand?post=5973"},{"taxonomy":"product_cat","embeddable":true,"href":"https:\/\/toprisesafety.com\/it\/wp-json\/wp\/v2\/product_cat?post=5973"},{"taxonomy":"product_tag","embeddable":true,"href":"https:\/\/toprisesafety.com\/it\/wp-json\/wp\/v2\/product_tag?post=5973"}],"curies":[{"name":"wp","href":"https:\/\/api.w.org\/{rel}","templated":true}]}}