{"id":5905,"date":"2018-02-26T05:10:53","date_gmt":"2018-02-26T05:10:53","guid":{"rendered":"https:\/\/toprisesafety.com\/product\/cheap-reflective-running-vest\/"},"modified":"2025-05-06T07:45:11","modified_gmt":"2025-05-06T07:45:11","slug":"cheap-reflective-running-vest","status":"publish","type":"product","link":"https:\/\/toprisesafety.com\/it\/prodotto\/cheap-reflective-running-vest\/","title":{"rendered":"Gilet da corsa riflettente a buon mercato"},"content":{"rendered":"<p><strong><span style=\"font-size: 140%;\">Gilet da corsa riflettente a buon mercato <\/span><\/strong><\/p>\n<ul>\n<li style=\"list-style-type: none;\">\n<ul>\n<li>Gilet di sicurezza con nastro riflettente, destinato a proteggere la sicurezza di lavoratori edili, minatori, lavoratori del settore petrolifero e del gas, lavoratori industriali, corridori, pedoni, veicoli non motorizzati, ecc.<\/li>\n<\/ul>\n<\/li>\n<\/ul>\n<ul>\n<li style=\"list-style-type: none;\">\n<ul>\n<li>Le persone che indossano il gilet di sicurezza possono essere facilmente individuate grazie al materiale del gilet fluorescente. E di notte, le persone che indossano il gilet di sicurezza possono essere facilmente viste grazie al gilet con nastro riflettente che, sotto la luce, rifletter\u00e0 in modo luminoso.<\/li>\n<\/ul>\n<\/li>\n<\/ul>\n<ul>\n<li style=\"list-style-type: none;\">\n<ul>\n<li>Adatto alla visibilit\u00e0 diurna e notturna per proteggere la sicurezza delle persone.<\/li>\n<\/ul>\n<\/li>\n<\/ul>\n<ul>\n<li style=\"list-style-type: none;\">\n<ul>\n<li>Il materiale principale del gilet di sicurezza \u00e8 il tessuto a maglia o il tessuto a rete.<\/li>\n<\/ul>\n<\/li>\n<\/ul>\n<ul>\n<li style=\"list-style-type: none;\">\n<ul>\n<li>Hanno nastro riflettente ad alta visibilit\u00e0 Classe 2 di qualit\u00e0 standard e nastro riflettente normale e nastro riflettente 3M di alta qualit\u00e0, ecc.<\/li>\n<\/ul>\n<\/li>\n<\/ul>\n<ul>\n<li style=\"list-style-type: none;\">\n<ul>\n<li>Area di applicazione:<\/li>\n<\/ul>\n<\/li>\n<\/ul>\n<ul>\n<li style=\"list-style-type: none;\">\n<ul>\n<li>motociclismo<\/li>\n<\/ul>\n<\/li>\n<\/ul>\n<ul>\n<li style=\"list-style-type: none;\">\n<ul>\n<li>corsa<\/li>\n<\/ul>\n<\/li>\n<\/ul>\n<ul>\n<li style=\"list-style-type: none;\">\n<ul>\n<li>equitazione<\/li>\n<\/ul>\n<\/li>\n<\/ul>\n<ul>\n<li style=\"list-style-type: none;\">\n<ul>\n<li>equitazione all'aperto<\/li>\n<\/ul>\n<\/li>\n<\/ul>\n<ul>\n<li style=\"list-style-type: none;\">\n<ul>\n<li>passeggiate con il cane<\/li>\n<\/ul>\n<\/li>\n<\/ul>\n<ul>\n<li style=\"list-style-type: none;\">\n<ul>\n<li>costruzione<\/li>\n<\/ul>\n<\/li>\n<\/ul>\n<ul>\n<li style=\"list-style-type: none;\">\n<ul>\n<li>estrazione mineraria<\/li>\n<\/ul>\n<\/li>\n<\/ul>\n<ul>\n<li style=\"list-style-type: none;\">\n<ul>\n<li>geometra<\/li>\n<\/ul>\n<\/li>\n<\/ul>\n<ul>\n<li style=\"list-style-type: none;\">\n<ul>\n<li>polizia stradale<\/li>\n<\/ul>\n<\/li>\n<\/ul>\n<ul>\n<li style=\"list-style-type: none;\">\n<ul>\n<li>sicurezza<\/li>\n<\/ul>\n<\/li>\n<\/ul>\n<ul>\n<li style=\"list-style-type: none;\">\n<ul>\n<li>foresta<\/li>\n<\/ul>\n<\/li>\n<\/ul>\n<ul>\n<li style=\"list-style-type: none;\">\n<ul>\n<li>ferrovia<\/li>\n<\/ul>\n<\/li>\n<\/ul>\n<h2><strong>Specifiche del gilet da corsa riflettente a buon mercato:<\/strong><\/h2>\n<table>\n<tbody>\n<tr>\n<td width=\"284\">Art No.<\/td>\n<td width=\"332\">SV04<\/td>\n<\/tr>\n<tr>\n<td width=\"284\">Materiale del tessuto<\/td>\n<td width=\"332\">100%Tessuto fluorescente per maglieria in poliestere<\/td>\n<\/tr>\n<tr>\n<td width=\"284\">Nastro riflettente<\/td>\n<td width=\"332\">Visibilit\u00e0 normale, alta visibilit\u00e0<\/td>\n<\/tr>\n<tr>\n<td width=\"284\">Materiale del nastro riflettente<\/td>\n<td width=\"332\">Nastro T\/C argento, 2 CM \"X\" e nastro riflettente normale sul retro \"-\".<\/td>\n<\/tr>\n<tr>\n<td width=\"284\">Peso del materiale<\/td>\n<td width=\"332\">50 G\/MQ<\/td>\n<\/tr>\n<tr>\n<td width=\"284\">Colore<\/td>\n<td width=\"332\">Giallo fluorescente, verde fluorescente, rosso arancio<\/td>\n<\/tr>\n<tr>\n<td width=\"284\">Top fly<\/td>\n<td width=\"332\">NO<\/td>\n<\/tr>\n<tr>\n<td width=\"284\">Standard di qualit\u00e0<\/td>\n<td width=\"332\">NO<\/td>\n<\/tr>\n<tr>\n<td width=\"284\">Logo<\/td>\n<td width=\"332\">\u00c8 disponibile la stampa del logo del cliente o l'etichetta con logo<\/td>\n<\/tr>\n<tr>\n<td width=\"284\">MOQ<\/td>\n<td width=\"332\">2000PCS<\/td>\n<\/tr>\n<tr>\n<td width=\"284\">Imballaggio<\/td>\n<td width=\"332\">1PC\/OPP, 200PC\/CTN, imballaggio speciale secondo il requisito del cliente<\/td>\n<\/tr>\n<\/tbody>\n<\/table>\n<p>TOPRISE supporta vari stili di personalizzazione dei giubbotti di sicurezza; fare clic su <a href=\"https:\/\/toprisesafety.com\/it\/categoria-prodotto\/road-safety-products\/warning-wear\/warning-vest-sun-shade\/\">vedere altri modelli di giubbotti di sicurezza.<\/a><\/p>\n<p>Se non trovate i giubbotti di sicurezza richiesti,<a href=\"https:\/\/toprisesafety.com\/it\/contact-us\/\"> contattateci;<\/a> supportiamo la personalizzazione speciale.<\/p>","protected":false},"excerpt":{"rendered":"<p>Codice articolo: SV04<\/p>\n<p>Materiale: 100%poliestere<\/p>\n<p>Dimensioni: S-XXXL<\/p>\n<p>Colore: giallo\/verde\/arancio-rosso fluorescente<\/p>\n<p>Stampa del logo: disponibile<\/p>\n<p>MOQ: 1000PCS<\/p>","protected":false},"featured_media":5906,"template":"","meta":{"_acf_changed":false},"product_brand":[],"product_cat":[325,341],"product_tag":[198,199],"class_list":{"0":"post-5905","1":"product","2":"type-product","3":"status-publish","4":"has-post-thumbnail","6":"product_cat-road-safety-products","7":"product_cat-warning-vest-sun-shade","8":"product_tag-cheap-reflective-running-vest","9":"product_tag-cheap-reflective-safety-vest","11":"first","12":"instock","13":"product-type-simple"},"acf":[],"_links":{"self":[{"href":"https:\/\/toprisesafety.com\/it\/wp-json\/wp\/v2\/product\/5905"}],"collection":[{"href":"https:\/\/toprisesafety.com\/it\/wp-json\/wp\/v2\/product"}],"about":[{"href":"https:\/\/toprisesafety.com\/it\/wp-json\/wp\/v2\/types\/product"}],"wp:featuredmedia":[{"embeddable":true,"href":"https:\/\/toprisesafety.com\/it\/wp-json\/wp\/v2\/media\/5906"}],"wp:attachment":[{"href":"https:\/\/toprisesafety.com\/it\/wp-json\/wp\/v2\/media?parent=5905"}],"wp:term":[{"taxonomy":"product_brand","embeddable":true,"href":"https:\/\/toprisesafety.com\/it\/wp-json\/wp\/v2\/product_brand?post=5905"},{"taxonomy":"product_cat","embeddable":true,"href":"https:\/\/toprisesafety.com\/it\/wp-json\/wp\/v2\/product_cat?post=5905"},{"taxonomy":"product_tag","embeddable":true,"href":"https:\/\/toprisesafety.com\/it\/wp-json\/wp\/v2\/product_tag?post=5905"}],"curies":[{"name":"wp","href":"https:\/\/api.w.org\/{rel}","templated":true}]}}