{"id":5903,"date":"2018-02-26T05:20:50","date_gmt":"2018-02-26T05:20:50","guid":{"rendered":"https:\/\/toprisesafety.com\/product\/police-safety-vest\/"},"modified":"2025-05-06T07:44:49","modified_gmt":"2025-05-06T07:44:49","slug":"police-safety-vest","status":"publish","type":"product","link":"https:\/\/toprisesafety.com\/it\/prodotto\/police-safety-vest\/","title":{"rendered":"Gilet di sicurezza della polizia"},"content":{"rendered":"<p><strong><span style=\"font-size: 140%;\">Gilet di sicurezza della polizia<\/span><\/strong><\/p>\n<ul>\n<li style=\"list-style-type: none;\">\n<ul>\n<li>Il gilet di sicurezza \u00e8 dotato di nastro riflettente e ha lo scopo di proteggere la sicurezza dei lavoratori edili, dei lavoratori minerari, dei lavoratori del settore petrolifero e del gas, dei lavoratori industriali, dei corridori, dei pedoni, dei veicoli non motorizzati, ecc. Le persone che indossano il gilet di sicurezza possono essere facilmente trovate perch\u00e9 il materiale del gilet \u00e8 fluorescente. E di notte, le persone che indossano il gilet di sicurezza possono essere facilmente viste perch\u00e9 il gilet con nastro riflettente sotto la luce sar\u00e0 luminoso. Il gilet di sicurezza \u00e8 quindi adatto alla visibilit\u00e0 diurna e notturna per proteggere la sicurezza delle persone.<\/li>\n<\/ul>\n<\/li>\n<\/ul>\n<ul>\n<li style=\"list-style-type: none;\">\n<ul>\n<li>Il materiale principale del gilet di sicurezza \u00e8 il tessuto a maglia o il tessuto a rete. Nastro riflettente ad alta visibilit\u00e0 Classe 2 di qualit\u00e0 standard, nastro riflettente normale e nastro riflettente di alta qualit\u00e0 3M, ecc.<\/li>\n<\/ul>\n<\/li>\n<\/ul>\n<ul>\n<li style=\"list-style-type: none;\">\n<ul>\n<li>Campo di applicazione: motociclismo, corsa, equitazione, equitazione all'aperto, passeggiate con il cane, costruzione, estrazione mineraria, geometra, polizia stradale, sicurezza, foresta, ferrovia ecc.<\/li>\n<\/ul>\n<\/li>\n<\/ul>\n<h2><strong>Specifiche del gilet di sicurezza della polizia<\/strong>:<\/h2>\n<table>\n<tbody>\n<tr>\n<td width=\"284\">Art No.<\/td>\n<td width=\"332\">SV05<\/td>\n<\/tr>\n<tr>\n<td width=\"284\">Materiale del tessuto<\/td>\n<td width=\"332\">100%essuto a rete in poliestere<\/td>\n<\/tr>\n<tr>\n<td width=\"284\">Nastro riflettente<\/td>\n<td width=\"332\">Alta visibilit\u00e0<\/td>\n<\/tr>\n<tr>\n<td width=\"284\">Materiale del nastro riflettente<\/td>\n<td width=\"332\">\u00a0Traliccio in PVC, nastro T\/C argento o nastro 3M a scelta<\/td>\n<\/tr>\n<tr>\n<td width=\"284\">Peso del materiale<\/td>\n<td width=\"332\">60G\/SQM, altro peso 70-120gG\/SQM per scelta<\/td>\n<\/tr>\n<tr>\n<td width=\"284\">Colore<\/td>\n<td width=\"332\">Giallo fluorescente, verde fluorescente, rosso arancio<\/td>\n<\/tr>\n<tr>\n<td width=\"284\">Top fly<\/td>\n<td width=\"332\">Velcro, cerniera a scelta<\/td>\n<\/tr>\n<tr>\n<td width=\"284\">Standard di qualit\u00e0<\/td>\n<td width=\"332\">CE EN471, CLASSE2<\/td>\n<\/tr>\n<tr>\n<td width=\"284\">Logo<\/td>\n<td width=\"332\">\u00c8 disponibile la stampa del logo del cliente o l'etichetta con logo<\/td>\n<\/tr>\n<tr>\n<td width=\"284\">MOQ<\/td>\n<td width=\"332\">1000 PEZZI<\/td>\n<\/tr>\n<tr>\n<td width=\"284\">Imballaggio<\/td>\n<td width=\"332\">1PC\/OPP, 100PC\/CTN, imballaggio speciale secondo il requisito del cliente<\/td>\n<\/tr>\n<\/tbody>\n<\/table>\n<p>TOPRISE supporta vari stili di personalizzazione dei giubbotti di sicurezza; fare clic su <a href=\"https:\/\/toprisesafety.com\/it\/categoria-prodotto\/road-safety-products\/warning-wear\/warning-vest-sun-shade\/\">vedere altri modelli di giubbotti di sicurezza.<\/a><\/p>\n<p>Se non trovate i giubbotti di sicurezza richiesti,<a href=\"https:\/\/toprisesafety.com\/it\/contact-us\/\"> contattateci;<\/a> supportiamo la personalizzazione speciale.<\/p>","protected":false},"excerpt":{"rendered":"<p>Codice articolo: SV05<\/p>\n<p>Materiale: 100%poliestere<\/p>\n<p>Dimensioni: S-XXXL<\/p>\n<p>Colore: giallo\/verde\/arancio-rosso fluorescente<\/p>\n<p>Stampa del logo: disponibile<\/p>\n<p>MOQ: 1000PCS<\/p>","protected":false},"featured_media":5904,"template":"","meta":{"_acf_changed":false},"product_brand":[],"product_cat":[325,341],"product_tag":[197],"class_list":{"0":"post-5903","1":"product","2":"type-product","3":"status-publish","4":"has-post-thumbnail","6":"product_cat-road-safety-products","7":"product_cat-warning-vest-sun-shade","8":"product_tag-police-safety-vest","10":"first","11":"instock","12":"product-type-simple"},"acf":[],"_links":{"self":[{"href":"https:\/\/toprisesafety.com\/it\/wp-json\/wp\/v2\/product\/5903"}],"collection":[{"href":"https:\/\/toprisesafety.com\/it\/wp-json\/wp\/v2\/product"}],"about":[{"href":"https:\/\/toprisesafety.com\/it\/wp-json\/wp\/v2\/types\/product"}],"wp:featuredmedia":[{"embeddable":true,"href":"https:\/\/toprisesafety.com\/it\/wp-json\/wp\/v2\/media\/5904"}],"wp:attachment":[{"href":"https:\/\/toprisesafety.com\/it\/wp-json\/wp\/v2\/media?parent=5903"}],"wp:term":[{"taxonomy":"product_brand","embeddable":true,"href":"https:\/\/toprisesafety.com\/it\/wp-json\/wp\/v2\/product_brand?post=5903"},{"taxonomy":"product_cat","embeddable":true,"href":"https:\/\/toprisesafety.com\/it\/wp-json\/wp\/v2\/product_cat?post=5903"},{"taxonomy":"product_tag","embeddable":true,"href":"https:\/\/toprisesafety.com\/it\/wp-json\/wp\/v2\/product_tag?post=5903"}],"curies":[{"name":"wp","href":"https:\/\/api.w.org\/{rel}","templated":true}]}}