{"id":5889,"date":"2018-02-26T06:31:29","date_gmt":"2018-02-26T06:31:29","guid":{"rendered":"https:\/\/toprisesafety.com\/product\/high-viz-polo-shirt-reflective-t-shirt\/"},"modified":"2025-05-06T08:05:21","modified_gmt":"2025-05-06T08:05:21","slug":"high-viz-polo-shirt-reflective-t-shirt","status":"publish","type":"product","link":"https:\/\/toprisesafety.com\/it\/prodotto\/high-viz-polo-shirt-reflective-t-shirt\/","title":{"rendered":"Maglietta polo high viz riflettente"},"content":{"rendered":"<p><strong><span style=\"font-size: 140%;\">Maglietta polo high viz riflettente <\/span><\/strong><\/p>\n<ul>\n<li style=\"list-style-type: none;\">\n<ul>\n<li>T-shirt riflettente che hanno nastro riflettente su di esso ed \u00e8 destinato a proteggere la sicurezza per i lavoratori edili, lavoratori minerari, oil &amp; gas lavoratori, lavoratori industriali, , corridori, pedoni, veicoli non motorizzati ecc. Le persone che lo indossano possono essere facilmente trovate a causa del materiale della maglietta \u00e8 fluorescente. E di notte, le persone che indossano la maglietta riflettente possono essere facilmente viste a causa del gilet con nastro riflettente sotto la luce sar\u00e0 luminoso riflettere. Quindi \u00e8 adatto per la visibilit\u00e0 diurna e notturna per proteggere la sicurezza delle persone.<\/li>\n<\/ul>\n<\/li>\n<\/ul>\n<ul>\n<li style=\"list-style-type: none;\">\n<ul>\n<li>Il materiale principale \u00e8 il tessuto a maglia. Hanno nastro riflettente ad alta visibilit\u00e0 e nastro riflettente normale e nastro riflettente di alta qualit\u00e0 3M ecc.<\/li>\n<\/ul>\n<\/li>\n<\/ul>\n<ul>\n<li style=\"list-style-type: none;\">\n<ul>\n<li>Campo di applicazione: motociclismo, corsa, equitazione, equitazione all'aperto, passeggiate con il cane, costruzione, estrazione mineraria, geometra, polizia stradale, sicurezza, foresta, ferrovia ecc.<\/li>\n<\/ul>\n<\/li>\n<\/ul>\n<h2><strong>Polo ad alta visibilit\u00e0 con caratteristiche riflettenti:<\/strong><\/h2>\n<table>\n<tbody>\n<tr>\n<td width=\"284\">Art No.<\/td>\n<td width=\"332\">RT02<\/td>\n<\/tr>\n<tr>\n<td width=\"284\">Materiale del tessuto<\/td>\n<td width=\"332\">100%poliestere, T\/C, 100%cotone<\/td>\n<\/tr>\n<tr>\n<td width=\"284\">Nastro riflettente<\/td>\n<td width=\"332\">Visibilit\u00e0 normale, alta visibilit\u00e0<\/td>\n<\/tr>\n<tr>\n<td width=\"284\">Materiale del nastro riflettente<\/td>\n<td width=\"332\">Nastro T\/C argento o nastro 3M<\/td>\n<\/tr>\n<tr>\n<td width=\"284\">Peso del materiale<\/td>\n<td width=\"332\">160G\/MQ-240G\/MQ<\/td>\n<\/tr>\n<tr>\n<td width=\"284\">Colore<\/td>\n<td width=\"332\">Giallo fluorescente, verde fluorescente, rosso arancio<\/td>\n<\/tr>\n<tr>\n<td width=\"284\">Collo<\/td>\n<td width=\"332\">Collare standard<\/td>\n<\/tr>\n<tr>\n<td width=\"284\">Logo<\/td>\n<td width=\"332\">La stampa di logo del cliente, il ricamo, o l'etichetta di logo \u00e8 disponibile<\/td>\n<\/tr>\n<tr>\n<td width=\"284\">MOQ<\/td>\n<td width=\"332\">1000 PEZZI<\/td>\n<\/tr>\n<tr>\n<td width=\"284\">Imballaggio<\/td>\n<td width=\"332\">1PC\/OPP, 50PC\/CTN, imballaggio speciale secondo il requisito del cliente<\/td>\n<\/tr>\n<\/tbody>\n<\/table>\n<p>TOPRISE supporta vari stili di giacche di sicurezza, magliette riflettenti e personalizzazione di felpe con cappuccio di sicurezza; fare clic su <a href=\"https:\/\/toprisesafety.com\/it\/categoria-prodotto\/road-safety-products\/warning-wear\/warning-jacket-t-shirt-hoodie\/\">vedere altri modelli di abbigliamento da lavoro di sicurezza.<\/a><\/p>\n<p>Se non trovate l'abbigliamento da lavoro di sicurezza richiesto, come giubbotti di sicurezza, magliette riflettenti, felpe con cappuccio, ecc, <a href=\"https:\/\/toprisesafety.com\/it\/contact-us\/\">contattateci;<\/a> supportiamo la personalizzazione speciale.<\/p>","protected":false},"excerpt":{"rendered":"<div class=\"product-short-description\">\n<p>Codice articolo: RT02<\/p>\n<p>Materiale: 100%poliestere, T\/C, 100%cotone<\/p>\n<p>Dimensioni: S-XXXL<\/p>\n<p>Colore: giallo\/verde\/arancio-rosso fluorescente<\/p>\n<p>Stampa del logo: disponibile<\/p>\n<p>MOQ: 1000PCS<\/p>\n<\/div>\n<p>&nbsp;<\/p>\n<div class=\"yith-ywraq-add-to-quote add-to-quote-953\"><\/div>","protected":false},"featured_media":5890,"template":"","meta":{"_acf_changed":false},"product_brand":[],"product_cat":[325,339,338],"product_tag":[189],"class_list":{"0":"post-5889","1":"product","2":"type-product","3":"status-publish","4":"has-post-thumbnail","6":"product_cat-road-safety-products","7":"product_cat-warning-jacket-t-shirt-hoodie","8":"product_cat-warning-wear","9":"product_tag-hi-viz-polo-shirt","11":"first","12":"instock","13":"product-type-simple"},"acf":[],"_links":{"self":[{"href":"https:\/\/toprisesafety.com\/it\/wp-json\/wp\/v2\/product\/5889","targetHints":{"allow":["GET"]}}],"collection":[{"href":"https:\/\/toprisesafety.com\/it\/wp-json\/wp\/v2\/product"}],"about":[{"href":"https:\/\/toprisesafety.com\/it\/wp-json\/wp\/v2\/types\/product"}],"wp:featuredmedia":[{"embeddable":true,"href":"https:\/\/toprisesafety.com\/it\/wp-json\/wp\/v2\/media\/5890"}],"wp:attachment":[{"href":"https:\/\/toprisesafety.com\/it\/wp-json\/wp\/v2\/media?parent=5889"}],"wp:term":[{"taxonomy":"product_brand","embeddable":true,"href":"https:\/\/toprisesafety.com\/it\/wp-json\/wp\/v2\/product_brand?post=5889"},{"taxonomy":"product_cat","embeddable":true,"href":"https:\/\/toprisesafety.com\/it\/wp-json\/wp\/v2\/product_cat?post=5889"},{"taxonomy":"product_tag","embeddable":true,"href":"https:\/\/toprisesafety.com\/it\/wp-json\/wp\/v2\/product_tag?post=5889"}],"curies":[{"name":"wp","href":"https:\/\/api.w.org\/{rel}","templated":true}]}}